{"id":767,"date":"2024-11-04T12:24:20","date_gmt":"2024-11-04T11:24:20","guid":{"rendered":"https:\/\/kresz.hu\/?page_id=767"},"modified":"2025-02-04T18:20:45","modified_gmt":"2025-02-04T17:20:45","slug":"palyazatok","status":"publish","type":"page","link":"https:\/\/kresz.hu\/en\/palyazatok\/","title":{"rendered":"Tenders"},"content":{"rendered":"<p><div class=\"fusion-fullwidth fullwidth-box fusion-builder-row-1 fusion-flex-container has-pattern-background has-mask-background nonhundred-percent-fullwidth non-hundred-percent-height-scrolling\" style=\"--awb-background-position:right center;--awb-border-radius-top-left:0px;--awb-border-radius-top-right:0px;--awb-border-radius-bottom-right:0px;--awb-border-radius-bottom-left:0px;--awb-padding-top:25px;--awb-padding-bottom:20px;--awb-margin-top:0px;--awb-margin-bottom:100px;--awb-margin-bottom-small:50px;--awb-background-color:var(--awb-color5);--awb-background-image:linear-gradient(90deg, var(--awb-color5) 0%,#057dad 100%);--awb-background-size:cover;--awb-flex-wrap:wrap;--awb-box-shadow: 5px 10px 10px rgba(0,0,0,0.04);\" ><div class=\"fusion-builder-row fusion-row fusion-flex-align-items-flex-start fusion-flex-content-wrap\" style=\"max-width:1352px;margin-left: calc(-4% \/ 2 );margin-right: calc(-4% \/ 2 );\"><div class=\"fusion-layout-column fusion_builder_column fusion-builder-column-0 fusion_builder_column_1_1 1_1 fusion-flex-column\" style=\"--awb-padding-top:0px;--awb-padding-right:0px;--awb-padding-bottom:0px;--awb-padding-left:0px;--awb-bg-size:cover;--awb-width-large:100%;--awb-margin-top-large:0px;--awb-spacing-right-large:1.92%;--awb-margin-bottom-large:0px;--awb-spacing-left-large:1.92%;--awb-width-medium:100%;--awb-order-medium:0;--awb-spacing-right-medium:1.92%;--awb-spacing-left-medium:1.92%;--awb-width-small:100%;--awb-order-small:0;--awb-spacing-right-small:1.92%;--awb-spacing-left-small:1.92%;\" data-scroll-devices=\"small-visibility,medium-visibility,large-visibility\"><div class=\"fusion-column-wrapper fusion-column-has-shadow fusion-flex-justify-content-flex-start fusion-content-layout-column\"><div class=\"fusion-title title fusion-title-1 fusion-sep-none fusion-title-text fusion-title-size-one\" style=\"--awb-text-color:var(--awb-color1);\"><h1 class=\"fusion-title-heading title-heading-left sm-text-align-center fusion-responsive-typography-calculated\" style=\"margin:0;--fontSize:50;line-height:var(--awb-typography1-line-height);\">Tenders<\/h1><\/div><\/div><\/div><\/div><\/div><div class=\"fusion-fullwidth fullwidth-box fusion-builder-row-2 fusion-flex-container has-pattern-background has-mask-background nonhundred-percent-fullwidth non-hundred-percent-height-scrolling\" style=\"--awb-border-radius-top-left:0px;--awb-border-radius-top-right:0px;--awb-border-radius-bottom-right:0px;--awb-border-radius-bottom-left:0px;--awb-padding-bottom-small:0px;--awb-margin-bottom-small:0px;--awb-flex-wrap:wrap;\" ><div class=\"fusion-builder-row fusion-row fusion-flex-align-items-flex-start fusion-flex-content-wrap\" style=\"max-width:1352px;margin-left: calc(-4% \/ 2 );margin-right: calc(-4% \/ 2 );\"><div class=\"fusion-layout-column fusion_builder_column fusion-builder-column-1 fusion_builder_column_3_4 3_4 fusion-flex-column fusion-animated\" style=\"--awb-padding-right:20px;--awb-padding-right-small:0px;--awb-bg-size:cover;--awb-width-large:75%;--awb-margin-top-large:0px;--awb-spacing-right-large:2.56%;--awb-margin-bottom-large:20px;--awb-spacing-left-large:2.56%;--awb-width-medium:75%;--awb-order-medium:0;--awb-spacing-right-medium:2.56%;--awb-spacing-left-medium:2.56%;--awb-width-small:100%;--awb-order-small:1;--awb-spacing-right-small:1.92%;--awb-margin-bottom-small:0px;--awb-spacing-left-small:1.92%;\" data-animationtype=\"fadeInLeft\" data-animationduration=\"0.5\" data-animationoffset=\"top-into-view\" data-scroll-devices=\"small-visibility,medium-visibility,large-visibility\"><div class=\"fusion-column-wrapper fusion-column-has-shadow fusion-flex-justify-content-flex-start fusion-content-layout-column\"><div class=\"fusion-title title fusion-title-2 fusion-sep-none fusion-title-text fusion-title-size-three\" style=\"--awb-margin-top:0px;\"><h3 class=\"fusion-title-heading title-heading-left sm-text-align-center fusion-responsive-typography-calculated\" style=\"margin:0;--fontSize:30;line-height:var(--awb-typography1-line-height);\">GINOP-1.3.3-16-2016-00001<\/h3><\/div><div class=\"fusion-separator fusion-full-width-sep\" style=\"align-self: center;margin-left: auto;margin-right: auto;margin-top:10px;margin-bottom:10px;width:100%;\"><\/div><div class=\"fusion-text fusion-text-1 sm-text-align-center\"><p><strong>Kedvezm\u00e9nyezett neve:<\/strong> Konzorciumvezet\u0151: SAMSONITE-HUNG\u00c1RIA Kft.<br \/>\n<strong>Konzorcium tagjai:<\/strong> PLASTICOR Kft., Kresz &amp; Fiedler Kft., TERMOPLAST Kkt., S\u00e1rr\u00e9t-Plast Zrt.<\/p>\n<p><strong>Projekt c\u00edme:<\/strong> Kem\u00e9nyfedeles b\u0151r\u00f6nd, fr\u00f6ccs\u00f6nt\u00f6tt b\u0151r\u00f6nd alkatr\u00e9szgy\u00e1rt\u00f3 kapacit\u00e1sok b\u0151v\u00edt\u00e9se, besz\u00e1ll\u00edt\u00f3i k\u00e9szs\u00e9gek, versenyk\u00e9pess\u00e9g fejleszt\u00e9se, \u00faj hazai kkv besz\u00e1ll\u00edt\u00f3k integr\u00e1ci\u00f3ba von\u00e1sa a Samsonite\u2013Kresz&amp;Fiedler\u2013TERMOPLAST\u2013PLASTICOR\u2013S\u00e1rr\u00e9t-Plast konzorciumn\u00e1l<\/p>\n<p><strong>T\u00e1mogat\u00e1s \u00f6sszege:<\/strong> 811 488 855 Ft<br \/>\n<strong>T\u00e1mogat\u00e1s m\u00e9rt\u00e9ke:<\/strong> 46,23 %<br \/>\n<strong>Tervezett befejez\u00e9s d\u00e1tuma:<\/strong> 2018. december 16.<br \/>\n<strong>Projekt azonos\u00edt\u00f3 sz\u00e1ma:<\/strong> GINOP-1.3.3-16-2016-00001<\/p>\n<p><strong>A projekt tartalm\u00e1nak bemutat\u00e1sa:<\/strong><\/p>\n<p>Jelen fejleszt\u00e9si projektet a magyarorsz\u00e1gi Samsonite dinamikus piaci n\u00f6veked\u00e9s\u00e9b\u0151l levezethet\u0151 termel\u00e9s\u00e9nek \u2013 5 \u00e9v alatt megn\u00e9gyszerez\u0151d\u0151 \u2013 b\u0151v\u00fcl\u00e9se alapozza meg. A meredeken felfut\u00f3 termel\u00e9s egyre fokoz\u00f3d\u00f3 ig\u00e9nyt t\u00e1maszt stabil \u00e9s versenyk\u00e9pes helyi besz\u00e1ll\u00edt\u00f3i h\u00e1tt\u00e9r ki\u00e9p\u00edt\u00e9s\u00e9re, ami egybev\u00e1g a Samsonite csoport strat\u00e9giai c\u00e9lkit\u0171z\u00e9s\u00e9vel is, miszerint az \u00e1rban ugyan versenyk\u00e9pes, de kev\u00e9sb\u00e9 rugalmas t\u00e1vol keleti besz\u00e1ll\u00edt\u00f3k kiv\u00e1lt\u00e1sa k\u00edv\u00e1natos a gy\u00e1rt\u00f3 b\u00e1zisokhoz k\u00f6zelebb fekv\u0151 rugalmas reag\u00e1l\u00e1sra k\u00e9pes, helyi besz\u00e1ll\u00edt\u00f3kra. A magyarorsz\u00e1gi kkv besz\u00e1ll\u00edt\u00f3k ennek a folyamatnak fontos haszon\u00e9lvez\u0151i lehetnek, amennyiben felk\u00e9sz\u00fcltnek bizonyulnak k\u00e9t tekintetben. A besz\u00e1ll\u00edt\u00f3k egyr\u00e9szt olyan termel\u00e9si kapacit\u00e1ssal, korszer\u0171, a Samsonite termel\u00e9s\u00e9hez illeszked\u0151 technol\u00f3gi\u00e1val, m\u00e1sr\u00e9szt szervezeti \u00e9s m\u0171k\u00f6d\u00e9si keretrendszerrel rendelkezzenek, melyekkel a Samsonite versenyk\u00e9pes \u00e9s innovat\u00edv besz\u00e1ll\u00edt\u00f3iv\u00e1 v\u00e1lhatnak. A projekt ezen k\u00e9t c\u00e9lkit\u0171z\u00e9s ment\u00e9n megval\u00f3sul\u00f3 fejleszt\u00e9sekre ir\u00e1nyul.<\/p>\n<p>A Samsonite \u00faj, innovat\u00edv technol\u00f3gia bevezet\u00e9s\u00e9t jelent\u0151 term\u00e9kpaletta b\u0151v\u00edt\u0151 beruh\u00e1z\u00e1sa mellett mind a n\u00e9gy besz\u00e1ll\u00edt\u00f3 jelent\u0151sen n\u00f6veli fr\u00f6ccs\u00f6nt\u0151 kapacit\u00e1sait modern eszk\u00f6z\u00f6k beszerz\u00e9s\u00e9vel, k\u00e9t besz\u00e1ll\u00edt\u00f3 pedig jelent\u0151s \u00e9p\u00fclet beruh\u00e1z\u00e1st is megval\u00f3s\u00edt. A beruh\u00e1z\u00e1sokhoz kapcsol\u00f3d\u00f3 informatikai, szoftver \u00e9s hardver fejleszt\u00e9sek minden konzorciumi tag fejleszt\u00e9s\u00e9nek r\u00e9sz\u00e9t k\u00e9pezik. Ezzel hasonl\u00f3 jelent\u0151s\u00e9g\u0171 ter\u00fclet a besz\u00e1ll\u00edt\u00f3 kkv-k fejleszt\u00e9se, melynek \u00e9rdek\u00e9ben a Samsonite ingyenes tan\u00e1csad\u00e1ssal \u00e9s szervezetfejleszt\u00e9ssel seg\u00edti besz\u00e1ll\u00edt\u00f3it, valamint tan\u00e1csad\u00f3, k\u00e9pz\u0151, szervezetfejleszt\u0151 szervezeteket aj\u00e1nl sz\u00e1mukra, illetve seg\u00edt meghat\u00e1rozni a fejleszt\u00e9sek ir\u00e1nyait, monitorozni a fejleszt\u00e9st.<\/p>\n<\/div><div class=\"fusion-separator fusion-full-width-sep\" style=\"align-self: center;margin-left: auto;margin-right: auto;margin-top:10px;margin-bottom:10px;width:100%;\"><\/div><div class=\"fusion-title title fusion-title-3 fusion-sep-none fusion-title-text fusion-title-size-three\"><h3 class=\"fusion-title-heading title-heading-left sm-text-align-center fusion-responsive-typography-calculated\" style=\"margin:0;--fontSize:30;line-height:var(--awb-typography1-line-height);\">GINOP-1.2.1-15-2015-00492<\/h3><\/div><div class=\"fusion-separator fusion-full-width-sep\" style=\"align-self: center;margin-left: auto;margin-right: auto;margin-top:10px;margin-bottom:10px;width:100%;\"><\/div><div class=\"fusion-image-element\" style=\"--awb-caption-title-font-family:var(--h2_typography-font-family);--awb-caption-title-font-weight:var(--h2_typography-font-weight);--awb-caption-title-font-style:var(--h2_typography-font-style);--awb-caption-title-size:var(--h2_typography-font-size);--awb-caption-title-transform:var(--h2_typography-text-transform);--awb-caption-title-line-height:var(--h2_typography-line-height);--awb-caption-title-letter-spacing:var(--h2_typography-letter-spacing);\"><span class=\"fusion-imageframe imageframe-none imageframe-1 hover-type-none\"><img decoding=\"async\" width=\"635\" height=\"915\" title=\"GINOP-1.2.1-15-2015-00492\" src=\"https:\/\/kresz.hu\/wp-content\/uploads\/2024\/11\/GINOP-1.2.1-15-2015-00492.jpg\" alt class=\"img-responsive wp-image-769\"\/><\/span><\/div><div class=\"fusion-separator fusion-full-width-sep\" style=\"align-self: center;margin-left: auto;margin-right: auto;margin-top:10px;margin-bottom:10px;width:100%;\"><\/div><div class=\"fusion-title title fusion-title-4 fusion-sep-none fusion-title-text fusion-title-size-three\"><h3 class=\"fusion-title-heading title-heading-left sm-text-align-center fusion-responsive-typography-calculated\" style=\"margin:0;--fontSize:30;line-height:var(--awb-typography1-line-height);\">GINOP_PLUSZ-1.2.1-21-2021-00802<\/h3><\/div><div class=\"fusion-separator fusion-full-width-sep\" style=\"align-self: center;margin-left: auto;margin-right: auto;margin-top:10px;margin-bottom:10px;width:100%;\"><\/div><div class=\"fusion-image-element\" style=\"--awb-max-width:700px;--awb-caption-title-font-family:var(--h2_typography-font-family);--awb-caption-title-font-weight:var(--h2_typography-font-weight);--awb-caption-title-font-style:var(--h2_typography-font-style);--awb-caption-title-size:var(--h2_typography-font-size);--awb-caption-title-transform:var(--h2_typography-text-transform);--awb-caption-title-line-height:var(--h2_typography-line-height);--awb-caption-title-letter-spacing:var(--h2_typography-letter-spacing);\"><span class=\"fusion-imageframe imageframe-none imageframe-2 hover-type-none\"><img decoding=\"async\" width=\"1250\" height=\"1847\" title=\"Kresz Ginop Plusz p\u00e1ly\u00e1zat\" src=\"https:\/\/kresz.hu\/wp-content\/uploads\/2025\/02\/Kresz-Ginop-Plusz-palyazat.png\" alt class=\"img-responsive wp-image-899\" srcset=\"https:\/\/kresz.hu\/wp-content\/uploads\/2025\/02\/Kresz-Ginop-Plusz-palyazat-200x296.png 200w, https:\/\/kresz.hu\/wp-content\/uploads\/2025\/02\/Kresz-Ginop-Plusz-palyazat-400x591.png 400w, https:\/\/kresz.hu\/wp-content\/uploads\/2025\/02\/Kresz-Ginop-Plusz-palyazat-600x887.png 600w, https:\/\/kresz.hu\/wp-content\/uploads\/2025\/02\/Kresz-Ginop-Plusz-palyazat-800x1182.png 800w, https:\/\/kresz.hu\/wp-content\/uploads\/2025\/02\/Kresz-Ginop-Plusz-palyazat-1200x1773.png 1200w, https:\/\/kresz.hu\/wp-content\/uploads\/2025\/02\/Kresz-Ginop-Plusz-palyazat.png 1250w\" sizes=\"(max-width: 800px) 100vw, 1200px\" \/><\/span><\/div><\/div><\/div><div class=\"fusion-layout-column fusion_builder_column fusion-builder-column-2 fusion_builder_column_1_4 1_4 fusion-flex-column fusion-no-small-visibility fusion-animated\" style=\"--awb-padding-right-small:0px;--awb-bg-size:cover;--awb-width-large:25%;--awb-margin-top-large:0px;--awb-spacing-right-large:7.68%;--awb-margin-bottom-large:20px;--awb-spacing-left-large:7.68%;--awb-width-medium:25%;--awb-order-medium:0;--awb-spacing-right-medium:7.68%;--awb-spacing-left-medium:7.68%;--awb-width-small:100%;--awb-order-small:2;--awb-spacing-right-small:1.92%;--awb-margin-bottom-small:30px;--awb-spacing-left-small:1.92%;\" data-animationtype=\"fadeInRight\" data-animationduration=\"0.5\" data-animationoffset=\"top-into-view\" data-scroll-devices=\"small-visibility,medium-visibility,large-visibility\"><div class=\"fusion-column-wrapper fusion-column-has-shadow fusion-flex-justify-content-flex-start fusion-content-layout-column\"><div class=\"fusion-image-element\" style=\"--awb-caption-title-font-family:var(--h2_typography-font-family);--awb-caption-title-font-weight:var(--h2_typography-font-weight);--awb-caption-title-font-style:var(--h2_typography-font-style);--awb-caption-title-size:var(--h2_typography-font-size);--awb-caption-title-transform:var(--h2_typography-text-transform);--awb-caption-title-line-height:var(--h2_typography-line-height);--awb-caption-title-letter-spacing:var(--h2_typography-letter-spacing);\"><span class=\"fusion-imageframe imageframe-none imageframe-3 hover-type-none fusion-animated\" data-animationtype=\"fadeInLeft\" data-animationduration=\"1.5\" data-animationoffset=\"top-into-view\"><img decoding=\"async\" width=\"209\" height=\"55\" title=\"Kresz logo\" src=\"https:\/\/kresz.hu\/wp-content\/uploads\/2024\/10\/Kresz-logo.png\" alt class=\"img-responsive wp-image-34\" srcset=\"https:\/\/kresz.hu\/wp-content\/uploads\/2024\/10\/Kresz-logo-200x53.png 200w, https:\/\/kresz.hu\/wp-content\/uploads\/2024\/10\/Kresz-logo.png 209w\" sizes=\"(max-width: 800px) 100vw, 209px\" \/><\/span><\/div><div class=\"fusion-text fusion-text-2 fusion-text-no-margin\" style=\"--awb-margin-top:30px;--awb-margin-bottom:30px;\"><p class=\"translation-block\">35 years at the forefront of injection molding and toolmaking!<\/p>\n<\/div><div class=\"fusion-content-boxes content-boxes columns row fusion-columns-1 fusion-columns-total-3 fusion-content-boxes-1 content-boxes-icon-with-title content-left\" style=\"--awb-title-color:var(--awb-color8);--awb-iconcolor:var(--awb-color1);--awb-item-margin-top:0px;--awb-item-margin-bottom:0px;--awb-margin-bottom:35px;--awb-hover-accent-color:var(--awb-color4);--awb-circle-hover-accent-color:var(--awb-color4);\" data-animationoffset=\"top-into-view\"><div style=\"--awb-backgroundcolor:rgba(255,255,255,0);--awb-iconcolor:var(--awb-color1);\" class=\"fusion-column content-box-column content-box-column content-box-column-1 col-lg-12 col-md-12 col-sm-12 fusion-content-box-hover content-box-column-last-in-row\"><div class=\"col content-box-wrapper content-wrapper link-area-link-icon icon-hover-animation-fade\" data-animationoffset=\"top-into-view\"><div class=\"heading heading-with-icon icon-left\"><div class=\"icon\"><i style=\"border-color:var(--awb-color5);border-width:1px;background-color:var(--awb-color5);box-sizing:content-box;height:40px;width:40px;line-height:40px;border-radius:50%;font-size:20px;\" aria-hidden=\"true\" class=\"fontawesome-icon fa-map-marked-alt fas circle-yes\"><\/i><\/div><p class=\"content-box-heading fusion-responsive-typography-calculated\" style=\"--body_typography-font-size:16px;--fontSize:16;line-height:1.5;\">7720 P\u00e9csv\u00e1rad,<br \/>\nP\u00e9csi \u00fat 1\/1.<\/p><\/div><\/div><\/div><div style=\"--awb-backgroundcolor:rgba(255,255,255,0);--awb-iconcolor:var(--awb-color1);\" class=\"fusion-column content-box-column content-box-column content-box-column-2 col-lg-12 col-md-12 col-sm-12 fusion-content-box-hover content-box-column-last-in-row\"><div class=\"col content-box-wrapper content-wrapper link-area-link-icon icon-hover-animation-fade\" data-animationoffset=\"top-into-view\"><div class=\"heading heading-with-icon icon-left\"><div class=\"icon\"><i style=\"border-color:var(--awb-color5);border-width:1px;background-color:var(--awb-color5);box-sizing:content-box;height:40px;width:40px;line-height:40px;border-radius:50%;font-size:20px;\" aria-hidden=\"true\" class=\"fontawesome-icon fa-envelope fas circle-yes\"><\/i><\/div><p class=\"content-box-heading fusion-responsive-typography-calculated\" style=\"--body_typography-font-size:16px;--fontSize:16;line-height:1.5;\">mail@kresz.hu<\/p><\/div><\/div><\/div><div style=\"--awb-backgroundcolor:rgba(255,255,255,0);--awb-iconcolor:var(--awb-color1);\" class=\"fusion-column content-box-column content-box-column content-box-column-3 col-lg-12 col-md-12 col-sm-12 fusion-content-box-hover content-box-column-last content-box-column-last-in-row\"><div class=\"col content-box-wrapper content-wrapper link-area-link-icon icon-hover-animation-fade\" data-animationoffset=\"top-into-view\"><div class=\"heading heading-with-icon icon-left\"><div class=\"icon\"><i style=\"border-color:var(--awb-color5);border-width:1px;background-color:var(--awb-color5);box-sizing:content-box;height:40px;width:40px;line-height:40px;border-radius:50%;font-size:20px;\" aria-hidden=\"true\" class=\"fontawesome-icon fa-phone-alt fas circle-yes\"><\/i><\/div><p class=\"content-box-heading fusion-responsive-typography-calculated\" style=\"--body_typography-font-size:16px;--fontSize:16;line-height:1.5;\">+0672 566 730<\/p><\/div><\/div><\/div><div class=\"fusion-clearfix\"><\/div><\/div><a class=\"fusion-modal-text-link\" href=\"#\"><iframe style=\"border: 0;\" src=\"https:\/\/www.google.com\/maps\/embed?pb=!1m18!1m12!1m3!1d2763.741343198!2d18.41215919109247!3d46.155896512499!2m3!1f0!2f0!3f0!3m2!1i1024!2i768!4f13.1!3m3!1m2!1s0x4742b8ef156718fd%3A0x452b0293ee38c63f!2sKresz%20%C3%A9s%20Fiedler!5e0!3m2!1shu!2shu!4v1730132185499!5m2!1shu!2shu\" width=\"100%\" height=\"400\" allowfullscreen=\"allowfullscreen\" data-mce-fragment=\"1\"><\/iframe><\/a><\/div><\/div>\n<div class=\"fusion-layout-column fusion_builder_column fusion-builder-column-3 fusion_builder_column_1_1 1_1 fusion-flex-column\" style=\"--awb-bg-size:cover;--awb-width-large:100%;--awb-margin-top-large:0px;--awb-spacing-right-large:1.92%;--awb-margin-bottom-large:0px;--awb-spacing-left-large:1.92%;--awb-width-medium:100%;--awb-order-medium:0;--awb-spacing-right-medium:1.92%;--awb-spacing-left-medium:1.92%;--awb-width-small:100%;--awb-order-small:2;--awb-margin-top-small:0px;--awb-spacing-right-small:1.92%;--awb-margin-bottom-small:0px;--awb-spacing-left-small:1.92%;\" data-scroll-devices=\"small-visibility,medium-visibility,large-visibility\"><div class=\"fusion-column-wrapper fusion-column-has-shadow fusion-flex-justify-content-flex-start fusion-content-layout-column\"><div class=\"fusion-separator fusion-full-width-sep\" style=\"align-self: center;margin-left: auto;margin-right: auto;margin-top:40px;width:100%;\"><div class=\"fusion-separator-border sep-single sep-solid\" style=\"--awb-height:20px;--awb-amount:20px;--awb-sep-color:var(--awb-color2);border-color:var(--awb-color2);border-top-width:1px;\"><\/div><\/div><\/div><\/div><\/div><\/div><\/p>","protected":false},"excerpt":{"rendered":"","protected":false},"author":2,"featured_media":0,"parent":0,"menu_order":0,"comment_status":"closed","ping_status":"closed","template":"100-width.php","meta":{"footnotes":""},"class_list":["post-767","page","type-page","status-publish","hentry"],"_links":{"self":[{"href":"https:\/\/kresz.hu\/en\/wp-json\/wp\/v2\/pages\/767","targetHints":{"allow":["GET"]}}],"collection":[{"href":"https:\/\/kresz.hu\/en\/wp-json\/wp\/v2\/pages"}],"about":[{"href":"https:\/\/kresz.hu\/en\/wp-json\/wp\/v2\/types\/page"}],"author":[{"embeddable":true,"href":"https:\/\/kresz.hu\/en\/wp-json\/wp\/v2\/users\/2"}],"replies":[{"embeddable":true,"href":"https:\/\/kresz.hu\/en\/wp-json\/wp\/v2\/comments?post=767"}],"version-history":[{"count":5,"href":"https:\/\/kresz.hu\/en\/wp-json\/wp\/v2\/pages\/767\/revisions"}],"predecessor-version":[{"id":771,"href":"https:\/\/kresz.hu\/en\/wp-json\/wp\/v2\/pages\/767\/revisions\/771"}],"wp:attachment":[{"href":"https:\/\/kresz.hu\/en\/wp-json\/wp\/v2\/media?parent=767"}],"curies":[{"name":"wp","href":"https:\/\/api.w.org\/{rel}","templated":true}]}}