{"id":756,"date":"2024-11-04T12:15:19","date_gmt":"2024-11-04T11:15:19","guid":{"rendered":"https:\/\/kresz.hu\/?page_id=756"},"modified":"2025-06-10T09:28:19","modified_gmt":"2025-06-10T07:28:19","slug":"egyeb-informaciok","status":"publish","type":"page","link":"https:\/\/kresz.hu\/en\/egyeb-informaciok\/","title":{"rendered":"Additional Information:"},"content":{"rendered":"<p><div class=\"fusion-fullwidth fullwidth-box fusion-builder-row-1 fusion-flex-container has-pattern-background has-mask-background nonhundred-percent-fullwidth non-hundred-percent-height-scrolling\" style=\"--awb-background-position:right center;--awb-border-radius-top-left:0px;--awb-border-radius-top-right:0px;--awb-border-radius-bottom-right:0px;--awb-border-radius-bottom-left:0px;--awb-padding-top:25px;--awb-padding-bottom:20px;--awb-margin-top:0px;--awb-margin-bottom:100px;--awb-margin-bottom-small:50px;--awb-background-color:var(--awb-color5);--awb-background-image:linear-gradient(90deg, var(--awb-color5) 0%,#057dad 100%);--awb-background-size:cover;--awb-flex-wrap:wrap;--awb-box-shadow: 5px 10px 10px rgba(0,0,0,0.04);\" ><div class=\"fusion-builder-row fusion-row fusion-flex-align-items-flex-start fusion-flex-content-wrap\" style=\"max-width:1352px;margin-left: calc(-4% \/ 2 );margin-right: calc(-4% \/ 2 );\"><div class=\"fusion-layout-column fusion_builder_column fusion-builder-column-0 fusion_builder_column_1_1 1_1 fusion-flex-column\" style=\"--awb-padding-top:0px;--awb-padding-right:0px;--awb-padding-bottom:0px;--awb-padding-left:0px;--awb-bg-size:cover;--awb-width-large:100%;--awb-margin-top-large:0px;--awb-spacing-right-large:1.92%;--awb-margin-bottom-large:0px;--awb-spacing-left-large:1.92%;--awb-width-medium:100%;--awb-order-medium:0;--awb-spacing-right-medium:1.92%;--awb-spacing-left-medium:1.92%;--awb-width-small:100%;--awb-order-small:0;--awb-spacing-right-small:1.92%;--awb-spacing-left-small:1.92%;\" data-scroll-devices=\"small-visibility,medium-visibility,large-visibility\"><div class=\"fusion-column-wrapper fusion-column-has-shadow fusion-flex-justify-content-flex-start fusion-content-layout-column\"><div class=\"fusion-title title fusion-title-1 fusion-sep-none fusion-title-text fusion-title-size-one\" style=\"--awb-text-color:var(--awb-color1);\"><h1 class=\"fusion-title-heading title-heading-left sm-text-align-center fusion-responsive-typography-calculated\" style=\"margin:0;--fontSize:50;line-height:var(--awb-typography1-line-height);\">Additional Information:<\/h1><\/div><\/div><\/div><\/div><\/div><div class=\"fusion-fullwidth fullwidth-box fusion-builder-row-2 fusion-flex-container has-pattern-background has-mask-background nonhundred-percent-fullwidth non-hundred-percent-height-scrolling\" style=\"--awb-border-radius-top-left:0px;--awb-border-radius-top-right:0px;--awb-border-radius-bottom-right:0px;--awb-border-radius-bottom-left:0px;--awb-padding-bottom-small:0px;--awb-margin-bottom-small:0px;--awb-flex-wrap:wrap;\" ><div class=\"fusion-builder-row fusion-row fusion-flex-align-items-flex-start fusion-flex-content-wrap\" style=\"max-width:1352px;margin-left: calc(-4% \/ 2 );margin-right: calc(-4% \/ 2 );\"><div class=\"fusion-layout-column fusion_builder_column fusion-builder-column-1 fusion_builder_column_3_4 3_4 fusion-flex-column\" style=\"--awb-padding-right:20px;--awb-padding-right-small:0px;--awb-bg-size:cover;--awb-width-large:75%;--awb-margin-top-large:0px;--awb-spacing-right-large:2.56%;--awb-margin-bottom-large:20px;--awb-spacing-left-large:2.56%;--awb-width-medium:75%;--awb-order-medium:0;--awb-spacing-right-medium:2.56%;--awb-spacing-left-medium:2.56%;--awb-width-small:100%;--awb-order-small:1;--awb-spacing-right-small:1.92%;--awb-margin-bottom-small:0px;--awb-spacing-left-small:1.92%;\" data-scroll-devices=\"small-visibility,medium-visibility,large-visibility\"><div class=\"fusion-column-wrapper fusion-column-has-shadow fusion-flex-justify-content-flex-start fusion-content-layout-column\"><div class=\"fusion-title title fusion-title-2 fusion-sep-none fusion-title-text fusion-title-size-three\" style=\"--awb-margin-top:0px;\"><h3 class=\"fusion-title-heading title-heading-left sm-text-align-center fusion-responsive-typography-calculated\" style=\"margin:0;--fontSize:30;line-height:var(--awb-typography1-line-height);\">Online vissza\u00e9l\u00e9s-bejelent\u00e9si rendszer<\/h3><\/div><div class=\"fusion-separator fusion-full-width-sep\" style=\"align-self: center;margin-left: auto;margin-right: auto;margin-top:10px;margin-bottom:10px;width:100%;\"><\/div><div class=\"fusion-text fusion-text-1 sm-text-align-center\"><p>Az egyedi bejelent\u0151 link a k\u00f6vetkez\u0151 URL-en vagy QR k\u00f3don kerszt\u00fcl \u00e9rhet\u0151 el:<br \/>\n<a href=\"https:\/\/partner.trustlinehungary.hu\/kresz-&amp;-fiedler-kft\" target=\"_blank\" rel=\"noopener\">https:\/\/partner.trustlinehungary.hu\/kresz-&amp;-fiedler-kft<\/a><\/p>\n<\/div><div class=\"fusion-image-element sm-text-align-center\" style=\"--awb-max-width:150px;--awb-caption-title-font-family:var(--h2_typography-font-family);--awb-caption-title-font-weight:var(--h2_typography-font-weight);--awb-caption-title-font-style:var(--h2_typography-font-style);--awb-caption-title-size:var(--h2_typography-font-size);--awb-caption-title-transform:var(--h2_typography-text-transform);--awb-caption-title-line-height:var(--h2_typography-line-height);--awb-caption-title-letter-spacing:var(--h2_typography-letter-spacing);\"><span class=\"fusion-imageframe imageframe-none imageframe-1 hover-type-none\"><img decoding=\"async\" width=\"200\" height=\"200\" title=\"Online vissza\u00e9l\u00e9s-bejelent\u00e9si rendszer\" src=\"https:\/\/kresz.hu\/wp-content\/uploads\/2024\/11\/Online-visszaeles-bejelentesi-rendszer.png\" alt class=\"img-responsive wp-image-759\" srcset=\"https:\/\/kresz.hu\/wp-content\/uploads\/2024\/11\/Online-visszaeles-bejelentesi-rendszer-66x66.png 66w, https:\/\/kresz.hu\/wp-content\/uploads\/2024\/11\/Online-visszaeles-bejelentesi-rendszer.png 200w\" sizes=\"(max-width: 200px) 100vw, 200px\" \/><\/span><\/div><div class=\"fusion-separator fusion-full-width-sep\" style=\"align-self: center;margin-left: auto;margin-right: auto;margin-top:45px;margin-bottom:45px;width:100%;\"><div class=\"fusion-separator-border sep-single sep-solid\" style=\"--awb-height:20px;--awb-amount:20px;border-color:var(--awb-color3);border-top-width:1px;\"><\/div><\/div><div class=\"fusion-title title fusion-title-3 fusion-sep-none fusion-title-text fusion-title-size-three\" style=\"--awb-margin-top:0px;\"><h3 class=\"fusion-title-heading title-heading-left sm-text-align-center fusion-responsive-typography-calculated\" style=\"margin:0;--fontSize:30;line-height:var(--awb-typography1-line-height);\">Tenders<\/h3><\/div><div class=\"fusion-separator fusion-full-width-sep\" style=\"align-self: center;margin-left: auto;margin-right: auto;margin-top:10px;margin-bottom:10px;width:100%;\"><\/div><div class=\"fusion-text fusion-text-2 sm-text-align-center fusion-text-no-margin\" style=\"--awb-margin-bottom:0px;\"><p><strong>GINOP-1.2.1-15-2015-00492:<\/strong><\/p>\n<\/div><div class=\"fusion-image-element\" style=\"--awb-caption-title-font-family:var(--h2_typography-font-family);--awb-caption-title-font-weight:var(--h2_typography-font-weight);--awb-caption-title-font-style:var(--h2_typography-font-style);--awb-caption-title-size:var(--h2_typography-font-size);--awb-caption-title-transform:var(--h2_typography-text-transform);--awb-caption-title-line-height:var(--h2_typography-line-height);--awb-caption-title-letter-spacing:var(--h2_typography-letter-spacing);\"><span class=\"fusion-imageframe imageframe-none imageframe-2 hover-type-none\"><a class=\"fusion-no-lightbox\" href=\"https:\/\/kresz.hu\/en\/palyazatok\/\" target=\"_self\" aria-label=\"P\u00e1ly\u00e1zat infoblokk\"><img decoding=\"async\" width=\"523\" height=\"102\" src=\"https:\/\/kresz.hu\/wp-content\/uploads\/2024\/11\/Palyazat-infoblokk.jpg\" alt class=\"img-responsive wp-image-772\" srcset=\"https:\/\/kresz.hu\/wp-content\/uploads\/2024\/11\/Palyazat-infoblokk-200x39.jpg 200w, https:\/\/kresz.hu\/wp-content\/uploads\/2024\/11\/Palyazat-infoblokk-400x78.jpg 400w, https:\/\/kresz.hu\/wp-content\/uploads\/2024\/11\/Palyazat-infoblokk.jpg 523w\" sizes=\"(max-width: 800px) 100vw, 523px\" \/><\/a><\/span><\/div><div class=\"fusion-text fusion-text-3 sm-text-align-center fusion-text-no-margin\" style=\"--awb-margin-top:30px;--awb-margin-bottom:0px;\"><p><strong>GINOP-1.3.3-16-2016-00001:<\/strong><\/p>\n<\/div><div class=\"fusion-image-element\" style=\"--awb-caption-title-font-family:var(--h2_typography-font-family);--awb-caption-title-font-weight:var(--h2_typography-font-weight);--awb-caption-title-font-style:var(--h2_typography-font-style);--awb-caption-title-size:var(--h2_typography-font-size);--awb-caption-title-transform:var(--h2_typography-text-transform);--awb-caption-title-line-height:var(--h2_typography-line-height);--awb-caption-title-letter-spacing:var(--h2_typography-letter-spacing);\"><span class=\"fusion-imageframe imageframe-none imageframe-3 hover-type-none\"><a class=\"fusion-no-lightbox\" href=\"https:\/\/kresz.hu\/en\/palyazatok\/\" target=\"_self\" aria-label=\"P\u00e1ly\u00e1zat infoblokk\"><img decoding=\"async\" width=\"523\" height=\"102\" src=\"https:\/\/kresz.hu\/wp-content\/uploads\/2024\/11\/Palyazat-infoblokk.jpg\" alt class=\"img-responsive wp-image-772\" srcset=\"https:\/\/kresz.hu\/wp-content\/uploads\/2024\/11\/Palyazat-infoblokk-200x39.jpg 200w, https:\/\/kresz.hu\/wp-content\/uploads\/2024\/11\/Palyazat-infoblokk-400x78.jpg 400w, https:\/\/kresz.hu\/wp-content\/uploads\/2024\/11\/Palyazat-infoblokk.jpg 523w\" sizes=\"(max-width: 800px) 100vw, 523px\" \/><\/a><\/span><\/div><div class=\"fusion-separator fusion-full-width-sep\" style=\"align-self: center;margin-left: auto;margin-right: auto;margin-top:45px;margin-bottom:45px;width:100%;\"><div class=\"fusion-separator-border sep-single sep-solid\" style=\"--awb-height:20px;--awb-amount:20px;border-color:var(--awb-color3);border-top-width:1px;\"><\/div><\/div><div class=\"fusion-title title fusion-title-4 fusion-sep-none fusion-title-text fusion-title-size-three\" style=\"--awb-margin-top:0px;\"><h3 class=\"fusion-title-heading title-heading-left sm-text-align-center fusion-responsive-typography-calculated\" style=\"margin:0;--fontSize:30;line-height:var(--awb-typography1-line-height);\">Szakreferens jelent\u00e9s<\/h3><\/div><div class=\"fusion-separator fusion-full-width-sep\" style=\"align-self: center;margin-left: auto;margin-right: auto;margin-top:10px;margin-bottom:10px;width:100%;\"><\/div><div class=\"fusion-text fusion-text-4 sm-text-align-center fusion-text-no-margin\" style=\"--awb-margin-bottom:0px;\"><p>\u00c9ves szakreferens jelent\u00e9s: <a href=\"https:\/\/kresz.hu\/wp-content\/uploads\/2025\/04\/Eves-szakreferens-jelentes-Kresz-es-Fiedler-Kft-2024.pdf\" target=\"_blank\" rel=\"noopener\">Kresz&amp;Fiedler Kft. 2024.<\/a><\/p>\n<\/div><\/div><\/div><div class=\"fusion-layout-column fusion_builder_column fusion-builder-column-2 fusion_builder_column_1_4 1_4 fusion-flex-column fusion-no-small-visibility fusion-animated\" style=\"--awb-padding-right-small:0px;--awb-bg-size:cover;--awb-width-large:25%;--awb-margin-top-large:0px;--awb-spacing-right-large:7.68%;--awb-margin-bottom-large:20px;--awb-spacing-left-large:7.68%;--awb-width-medium:25%;--awb-order-medium:0;--awb-spacing-right-medium:7.68%;--awb-spacing-left-medium:7.68%;--awb-width-small:100%;--awb-order-small:2;--awb-spacing-right-small:1.92%;--awb-margin-bottom-small:30px;--awb-spacing-left-small:1.92%;\" data-animationtype=\"fadeInRight\" data-animationduration=\"0.5\" data-animationoffset=\"top-into-view\" data-scroll-devices=\"small-visibility,medium-visibility,large-visibility\"><div class=\"fusion-column-wrapper fusion-column-has-shadow fusion-flex-justify-content-flex-start fusion-content-layout-column\"><div class=\"fusion-image-element\" style=\"--awb-caption-title-font-family:var(--h2_typography-font-family);--awb-caption-title-font-weight:var(--h2_typography-font-weight);--awb-caption-title-font-style:var(--h2_typography-font-style);--awb-caption-title-size:var(--h2_typography-font-size);--awb-caption-title-transform:var(--h2_typography-text-transform);--awb-caption-title-line-height:var(--h2_typography-line-height);--awb-caption-title-letter-spacing:var(--h2_typography-letter-spacing);\"><span class=\"fusion-imageframe imageframe-none imageframe-4 hover-type-none fusion-animated\" data-animationtype=\"fadeInLeft\" data-animationduration=\"1.5\" data-animationoffset=\"top-into-view\"><img decoding=\"async\" width=\"209\" height=\"55\" title=\"Kresz logo\" src=\"https:\/\/kresz.hu\/wp-content\/uploads\/2024\/10\/Kresz-logo.png\" alt class=\"img-responsive wp-image-34\" srcset=\"https:\/\/kresz.hu\/wp-content\/uploads\/2024\/10\/Kresz-logo-200x53.png 200w, https:\/\/kresz.hu\/wp-content\/uploads\/2024\/10\/Kresz-logo.png 209w\" sizes=\"(max-width: 800px) 100vw, 209px\" \/><\/span><\/div><div class=\"fusion-text fusion-text-5 fusion-text-no-margin\" style=\"--awb-margin-top:30px;--awb-margin-bottom:30px;\"><p class=\"translation-block\">35 years at the forefront of injection molding and toolmaking!<\/p>\n<\/div><div class=\"fusion-content-boxes content-boxes columns row fusion-columns-1 fusion-columns-total-3 fusion-content-boxes-1 content-boxes-icon-with-title content-left\" style=\"--awb-title-color:var(--awb-color8);--awb-iconcolor:var(--awb-color1);--awb-item-margin-top:0px;--awb-item-margin-bottom:0px;--awb-margin-bottom:35px;--awb-hover-accent-color:var(--awb-color4);--awb-circle-hover-accent-color:var(--awb-color4);\" data-animationoffset=\"top-into-view\"><div style=\"--awb-backgroundcolor:rgba(255,255,255,0);--awb-iconcolor:var(--awb-color1);\" class=\"fusion-column content-box-column content-box-column content-box-column-1 col-lg-12 col-md-12 col-sm-12 fusion-content-box-hover content-box-column-last-in-row\"><div class=\"col content-box-wrapper content-wrapper link-area-link-icon icon-hover-animation-fade\" data-animationoffset=\"top-into-view\"><div class=\"heading heading-with-icon icon-left\"><div class=\"icon\"><i style=\"border-color:var(--awb-color5);border-width:1px;background-color:var(--awb-color5);box-sizing:content-box;height:40px;width:40px;line-height:40px;border-radius:50%;font-size:20px;\" aria-hidden=\"true\" class=\"fontawesome-icon fa-map-marked-alt fas circle-yes\"><\/i><\/div><p class=\"content-box-heading fusion-responsive-typography-calculated\" style=\"--body_typography-font-size:16px;--fontSize:16;line-height:1.5;\">7720 P\u00e9csv\u00e1rad,<br \/>\nP\u00e9csi \u00fat 1\/1.<\/p><\/div><\/div><\/div><div style=\"--awb-backgroundcolor:rgba(255,255,255,0);--awb-iconcolor:var(--awb-color1);\" class=\"fusion-column content-box-column content-box-column content-box-column-2 col-lg-12 col-md-12 col-sm-12 fusion-content-box-hover content-box-column-last-in-row\"><div class=\"col content-box-wrapper content-wrapper link-area-link-icon icon-hover-animation-fade\" data-animationoffset=\"top-into-view\"><div class=\"heading heading-with-icon icon-left\"><div class=\"icon\"><i style=\"border-color:var(--awb-color5);border-width:1px;background-color:var(--awb-color5);box-sizing:content-box;height:40px;width:40px;line-height:40px;border-radius:50%;font-size:20px;\" aria-hidden=\"true\" class=\"fontawesome-icon fa-envelope fas circle-yes\"><\/i><\/div><p class=\"content-box-heading fusion-responsive-typography-calculated\" style=\"--body_typography-font-size:16px;--fontSize:16;line-height:1.5;\">mail@kresz.hu<\/p><\/div><\/div><\/div><div style=\"--awb-backgroundcolor:rgba(255,255,255,0);--awb-iconcolor:var(--awb-color1);\" class=\"fusion-column content-box-column content-box-column content-box-column-3 col-lg-12 col-md-12 col-sm-12 fusion-content-box-hover content-box-column-last content-box-column-last-in-row\"><div class=\"col content-box-wrapper content-wrapper link-area-link-icon icon-hover-animation-fade\" data-animationoffset=\"top-into-view\"><div class=\"heading heading-with-icon icon-left\"><div class=\"icon\"><i style=\"border-color:var(--awb-color5);border-width:1px;background-color:var(--awb-color5);box-sizing:content-box;height:40px;width:40px;line-height:40px;border-radius:50%;font-size:20px;\" aria-hidden=\"true\" class=\"fontawesome-icon fa-phone-alt fas circle-yes\"><\/i><\/div><p class=\"content-box-heading fusion-responsive-typography-calculated\" style=\"--body_typography-font-size:16px;--fontSize:16;line-height:1.5;\">+0672 566 730<\/p><\/div><\/div><\/div><div class=\"fusion-clearfix\"><\/div><\/div><a class=\"fusion-modal-text-link\" href=\"#\"><iframe style=\"border: 0;\" src=\"https:\/\/www.google.com\/maps\/embed?pb=!1m18!1m12!1m3!1d2763.741343198!2d18.41215919109247!3d46.155896512499!2m3!1f0!2f0!3f0!3m2!1i1024!2i768!4f13.1!3m3!1m2!1s0x4742b8ef156718fd%3A0x452b0293ee38c63f!2sKresz%20%C3%A9s%20Fiedler!5e0!3m2!1shu!2shu!4v1730132185499!5m2!1shu!2shu\" width=\"100%\" height=\"400\" allowfullscreen=\"allowfullscreen\" data-mce-fragment=\"1\"><\/iframe><\/a><\/div><\/div>\n<\/div><\/div><\/p>","protected":false},"excerpt":{"rendered":"","protected":false},"author":2,"featured_media":0,"parent":0,"menu_order":0,"comment_status":"closed","ping_status":"closed","template":"100-width.php","meta":{"footnotes":""},"class_list":["post-756","page","type-page","status-publish","hentry"],"_links":{"self":[{"href":"https:\/\/kresz.hu\/en\/wp-json\/wp\/v2\/pages\/756","targetHints":{"allow":["GET"]}}],"collection":[{"href":"https:\/\/kresz.hu\/en\/wp-json\/wp\/v2\/pages"}],"about":[{"href":"https:\/\/kresz.hu\/en\/wp-json\/wp\/v2\/types\/page"}],"author":[{"embeddable":true,"href":"https:\/\/kresz.hu\/en\/wp-json\/wp\/v2\/users\/2"}],"replies":[{"embeddable":true,"href":"https:\/\/kresz.hu\/en\/wp-json\/wp\/v2\/comments?post=756"}],"version-history":[{"count":12,"href":"https:\/\/kresz.hu\/en\/wp-json\/wp\/v2\/pages\/756\/revisions"}],"predecessor-version":[{"id":936,"href":"https:\/\/kresz.hu\/en\/wp-json\/wp\/v2\/pages\/756\/revisions\/936"}],"wp:attachment":[{"href":"https:\/\/kresz.hu\/en\/wp-json\/wp\/v2\/media?parent=756"}],"curies":[{"name":"wp","href":"https:\/\/api.w.org\/{rel}","templated":true}]}}