{"id":721,"date":"2024-11-04T10:43:18","date_gmt":"2024-11-04T09:43:18","guid":{"rendered":"https:\/\/kresz.hu\/?page_id=721"},"modified":"2025-02-24T11:51:58","modified_gmt":"2025-02-24T10:51:58","slug":"minosegbiztositas","status":"publish","type":"page","link":"https:\/\/kresz.hu\/en\/tevekenyseg\/minosegbiztositas\/","title":{"rendered":"Quality Assurance"},"content":{"rendered":"<p><div class=\"fusion-fullwidth fullwidth-box fusion-builder-row-1 fusion-flex-container has-pattern-background has-mask-background nonhundred-percent-fullwidth non-hundred-percent-height-scrolling\" style=\"--awb-background-position:right center;--awb-border-radius-top-left:0px;--awb-border-radius-top-right:0px;--awb-border-radius-bottom-right:0px;--awb-border-radius-bottom-left:0px;--awb-padding-top:25px;--awb-padding-bottom:20px;--awb-margin-top:0px;--awb-margin-bottom:100px;--awb-margin-bottom-small:50px;--awb-background-color:var(--awb-color5);--awb-background-image:linear-gradient(90deg, var(--awb-color5) 0%,#057dad 100%);--awb-background-size:cover;--awb-flex-wrap:wrap;--awb-box-shadow: 5px 10px 10px rgba(0,0,0,0.04);\" ><div class=\"fusion-builder-row fusion-row fusion-flex-align-items-flex-start fusion-flex-content-wrap\" style=\"max-width:1352px;margin-left: calc(-4% \/ 2 );margin-right: calc(-4% \/ 2 );\"><div class=\"fusion-layout-column fusion_builder_column fusion-builder-column-0 fusion_builder_column_1_1 1_1 fusion-flex-column\" style=\"--awb-padding-top:0px;--awb-padding-right:0px;--awb-padding-bottom:0px;--awb-padding-left:0px;--awb-bg-size:cover;--awb-width-large:100%;--awb-margin-top-large:0px;--awb-spacing-right-large:1.92%;--awb-margin-bottom-large:0px;--awb-spacing-left-large:1.92%;--awb-width-medium:100%;--awb-order-medium:0;--awb-spacing-right-medium:1.92%;--awb-spacing-left-medium:1.92%;--awb-width-small:100%;--awb-order-small:0;--awb-spacing-right-small:1.92%;--awb-spacing-left-small:1.92%;\" data-scroll-devices=\"small-visibility,medium-visibility,large-visibility\"><div class=\"fusion-column-wrapper fusion-column-has-shadow fusion-flex-justify-content-flex-start fusion-content-layout-column\"><div class=\"fusion-title title fusion-title-1 fusion-sep-none fusion-title-text fusion-title-size-one\" style=\"--awb-text-color:var(--awb-color1);\"><h1 class=\"fusion-title-heading title-heading-left sm-text-align-center fusion-responsive-typography-calculated\" style=\"margin:0;--fontSize:50;line-height:var(--awb-typography1-line-height);\">Min\u0151s\u00e9gbiztos\u00edt\u00e1s<\/h1><\/div><\/div><\/div><\/div><\/div><div class=\"fusion-fullwidth fullwidth-box fusion-builder-row-2 fusion-flex-container has-pattern-background has-mask-background nonhundred-percent-fullwidth non-hundred-percent-height-scrolling\" style=\"--awb-border-radius-top-left:0px;--awb-border-radius-top-right:0px;--awb-border-radius-bottom-right:0px;--awb-border-radius-bottom-left:0px;--awb-flex-wrap:wrap;\" ><div class=\"fusion-builder-row fusion-row fusion-flex-align-items-flex-start fusion-flex-content-wrap\" style=\"max-width:1352px;margin-left: calc(-4% \/ 2 );margin-right: calc(-4% \/ 2 );\"><div class=\"fusion-layout-column fusion_builder_column fusion-builder-column-1 fusion_builder_column_3_5 3_5 fusion-flex-column\" style=\"--awb-bg-size:cover;--awb-width-large:60%;--awb-margin-top-large:0px;--awb-spacing-right-large:3.2%;--awb-margin-bottom-large:20px;--awb-spacing-left-large:3.2%;--awb-width-medium:60%;--awb-order-medium:0;--awb-spacing-right-medium:3.2%;--awb-spacing-left-medium:3.2%;--awb-width-small:100%;--awb-order-small:2;--awb-spacing-right-small:1.92%;--awb-spacing-left-small:1.92%;\" data-scroll-devices=\"small-visibility,medium-visibility,large-visibility\"><div class=\"fusion-column-wrapper fusion-column-has-shadow fusion-flex-justify-content-flex-start fusion-content-layout-column\"><div class=\"fusion-title title fusion-title-2 fusion-no-small-visibility fusion-sep-none fusion-title-text fusion-title-size-two fusion-animated\" style=\"--awb-margin-top:0px;--awb-margin-bottom:0px;--awb-margin-left:-50px;--awb-font-size:100px;\" data-animationType=\"fadeInRight\" data-animationDuration=\"1.0\" data-animationOffset=\"top-into-view\"><h2 class=\"fusion-title-heading title-heading-left sm-text-align-center fusion-responsive-typography-calculated\" style=\"margin:0;font-size:1em;--fontSize:100;line-height:0.9;\">100% min\u0151s\u00e9g<\/h2><\/div><div class=\"fusion-title title fusion-title-3 fusion-no-medium-visibility fusion-no-large-visibility fusion-sep-none fusion-title-text fusion-title-size-two fusion-animated\" style=\"--awb-margin-top:0px;--awb-margin-bottom-small:30px;--awb-font-size:80px;\" data-animationType=\"fadeInRight\" data-animationDuration=\"1.0\" data-animationOffset=\"top-into-view\"><h2 class=\"fusion-title-heading title-heading-left sm-text-align-center fusion-responsive-typography-calculated\" style=\"margin:0;font-size:1em;--fontSize:80;line-height:0.9;\">100% min\u0151s\u00e9g<\/h2><\/div><div class=\"fusion-text fusion-text-1 sm-text-align-center fusion-animated\" style=\"--awb-font-size:20px;--awb-text-color:var(--awb-color4);--awb-margin-top:-33px;--awb-text-font-family:&quot;Rubik&quot;;--awb-text-font-style:normal;--awb-text-font-weight:700;\" data-animationType=\"fadeInRight\" data-animationDuration=\"1.0\" data-animationDelay=\"0.5\" data-animationOffset=\"top-into-view\"><p>[100% garancia]<\/p>\n<\/div><div class=\"fusion-title title fusion-title-4 fusion-sep-none fusion-title-text fusion-title-size-three fusion-animated\" data-animationType=\"fadeInRight\" data-animationDuration=\"1.0\" data-animationDelay=\"0.5\" data-animationOffset=\"top-into-view\"><h3 class=\"fusion-title-heading title-heading-left sm-text-align-center fusion-responsive-typography-calculated\" style=\"margin:0;--fontSize:30;line-height:var(--awb-typography1-line-height);\">N\u00e1lunk a min\u0151s\u00e9g nem csak egy szlogen!<\/h3><\/div><div class=\"fusion-separator fusion-full-width-sep\" style=\"align-self: center;margin-left: auto;margin-right: auto;margin-top:10px;margin-bottom:10px;width:100%;\"><\/div><div class=\"fusion-text fusion-text-2 fusion-animated\" data-animationType=\"fadeInRight\" data-animationDuration=\"1.0\" data-animationDelay=\"0.5\" data-animationOffset=\"top-into-view\"><p>MSZ EN ISO 9001:2015 \u00e9s MSZ EN ISO 14001:2015 szabv\u00e1nyok szerint dokument\u00e1lt \u00e9s tan\u00fas\u00edtott integr\u00e1lt min\u0151s\u00e9g- \u00e9s k\u00f6rnyezetir\u00e1ny\u00edt\u00e1si rendszert m\u0171k\u00f6dtet\u00fcnk, amelyek fejleszt\u00e9se alapvet\u0151 fontoss\u00e1g\u00fa sz\u00e1munkra.<\/p>\n<p style=\"padding-left: 40px;\"><span style=\"color: #99cc00;\"><strong>Min\u0151s\u00e9gorient\u00e1lt v\u00e1llalatir\u00e1ny\u00edt\u00e1si szeml\u00e9let\u00fcnk nem csak a magas min\u0151s\u00e9g fenntart\u00e1s\u00e1t, hanem a folyamatos fejl\u0151d\u00e9st, az el\u0151rel\u00e9p\u00e9s lehet\u0151s\u00e9g\u00e9t is biztos\u00edtja.<\/strong><\/span><\/p>\n<p>A teljes termel\u00e9si folyamaton v\u00e9gigh\u00faz\u00f3d\u00f3 min\u0151s\u00e9gbiztos\u00edt\u00e1si rendszer\u00fcnk az Ipar 4.0 alkalmaz\u00e1soknak k\u00f6sz\u00f6nhet\u0151en \u2013 az online adatkezel\u00e9s \u00e9s az automatiz\u00e1ci\u00f3 r\u00e9v\u00e9n \u2013 garant\u00e1lja a megrendel\u0151k \u00e1ltal elv\u00e1rt min\u0151s\u00e9get.<\/p>\n<p>A min\u0151s\u00e9gi termel\u00e9s a tervez\u00e9sn\u00e9l kezd\u0151dik \u00e9s a term\u00e9k \u00e1tad\u00e1s\u00e1ig tart, ez\u00e9rt dolgoztuk ki teljes k\u00f6r\u0171, minden folyamatra kiterjed\u0151 ERP rendszer\u00fcnket. Termel\u00e9sir\u00e1ny\u00edt\u00f3ink PDA eszk\u00f6zeik seg\u00edts\u00e9g\u00e9vel folyamatosan fel\u00fcgyelik a gy\u00e1rt\u00e1si folyamatokat \u00e9s a min\u0151s\u00e9gir\u00e1ny\u00edt\u00e1s l\u00e9p\u00e9seit. A PDA eszk\u00f6z\u00f6k haszn\u00e1lata leegyszer\u0171s\u00edti \u00e9s felgyors\u00edtja a munk\u00e1t, lehet\u0151v\u00e9 teszi az adatok val\u00f3s idej\u0171 ellen\u0151rz\u00e9s\u00e9t \u00e9s az esetlegesen felmer\u00fcl\u0151 probl\u00e9m\u00e1k gyors kijav\u00edt\u00e1s\u00e1t. A min\u0151s\u00e9gbiztos\u00edt\u00e1si laborat\u00f3riumban kontroll\u00e1ljuk a termel\u00e9s minden szakasz\u00e1t, \u00e9s a valid\u00e1lt szabv\u00e1nyok szerint a gy\u00e1rt\u00e1si helysz\u00edneken is ellen\u0151rizz\u00fck a min\u0151s\u00e9get.<\/p>\n<\/div><div class=\"fusion-separator fusion-full-width-sep\" style=\"align-self: center;margin-left: auto;margin-right: auto;margin-top:10px;margin-bottom:10px;width:100%;\"><\/div><div class=\"fusion-builder-row fusion-builder-row-inner fusion-row fusion-flex-align-items-flex-start fusion-flex-content-wrap\" style=\"width:104% !important;max-width:104% !important;margin-left: calc(-4% \/ 2 );margin-right: calc(-4% \/ 2 );\"><div class=\"fusion-layout-column fusion_builder_column_inner fusion-builder-nested-column-0 fusion_builder_column_inner_1_4 1_4 fusion-flex-column\" style=\"--awb-bg-size:cover;--awb-width-large:25%;--awb-margin-top-large:0px;--awb-spacing-right-large:7.68%;--awb-margin-bottom-large:20px;--awb-spacing-left-large:7.68%;--awb-width-medium:25%;--awb-order-medium:0;--awb-spacing-right-medium:7.68%;--awb-spacing-left-medium:7.68%;--awb-width-small:50%;--awb-order-small:0;--awb-spacing-right-small:3.84%;--awb-spacing-left-small:3.84%;\" data-scroll-devices=\"small-visibility,medium-visibility,large-visibility\"><div class=\"fusion-column-wrapper fusion-column-has-shadow fusion-flex-justify-content-flex-start fusion-content-layout-column\"><div class=\"fusion-image-element \" style=\"--awb-caption-title-font-family:var(--h2_typography-font-family);--awb-caption-title-font-weight:var(--h2_typography-font-weight);--awb-caption-title-font-style:var(--h2_typography-font-style);--awb-caption-title-size:var(--h2_typography-font-size);--awb-caption-title-transform:var(--h2_typography-text-transform);--awb-caption-title-line-height:var(--h2_typography-line-height);--awb-caption-title-letter-spacing:var(--h2_typography-letter-spacing);\"><span class=\" fusion-imageframe imageframe-none imageframe-1 hover-type-none\"><a class=\"fusion-no-lightbox\" href=\"https:\/\/kresz.hu\/wp-content\/uploads\/2024\/11\/ISO-CERTIFICATION-9001-14001.pdf\" target=\"_blank\" aria-label=\"CertUnion 9001\" rel=\"noopener noreferrer\"><img decoding=\"async\" width=\"150\" height=\"86\" src=\"https:\/\/kresz.hu\/wp-content\/uploads\/2024\/11\/CertUnion-9001.png\" alt class=\"img-responsive wp-image-797\"\/><\/a><\/span><\/div><\/div><\/div><div class=\"fusion-layout-column fusion_builder_column_inner fusion-builder-nested-column-1 fusion_builder_column_inner_1_4 1_4 fusion-flex-column\" style=\"--awb-bg-size:cover;--awb-width-large:25%;--awb-margin-top-large:0px;--awb-spacing-right-large:7.68%;--awb-margin-bottom-large:20px;--awb-spacing-left-large:7.68%;--awb-width-medium:25%;--awb-order-medium:0;--awb-spacing-right-medium:7.68%;--awb-spacing-left-medium:7.68%;--awb-width-small:50%;--awb-order-small:0;--awb-spacing-right-small:3.84%;--awb-spacing-left-small:3.84%;\" data-scroll-devices=\"small-visibility,medium-visibility,large-visibility\"><div class=\"fusion-column-wrapper fusion-column-has-shadow fusion-flex-justify-content-flex-start fusion-content-layout-column\"><div class=\"fusion-image-element \" style=\"--awb-caption-title-font-family:var(--h2_typography-font-family);--awb-caption-title-font-weight:var(--h2_typography-font-weight);--awb-caption-title-font-style:var(--h2_typography-font-style);--awb-caption-title-size:var(--h2_typography-font-size);--awb-caption-title-transform:var(--h2_typography-text-transform);--awb-caption-title-line-height:var(--h2_typography-line-height);--awb-caption-title-letter-spacing:var(--h2_typography-letter-spacing);\"><span class=\" fusion-imageframe imageframe-none imageframe-2 hover-type-none\"><a class=\"fusion-no-lightbox\" href=\"https:\/\/kresz.hu\/wp-content\/uploads\/2024\/11\/ISO-CERTIFICATION-9001-14001.pdf\" target=\"_blank\" aria-label=\"CertUnion 14001\" rel=\"noopener noreferrer\"><img decoding=\"async\" width=\"150\" height=\"86\" src=\"https:\/\/kresz.hu\/wp-content\/uploads\/2024\/11\/CertUnion-14001.png\" alt class=\"img-responsive wp-image-798\"\/><\/a><\/span><\/div><\/div><\/div><div class=\"fusion-layout-column fusion_builder_column_inner fusion-builder-nested-column-2 fusion_builder_column_inner_1_3 1_3 fusion-flex-column\" style=\"--awb-bg-size:cover;--awb-width-large:33.333333333333%;--awb-margin-top-large:0px;--awb-spacing-right-large:5.76%;--awb-margin-bottom-large:20px;--awb-spacing-left-large:5.76%;--awb-width-medium:33.333333333333%;--awb-order-medium:0;--awb-spacing-right-medium:5.76%;--awb-spacing-left-medium:5.76%;--awb-width-small:100%;--awb-order-small:0;--awb-spacing-right-small:1.92%;--awb-spacing-left-small:1.92%;\" data-scroll-devices=\"small-visibility,medium-visibility,large-visibility\"><div class=\"fusion-column-wrapper fusion-column-has-shadow fusion-flex-justify-content-flex-start fusion-content-layout-block\"><div class=\"fusion-separator fusion-no-medium-visibility fusion-no-large-visibility fusion-full-width-sep\" style=\"align-self: center;margin-left: auto;margin-right: auto;margin-top:10px;margin-bottom:10px;width:100%;\"><\/div><div class=\"fusion-text fusion-text-3\" style=\"--awb-font-size:14px;\"><p><strong><a href=\"https:\/\/kresz.hu\/wp-content\/uploads\/2025\/02\/KreszFiedler-Minoseg-es-Kornyezeti-Politika.pdf\" target=\"_blank\" rel=\"noopener\"><img decoding=\"async\" class=\"wp-image-903 alignleft\" src=\"https:\/\/kresz.hu\/wp-content\/uploads\/2025\/02\/PDF-letoltes.jpg\" alt=\"\" width=\"95\" height=\"95\" srcset=\"https:\/\/kresz.hu\/wp-content\/uploads\/2025\/02\/PDF-letoltes-66x66.jpg 66w, https:\/\/kresz.hu\/wp-content\/uploads\/2025\/02\/PDF-letoltes-200x200.jpg 200w, https:\/\/kresz.hu\/wp-content\/uploads\/2025\/02\/PDF-letoltes.jpg 300w\" sizes=\"(max-width: 95px) 100vw, 95px\" \/><\/a>Kresz &amp; Fiedler Min\u0151s\u00e9g- \u00e9s K\u00f6rnyezeti Politika<\/strong><\/p>\n<\/div><\/div><\/div><\/div><\/div><\/div><div class=\"fusion-layout-column fusion_builder_column fusion-builder-column-2 fusion_builder_column_2_5 2_5 fusion-flex-column\" style=\"--awb-padding-right-small:0px;--awb-bg-size:cover;--awb-width-large:40%;--awb-margin-top-large:0px;--awb-spacing-right-large:4.8%;--awb-margin-bottom-large:20px;--awb-spacing-left-large:4.8%;--awb-width-medium:40%;--awb-order-medium:0;--awb-spacing-right-medium:4.8%;--awb-spacing-left-medium:4.8%;--awb-width-small:100%;--awb-order-small:1;--awb-spacing-right-small:1.92%;--awb-margin-bottom-small:30px;--awb-spacing-left-small:1.92%;\" data-scroll-devices=\"small-visibility,medium-visibility,large-visibility\"><div class=\"fusion-column-wrapper fusion-column-has-shadow fusion-flex-justify-content-flex-start fusion-content-layout-column\"><div class=\"fusion-image-element \" style=\"text-align:center;--awb-caption-title-font-family:var(--h2_typography-font-family);--awb-caption-title-font-weight:var(--h2_typography-font-weight);--awb-caption-title-font-style:var(--h2_typography-font-style);--awb-caption-title-size:var(--h2_typography-font-size);--awb-caption-title-transform:var(--h2_typography-text-transform);--awb-caption-title-line-height:var(--h2_typography-line-height);--awb-caption-title-letter-spacing:var(--h2_typography-letter-spacing);\"><span class=\" fusion-imageframe imageframe-none imageframe-3 hover-type-none fusion-animated\" data-animationType=\"fadeInLeft\" data-animationDuration=\"1.5\" data-animationOffset=\"top-into-view\"><img decoding=\"async\" width=\"604\" height=\"642\" title=\"min\u0151s\u00e9gbiztos\u00edt\u00e1s\" src=\"https:\/\/kresz.hu\/wp-content\/uploads\/2024\/11\/minosegbiztositas.png\" alt class=\"img-responsive wp-image-727\" srcset=\"https:\/\/kresz.hu\/wp-content\/uploads\/2024\/11\/minosegbiztositas-200x213.png 200w, https:\/\/kresz.hu\/wp-content\/uploads\/2024\/11\/minosegbiztositas-400x425.png 400w, https:\/\/kresz.hu\/wp-content\/uploads\/2024\/11\/minosegbiztositas-600x638.png 600w, https:\/\/kresz.hu\/wp-content\/uploads\/2024\/11\/minosegbiztositas.png 604w\" sizes=\"(max-width: 800px) 100vw, 600px\" \/><\/span><\/div><\/div><\/div><div class=\"fusion-layout-column fusion_builder_column fusion-builder-column-3 fusion_builder_column_1_1 1_1 fusion-flex-column\" style=\"--awb-bg-size:cover;--awb-width-large:100%;--awb-margin-top-large:0px;--awb-spacing-right-large:1.92%;--awb-margin-bottom-large:0px;--awb-spacing-left-large:1.92%;--awb-width-medium:100%;--awb-order-medium:0;--awb-spacing-right-medium:1.92%;--awb-spacing-left-medium:1.92%;--awb-width-small:100%;--awb-order-small:5;--awb-margin-top-small:0px;--awb-spacing-right-small:1.92%;--awb-margin-bottom-small:60px;--awb-spacing-left-small:1.92%;\" data-scroll-devices=\"small-visibility,medium-visibility,large-visibility\"><div class=\"fusion-column-wrapper fusion-column-has-shadow fusion-flex-justify-content-flex-start fusion-content-layout-column\"><div class=\"fusion-separator fusion-no-small-visibility fusion-full-width-sep\" style=\"align-self: center;margin-left: auto;margin-right: auto;margin-top:60px;width:100%;\"><div class=\"fusion-separator-border sep-single sep-solid\" style=\"--awb-height:20px;--awb-amount:20px;--awb-sep-color:var(--awb-color2);border-color:var(--awb-color2);border-top-width:1px;\"><\/div><\/div><\/div><\/div><\/div><\/div><div class=\"fusion-fullwidth fullwidth-box fusion-builder-row-3 fusion-flex-container has-pattern-background has-mask-background fusion-parallax-fixed nonhundred-percent-fullwidth non-hundred-percent-height-scrolling\" style=\"--awb-background-position:right center;--awb-background-position-small:center center;--awb-border-radius-top-left:0px;--awb-border-radius-top-right:0px;--awb-border-radius-bottom-right:0px;--awb-border-radius-bottom-left:0px;--awb-padding-top:60px;--awb-padding-bottom:80px;--awb-background-color:var(--awb-color5);--awb-background-image:url(&quot;https:\/\/kresz.hu\/wp-content\/uploads\/2024\/10\/hatter-2.png&quot;);--awb-background-image-small:url(&#039;https:\/\/kresz.hu\/wp-content\/uploads\/2024\/10\/hatter-parallax-2.jpg&#039;);--awb-background-size:cover;--awb-flex-wrap:wrap;background-attachment:fixed;\" ><div class=\"fusion-builder-row fusion-row fusion-flex-align-items-flex-start fusion-flex-content-wrap\" style=\"max-width:1352px;margin-left: calc(-4% \/ 2 );margin-right: calc(-4% \/ 2 );\"><div class=\"fusion-layout-column fusion_builder_column fusion-builder-column-4 fusion_builder_column_2_3 2_3 fusion-flex-column\" style=\"--awb-bg-size:cover;--awb-width-large:66.666666666667%;--awb-margin-top-large:0px;--awb-spacing-right-large:2.88%;--awb-margin-bottom-large:0px;--awb-spacing-left-large:2.88%;--awb-width-medium:66.666666666667%;--awb-order-medium:0;--awb-spacing-right-medium:2.88%;--awb-spacing-left-medium:2.88%;--awb-width-small:100%;--awb-order-small:0;--awb-spacing-right-small:1.92%;--awb-spacing-left-small:1.92%;\" data-scroll-devices=\"small-visibility,medium-visibility,large-visibility\"><div class=\"fusion-column-wrapper fusion-column-has-shadow fusion-flex-justify-content-flex-start fusion-content-layout-column\"><div class=\"fusion-title title fusion-title-5 fusion-sep-none fusion-title-text fusion-title-size-three\" style=\"--awb-text-color:var(--awb-color1);--awb-margin-bottom:40px;--awb-margin-bottom-small:60px;--awb-font-size:30px;\"><h3 class=\"fusion-title-heading title-heading-left sm-text-align-center fusion-responsive-typography-calculated\" style=\"margin:0;font-size:1em;--fontSize:30;line-height:var(--awb-typography1-line-height);\">C\u00e9g\u00fcnkn\u00e9l a min\u0151s\u00e9g nem csup\u00e1n egy szlogen, hanem v\u00e1llalati filoz\u00f3fi\u00e1nk alapk\u00f6ve!<\/h3><\/div><div class=\"fusion-text fusion-text-4\" style=\"--awb-text-color:var(--awb-color1);\"><p>F\u00fcggetlen\u00fcl att\u00f3l, hogy kis sorozat\u00fa, h\u00f3napokon vagy ak\u00e1r \u00e9veken \u00e1t tart\u00f3 t\u00f6meggy\u00e1rt\u00e1sr\u00f3l van sz\u00f3, a min\u0151s\u00e9gi termel\u00e9s az egyetlen elfogadhat\u00f3 standard a sz\u00e1munkra.<\/p>\n<p><strong>Elk\u00f6telezetts\u00e9g\u00fcnk a min\u0151s\u00e9g ir\u00e1nt teh\u00e1t nem csup\u00e1n egy \u00edg\u00e9ret, hanem garancia is.<\/strong><\/p>\n<\/div><div class=\"fusion-separator fusion-full-width-sep\" style=\"align-self: center;margin-left: auto;margin-right: auto;margin-top:10px;margin-bottom:10px;width:100%;\"><\/div><div class=\"sm-text-align-center\"><a class=\"fusion-button button-flat button-xlarge button-custom fusion-button-default button-1 fusion-button-default-span fusion-button-default-type fusion-animated awb-b-icon-pos-left\" style=\"--button_accent_color:var(--awb-color5);--button_accent_hover_color:var(--awb-color1);--button_border_hover_color:var(--awb-color1);--button_gradient_top_color:var(--awb-color1);--button_gradient_bottom_color:var(--awb-color1);--button_gradient_top_color_hover:hsla(var(--awb-color4-h),calc(var(--awb-color4-s) + 5%),calc(var(--awb-color4-l) + 5%),var(--awb-color4-a));--button_gradient_bottom_color_hover:hsla(var(--awb-color4-h),calc(var(--awb-color4-s) + 5%),calc(var(--awb-color4-l) + 5%),var(--awb-color4-a));\" data-animationType=\"shake\" data-animationDuration=\"1.0\" data-animationOffset=\"top-into-view\" target=\"_self\" data-hover=\"icon_position\" href=\"https:\/\/kresz.hu\/kapcsolat\/\"><i class=\"fa-paper-plane fas button-icon-left\" aria-hidden=\"true\"><\/i><i class=\"fa-paper-plane fas button-icon-left\" aria-hidden=\"true\"><\/i><span class=\"fusion-button-text\">Vedd fel vel\u00fcnk a kapcsolatot!<\/span><\/a><\/div><\/div><\/div><\/div><\/div><\/p>\n","protected":false},"excerpt":{"rendered":"","protected":false},"author":2,"featured_media":0,"parent":328,"menu_order":0,"comment_status":"closed","ping_status":"closed","template":"100-width.php","meta":{"footnotes":""},"class_list":["post-721","page","type-page","status-publish","hentry"],"_links":{"self":[{"href":"https:\/\/kresz.hu\/en\/wp-json\/wp\/v2\/pages\/721","targetHints":{"allow":["GET"]}}],"collection":[{"href":"https:\/\/kresz.hu\/en\/wp-json\/wp\/v2\/pages"}],"about":[{"href":"https:\/\/kresz.hu\/en\/wp-json\/wp\/v2\/types\/page"}],"author":[{"embeddable":true,"href":"https:\/\/kresz.hu\/en\/wp-json\/wp\/v2\/users\/2"}],"replies":[{"embeddable":true,"href":"https:\/\/kresz.hu\/en\/wp-json\/wp\/v2\/comments?post=721"}],"version-history":[{"count":12,"href":"https:\/\/kresz.hu\/en\/wp-json\/wp\/v2\/pages\/721\/revisions"}],"predecessor-version":[{"id":729,"href":"https:\/\/kresz.hu\/en\/wp-json\/wp\/v2\/pages\/721\/revisions\/729"}],"up":[{"embeddable":true,"href":"https:\/\/kresz.hu\/en\/wp-json\/wp\/v2\/pages\/328"}],"wp:attachment":[{"href":"https:\/\/kresz.hu\/en\/wp-json\/wp\/v2\/media?parent=721"}],"curies":[{"name":"wp","href":"https:\/\/api.w.org\/{rel}","templated":true}]}}