{"id":698,"date":"2024-10-29T15:17:09","date_gmt":"2024-10-29T14:17:09","guid":{"rendered":"https:\/\/kresz.hu\/?page_id=698"},"modified":"2024-10-29T15:22:19","modified_gmt":"2024-10-29T14:22:19","slug":"hirek","status":"publish","type":"page","link":"https:\/\/kresz.hu\/en\/hirek\/","title":{"rendered":"News"},"content":{"rendered":"<p><div class=\"fusion-fullwidth fullwidth-box fusion-builder-row-1 fusion-flex-container has-pattern-background has-mask-background nonhundred-percent-fullwidth non-hundred-percent-height-scrolling\" style=\"--awb-background-position:right center;--awb-border-radius-top-left:0px;--awb-border-radius-top-right:0px;--awb-border-radius-bottom-right:0px;--awb-border-radius-bottom-left:0px;--awb-padding-top:25px;--awb-padding-bottom:20px;--awb-margin-top:0px;--awb-margin-bottom:100px;--awb-margin-bottom-small:50px;--awb-background-color:var(--awb-color5);--awb-background-image:linear-gradient(90deg, var(--awb-color5) 0%,#057dad 100%);--awb-background-size:cover;--awb-flex-wrap:wrap;--awb-box-shadow: 5px 10px 10px rgba(0,0,0,0.04);\" ><div class=\"fusion-builder-row fusion-row fusion-flex-align-items-flex-start fusion-flex-content-wrap\" style=\"max-width:1352px;margin-left: calc(-4% \/ 2 );margin-right: calc(-4% \/ 2 );\"><div class=\"fusion-layout-column fusion_builder_column fusion-builder-column-0 fusion_builder_column_1_1 1_1 fusion-flex-column\" style=\"--awb-padding-top:0px;--awb-padding-right:0px;--awb-padding-bottom:0px;--awb-padding-left:0px;--awb-bg-size:cover;--awb-width-large:100%;--awb-margin-top-large:0px;--awb-spacing-right-large:1.92%;--awb-margin-bottom-large:0px;--awb-spacing-left-large:1.92%;--awb-width-medium:100%;--awb-order-medium:0;--awb-spacing-right-medium:1.92%;--awb-spacing-left-medium:1.92%;--awb-width-small:100%;--awb-order-small:0;--awb-spacing-right-small:1.92%;--awb-spacing-left-small:1.92%;\" data-scroll-devices=\"small-visibility,medium-visibility,large-visibility\"><div class=\"fusion-column-wrapper fusion-column-has-shadow fusion-flex-justify-content-flex-start fusion-content-layout-column\"><div class=\"fusion-title title fusion-title-1 fusion-sep-none fusion-title-text fusion-title-size-one\" style=\"--awb-text-color:var(--awb-color1);\"><h1 class=\"fusion-title-heading title-heading-left sm-text-align-center fusion-responsive-typography-calculated\" style=\"margin:0;--fontSize:50;line-height:var(--awb-typography1-line-height);\">H\u00edrek<\/h1><\/div><\/div><\/div><\/div><\/div><div class=\"fusion-fullwidth fullwidth-box fusion-builder-row-2 fusion-flex-container has-pattern-background has-mask-background nonhundred-percent-fullwidth non-hundred-percent-height-scrolling\" style=\"--awb-border-radius-top-left:0px;--awb-border-radius-top-right:0px;--awb-border-radius-bottom-right:0px;--awb-border-radius-bottom-left:0px;--awb-margin-bottom:0px;--awb-margin-bottom-small:0px;--awb-flex-wrap:wrap;\" ><div class=\"fusion-builder-row fusion-row fusion-flex-align-items-flex-start fusion-flex-justify-content-center fusion-flex-content-wrap\" style=\"max-width:1352px;margin-left: calc(-4% \/ 2 );margin-right: calc(-4% \/ 2 );\"><div class=\"fusion-layout-column fusion_builder_column fusion-builder-column-1 fusion_builder_column_1_1 1_1 fusion-flex-column\" style=\"--awb-bg-size:cover;--awb-width-large:100%;--awb-margin-top-large:0px;--awb-spacing-right-large:1.92%;--awb-margin-bottom-large:40px;--awb-spacing-left-large:1.92%;--awb-width-medium:100%;--awb-order-medium:0;--awb-spacing-right-medium:1.92%;--awb-spacing-left-medium:1.92%;--awb-width-small:100%;--awb-order-small:0;--awb-spacing-right-small:1.92%;--awb-spacing-left-small:1.92%;\" data-scroll-devices=\"small-visibility,medium-visibility,large-visibility\"><div class=\"fusion-column-wrapper fusion-column-has-shadow fusion-flex-justify-content-flex-start fusion-content-layout-column\"><div class=\"fusion-title title fusion-title-2 fusion-sep-none fusion-title-center fusion-title-text fusion-title-size-two\" style=\"--awb-text-color:var(--awb-color3);--awb-margin-top:0px;--awb-margin-bottom:0px;\"><h2 class=\"fusion-title-heading title-heading-center fusion-responsive-typography-calculated\" style=\"margin:0;--fontSize:100;line-height:0.9;\">Cikkeink<\/h2><\/div><div class=\"fusion-text fusion-text-1\" style=\"--awb-content-alignment:center;--awb-font-size:20px;--awb-text-color:var(--awb-color4);--awb-margin-top:-33px;--awb-text-font-family:&quot;Rubik&quot;;--awb-text-font-style:normal;--awb-text-font-weight:700;\"><p>[R\u00f3lunk sz\u00f3l]<\/p>\n<\/div><div class=\"fusion-title title fusion-title-3 fusion-sep-none fusion-title-center fusion-title-text fusion-title-size-three\"><h3 class=\"fusion-title-heading title-heading-center fusion-responsive-typography-calculated\" style=\"margin:0;--fontSize:30;line-height:var(--awb-typography1-line-height);\">H\u00edrek a fr\u00f6ccs\u00f6nt\u00e9s vil\u00e1g\u00e1b\u00f3l!<\/h3><\/div><\/div><\/div><div class=\"fusion-layout-column fusion_builder_column fusion-builder-column-2 fusion_builder_column_1_1 1_1 fusion-flex-column fusion-flex-align-self-stretch\" style=\"--awb-bg-color:var(--awb-color1);--awb-bg-color-hover:var(--awb-color1);--awb-bg-size:cover;--awb-width-large:100%;--awb-margin-top-large:0px;--awb-spacing-right-large:1.92%;--awb-margin-bottom-large:20px;--awb-spacing-left-large:1.92%;--awb-width-medium:100%;--awb-order-medium:0;--awb-spacing-right-medium:1.92%;--awb-spacing-left-medium:1.92%;--awb-width-small:100%;--awb-order-small:0;--awb-spacing-right-small:1.92%;--awb-spacing-left-small:1.92%;\" data-scroll-devices=\"small-visibility,medium-visibility,large-visibility\"><div class=\"fusion-column-wrapper fusion-column-has-shadow fusion-flex-justify-content-space-between fusion-content-layout-column\"><div class=\"fusion-post-cards fusion-post-cards-1 fusion-grid-archive fusion-grid-columns-3\" style=\"--awb-dots-align:center;--awb-columns:3;--awb-active-filter-border-size:3px;--awb-filters-height:36px;\"><ul class=\"fusion-grid fusion-grid-3 fusion-flex-align-items-flex-start fusion-grid-posts-cards\"><li class=\"fusion-layout-column fusion_builder_column fusion-builder-column-3 fusion-flex-column post-card fusion-grid-column fusion-post-cards-grid-column\" style=\"--awb-bg-blend:overlay;--awb-bg-size:cover;--awb-transform:scaleX(1) scaleY(1);--awb-transform-hover:scaleX(1.02) scaleY(1.02);\" data-scroll-devices=\"small-visibility,medium-visibility,large-visibility\"><div class=\"fusion-column-wrapper fusion-column-has-shadow fusion-flex-justify-content-flex-start fusion-content-layout-row fusion-flex-align-items-stretch\"><div class=\"fusion-image-element \" style=\"--awb-aspect-ratio:2 \/ 1;--awb-margin-bottom:10px;--awb-caption-title-font-family:var(--h2_typography-font-family);--awb-caption-title-font-weight:var(--h2_typography-font-weight);--awb-caption-title-font-style:var(--h2_typography-font-style);--awb-caption-title-size:var(--h2_typography-font-size);--awb-caption-title-transform:var(--h2_typography-text-transform);--awb-caption-title-line-height:var(--h2_typography-line-height);--awb-caption-title-letter-spacing:var(--h2_typography-letter-spacing);\"><span class=\" fusion-imageframe imageframe-none imageframe-1 hover-type-none has-aspect-ratio\" style=\"border-radius:10px;\"><a class=\"fusion-no-lightbox\" href=\"https:\/\/kresz.hu\/en\/miert-fontos-a-rendszeres-szerszamkarbantartas\/\" target=\"_self\" aria-label=\"Mi\u00e9rt fontos a rendszeres szersz\u00e1mkarbantart\u00e1s\"><img decoding=\"async\" width=\"1200\" height=\"628\" src=\"https:\/\/kresz.hu\/wp-content\/uploads\/2025\/11\/Miert-fontos-a-rendszeres-szerszamkarbantartas.jpg\" class=\"img-responsive wp-image-1006 img-with-aspect-ratio\" alt srcset=\"https:\/\/kresz.hu\/wp-content\/uploads\/2025\/11\/Miert-fontos-a-rendszeres-szerszamkarbantartas-200x105.jpg 200w, https:\/\/kresz.hu\/wp-content\/uploads\/2025\/11\/Miert-fontos-a-rendszeres-szerszamkarbantartas-400x209.jpg 400w, https:\/\/kresz.hu\/wp-content\/uploads\/2025\/11\/Miert-fontos-a-rendszeres-szerszamkarbantartas-600x314.jpg 600w, https:\/\/kresz.hu\/wp-content\/uploads\/2025\/11\/Miert-fontos-a-rendszeres-szerszamkarbantartas-800x419.jpg 800w, https:\/\/kresz.hu\/wp-content\/uploads\/2025\/11\/Miert-fontos-a-rendszeres-szerszamkarbantartas.jpg 1200w\" sizes=\"(max-width: 800px) 100vw, 1200px\" \/><\/a><\/span><\/div><div class=\"fusion-meta-tb fusion-meta-tb-1 floated\" style=\"--awb-border-bottom:0px;--awb-border-top:0px;--awb-border-left:0px;--awb-border-right:0px;--awb-height:36px;--awb-alignment-medium:flex-start;--awb-alignment-small:flex-start;\"><span class=\"fusion-tb-published-date\">2025.11.27.<\/span><span class=\"fusion-meta-tb-sep\"><\/span><\/div><div class=\"fusion-title title fusion-title-4 fusion-sep-none fusion-title-text fusion-title-size-four\" style=\"--awb-text-color:var(--awb-color8);--awb-margin-bottom:25px;--awb-margin-right-small:3%;--awb-margin-left-small:3%;--awb-link-color:var(--awb-color8);\"><h4 class=\"fusion-title-heading title-heading-left fusion-responsive-typography-calculated\" style=\"margin:0;--fontSize:23;--minFontSize:23;line-height:var(--awb-typography1-line-height);\"><a href=\"https:\/\/kresz.hu\/en\/miert-fontos-a-rendszeres-szerszamkarbantartas\/\" class=\"awb-custom-text-color awb-custom-text-hover-color\" target=\"_self\">Mi\u00e9rt fontos a rendszeres szersz\u00e1mkarbantart\u00e1s?<\/a><\/h4><\/div><div class=\"fusion-content-tb fusion-content-tb-1\" style=\"--awb-text-color:var(--awb-color8);--awb-font-size:16px;--awb-text-transform:none;\"><p>A szersz\u00e1mok karbantart\u00e1sa kulcsfontoss\u00e1g\u00fa a gy\u00e1rt\u00e1s hat\u00e9konys\u00e1ga \u00e9s min\u0151s\u00e9ge szempontj\u00e1b\u00f3l. Mozg\u00f3 alkatr\u00e9szek ken\u00e9se p\u00e9ld\u00e1ul elengedhetetlen, mert az id\u0151vel lekop\u00f3 ken\u0151anyag [...]<\/p><\/div><div ><a class=\"fusion-button button-flat button-medium button-custom fusion-button-default button-1 fusion-button-default-span fusion-button-default-type awb-b-icon-pos-left\" style=\"--button_accent_color:var(--awb-color8);--button_border_color:#d8d8d8;--button_accent_hover_color:var(--awb-color1);--button_border_hover_color:var(--awb-color1);--button_border_width-top:1px;--button_border_width-right:1px;--button_border_width-bottom:1px;--button_border_width-left:1px;--button_gradient_top_color:var(--awb-color1);--button_gradient_bottom_color:var(--awb-color1);--button_gradient_top_color_hover:hsla(var(--awb-color4-h),calc(var(--awb-color4-s) + 5%),calc(var(--awb-color4-l) + 5%),var(--awb-color4-a));--button_gradient_bottom_color_hover:hsla(var(--awb-color4-h),calc(var(--awb-color4-s) + 5%),calc(var(--awb-color4-l) + 5%),var(--awb-color4-a));\" target=\"_self\" data-hover=\"icon_position\" href=\"https:\/\/kresz.hu\/en\/miert-fontos-a-rendszeres-szerszamkarbantartas\/\"><i class=\"fa-arrow-circle-right fas button-icon-left\" aria-hidden=\"true\"><\/i><i class=\"fa-arrow-circle-right fas button-icon-left\" aria-hidden=\"true\"><\/i><span class=\"fusion-button-text\">Tov\u00e1bb<\/span><\/a><\/div><\/div><\/li>\n<li class=\"fusion-layout-column fusion_builder_column fusion-builder-column-4 fusion-flex-column post-card fusion-grid-column fusion-post-cards-grid-column\" style=\"--awb-bg-blend:overlay;--awb-bg-size:cover;--awb-transform:scaleX(1) scaleY(1);--awb-transform-hover:scaleX(1.02) scaleY(1.02);\" data-scroll-devices=\"small-visibility,medium-visibility,large-visibility\"><div class=\"fusion-column-wrapper fusion-column-has-shadow fusion-flex-justify-content-flex-start fusion-content-layout-row fusion-flex-align-items-stretch\"><div class=\"fusion-image-element \" style=\"--awb-aspect-ratio:2 \/ 1;--awb-margin-bottom:10px;--awb-caption-title-font-family:var(--h2_typography-font-family);--awb-caption-title-font-weight:var(--h2_typography-font-weight);--awb-caption-title-font-style:var(--h2_typography-font-style);--awb-caption-title-size:var(--h2_typography-font-size);--awb-caption-title-transform:var(--h2_typography-text-transform);--awb-caption-title-line-height:var(--h2_typography-line-height);--awb-caption-title-letter-spacing:var(--h2_typography-letter-spacing);\"><span class=\" fusion-imageframe imageframe-none imageframe-2 hover-type-none has-aspect-ratio\" style=\"border-radius:10px;\"><a class=\"fusion-no-lightbox\" href=\"https:\/\/kresz.hu\/en\/miert-eri-meg-mar-a-termekfejlesztes-korai-szakaszaban-bevonni-a-szerszamkeszito-partnert\/\" target=\"_self\" aria-label=\"Mi\u00e9rt \u00e9ri meg m\u00e1r a term\u00e9kfejleszt\u00e9s korai szakasz\u00e1ban bevonni a szersz\u00e1mk\u00e9sz\u00edt\u0151 partnert\"><img decoding=\"async\" width=\"1200\" height=\"628\" src=\"https:\/\/kresz.hu\/wp-content\/uploads\/2025\/11\/Miert-eri-meg-mar-a-termekfejlesztes-korai-szakaszaban-bevonni-a-szerszamkeszito-partnert.jpg\" class=\"img-responsive wp-image-1003 img-with-aspect-ratio\" alt srcset=\"https:\/\/kresz.hu\/wp-content\/uploads\/2025\/11\/Miert-eri-meg-mar-a-termekfejlesztes-korai-szakaszaban-bevonni-a-szerszamkeszito-partnert-200x105.jpg 200w, https:\/\/kresz.hu\/wp-content\/uploads\/2025\/11\/Miert-eri-meg-mar-a-termekfejlesztes-korai-szakaszaban-bevonni-a-szerszamkeszito-partnert-400x209.jpg 400w, https:\/\/kresz.hu\/wp-content\/uploads\/2025\/11\/Miert-eri-meg-mar-a-termekfejlesztes-korai-szakaszaban-bevonni-a-szerszamkeszito-partnert-600x314.jpg 600w, https:\/\/kresz.hu\/wp-content\/uploads\/2025\/11\/Miert-eri-meg-mar-a-termekfejlesztes-korai-szakaszaban-bevonni-a-szerszamkeszito-partnert-800x419.jpg 800w, https:\/\/kresz.hu\/wp-content\/uploads\/2025\/11\/Miert-eri-meg-mar-a-termekfejlesztes-korai-szakaszaban-bevonni-a-szerszamkeszito-partnert.jpg 1200w\" sizes=\"(max-width: 800px) 100vw, 1200px\" \/><\/a><\/span><\/div><div class=\"fusion-meta-tb fusion-meta-tb-2 floated\" style=\"--awb-border-bottom:0px;--awb-border-top:0px;--awb-border-left:0px;--awb-border-right:0px;--awb-height:36px;--awb-alignment-medium:flex-start;--awb-alignment-small:flex-start;\"><span class=\"fusion-tb-published-date\">2025.11.21.<\/span><span class=\"fusion-meta-tb-sep\"><\/span><\/div><div class=\"fusion-title title fusion-title-5 fusion-sep-none fusion-title-text fusion-title-size-four\" style=\"--awb-text-color:var(--awb-color8);--awb-margin-bottom:25px;--awb-margin-right-small:3%;--awb-margin-left-small:3%;--awb-link-color:var(--awb-color8);\"><h4 class=\"fusion-title-heading title-heading-left fusion-responsive-typography-calculated\" style=\"margin:0;--fontSize:23;--minFontSize:23;line-height:var(--awb-typography1-line-height);\"><a href=\"https:\/\/kresz.hu\/en\/miert-eri-meg-mar-a-termekfejlesztes-korai-szakaszaban-bevonni-a-szerszamkeszito-partnert\/\" class=\"awb-custom-text-color awb-custom-text-hover-color\" target=\"_self\">Mi\u00e9rt \u00e9ri meg m\u00e1r a term\u00e9kfejleszt\u00e9s korai szakasz\u00e1ban bevonni a szersz\u00e1mk\u00e9sz\u00edt\u0151 partnert?<\/a><\/h4><\/div><div class=\"fusion-content-tb fusion-content-tb-2\" style=\"--awb-text-color:var(--awb-color8);--awb-font-size:16px;--awb-text-transform:none;\"><p>A m\u0171anyag term\u00e9kek fejleszt\u00e9se sor\u00e1n nagy jelent\u0151s\u00e9ge van annak, hogy m\u00e1r a tervez\u00e9s korai szakasz\u00e1ban bevonjuk a szersz\u00e1mk\u00e9sz\u00edt\u0151 szak\u00e9rt\u0151t. Ez [...]<\/p><\/div><div ><a class=\"fusion-button button-flat button-medium button-custom fusion-button-default button-2 fusion-button-default-span fusion-button-default-type awb-b-icon-pos-left\" style=\"--button_accent_color:var(--awb-color8);--button_border_color:#d8d8d8;--button_accent_hover_color:var(--awb-color1);--button_border_hover_color:var(--awb-color1);--button_border_width-top:1px;--button_border_width-right:1px;--button_border_width-bottom:1px;--button_border_width-left:1px;--button_gradient_top_color:var(--awb-color1);--button_gradient_bottom_color:var(--awb-color1);--button_gradient_top_color_hover:hsla(var(--awb-color4-h),calc(var(--awb-color4-s) + 5%),calc(var(--awb-color4-l) + 5%),var(--awb-color4-a));--button_gradient_bottom_color_hover:hsla(var(--awb-color4-h),calc(var(--awb-color4-s) + 5%),calc(var(--awb-color4-l) + 5%),var(--awb-color4-a));\" target=\"_self\" data-hover=\"icon_position\" href=\"https:\/\/kresz.hu\/en\/miert-eri-meg-mar-a-termekfejlesztes-korai-szakaszaban-bevonni-a-szerszamkeszito-partnert\/\"><i class=\"fa-arrow-circle-right fas button-icon-left\" aria-hidden=\"true\"><\/i><i class=\"fa-arrow-circle-right fas button-icon-left\" aria-hidden=\"true\"><\/i><span class=\"fusion-button-text\">Tov\u00e1bb<\/span><\/a><\/div><\/div><\/li>\n<li class=\"fusion-layout-column fusion_builder_column fusion-builder-column-5 fusion-flex-column post-card fusion-grid-column fusion-post-cards-grid-column\" style=\"--awb-bg-blend:overlay;--awb-bg-size:cover;--awb-transform:scaleX(1) scaleY(1);--awb-transform-hover:scaleX(1.02) scaleY(1.02);\" data-scroll-devices=\"small-visibility,medium-visibility,large-visibility\"><div class=\"fusion-column-wrapper fusion-column-has-shadow fusion-flex-justify-content-flex-start fusion-content-layout-row fusion-flex-align-items-stretch\"><div class=\"fusion-image-element \" style=\"--awb-aspect-ratio:2 \/ 1;--awb-margin-bottom:10px;--awb-caption-title-font-family:var(--h2_typography-font-family);--awb-caption-title-font-weight:var(--h2_typography-font-weight);--awb-caption-title-font-style:var(--h2_typography-font-style);--awb-caption-title-size:var(--h2_typography-font-size);--awb-caption-title-transform:var(--h2_typography-text-transform);--awb-caption-title-line-height:var(--h2_typography-line-height);--awb-caption-title-letter-spacing:var(--h2_typography-letter-spacing);\"><span class=\" fusion-imageframe imageframe-none imageframe-3 hover-type-none has-aspect-ratio\" style=\"border-radius:10px;\"><a class=\"fusion-no-lightbox\" href=\"https:\/\/kresz.hu\/en\/rendhagyo-kamaraules-a-kresz-fiedlernel\/\" target=\"_self\" aria-label=\"kresz77\"><img decoding=\"async\" width=\"2560\" height=\"1652\" src=\"https:\/\/kresz.hu\/wp-content\/uploads\/2025\/11\/kresz77-scaled.jpg\" class=\"img-responsive wp-image-1009 img-with-aspect-ratio\" alt srcset=\"https:\/\/kresz.hu\/wp-content\/uploads\/2025\/11\/kresz77-200x129.jpg 200w, https:\/\/kresz.hu\/wp-content\/uploads\/2025\/11\/kresz77-400x258.jpg 400w, https:\/\/kresz.hu\/wp-content\/uploads\/2025\/11\/kresz77-600x387.jpg 600w, https:\/\/kresz.hu\/wp-content\/uploads\/2025\/11\/kresz77-800x516.jpg 800w, https:\/\/kresz.hu\/wp-content\/uploads\/2025\/11\/kresz77-1200x775.jpg 1200w, https:\/\/kresz.hu\/wp-content\/uploads\/2025\/11\/kresz77-scaled.jpg 2560w\" sizes=\"(max-width: 800px) 100vw, 2560px\" \/><\/a><\/span><\/div><div class=\"fusion-meta-tb fusion-meta-tb-3 floated\" style=\"--awb-border-bottom:0px;--awb-border-top:0px;--awb-border-left:0px;--awb-border-right:0px;--awb-height:36px;--awb-alignment-medium:flex-start;--awb-alignment-small:flex-start;\"><span class=\"fusion-tb-published-date\">2025.11.10.<\/span><span class=\"fusion-meta-tb-sep\"><\/span><\/div><div class=\"fusion-title title fusion-title-6 fusion-sep-none fusion-title-text fusion-title-size-four\" style=\"--awb-text-color:var(--awb-color8);--awb-margin-bottom:25px;--awb-margin-right-small:3%;--awb-margin-left-small:3%;--awb-link-color:var(--awb-color8);\"><h4 class=\"fusion-title-heading title-heading-left fusion-responsive-typography-calculated\" style=\"margin:0;--fontSize:23;--minFontSize:23;line-height:var(--awb-typography1-line-height);\"><a href=\"https:\/\/kresz.hu\/en\/rendhagyo-kamaraules-a-kresz-fiedlernel\/\" class=\"awb-custom-text-color awb-custom-text-hover-color\" target=\"_self\">Rendhagy\u00f3 kamara\u00fcl\u00e9s a Kresz &#038; Fiedlern\u00e9l<\/a><\/h4><\/div><div class=\"fusion-content-tb fusion-content-tb-3\" style=\"--awb-text-color:var(--awb-color8);--awb-font-size:16px;--awb-text-transform:none;\"><p>Nagy \u00f6r\u00f6m volt sz\u00e1munkra, hogy a P\u00e9cs-Baranyai Kereskedelmi \u00e9s Iparkamara rendhagy\u00f3 test\u00fcleti \u00fcl\u00e9s\u00e9nek ez\u00fattal mi adhattunk otthont a lassan n\u00e9gy [...]<\/p><\/div><div ><a class=\"fusion-button button-flat button-medium button-custom fusion-button-default button-3 fusion-button-default-span fusion-button-default-type awb-b-icon-pos-left\" style=\"--button_accent_color:var(--awb-color8);--button_border_color:#d8d8d8;--button_accent_hover_color:var(--awb-color1);--button_border_hover_color:var(--awb-color1);--button_border_width-top:1px;--button_border_width-right:1px;--button_border_width-bottom:1px;--button_border_width-left:1px;--button_gradient_top_color:var(--awb-color1);--button_gradient_bottom_color:var(--awb-color1);--button_gradient_top_color_hover:hsla(var(--awb-color4-h),calc(var(--awb-color4-s) + 5%),calc(var(--awb-color4-l) + 5%),var(--awb-color4-a));--button_gradient_bottom_color_hover:hsla(var(--awb-color4-h),calc(var(--awb-color4-s) + 5%),calc(var(--awb-color4-l) + 5%),var(--awb-color4-a));\" target=\"_self\" data-hover=\"icon_position\" href=\"https:\/\/kresz.hu\/en\/rendhagyo-kamaraules-a-kresz-fiedlernel\/\"><i class=\"fa-arrow-circle-right fas button-icon-left\" aria-hidden=\"true\"><\/i><i class=\"fa-arrow-circle-right fas button-icon-left\" aria-hidden=\"true\"><\/i><span class=\"fusion-button-text\">Tov\u00e1bb<\/span><\/a><\/div><\/div><\/li>\n<\/ul><div class=\"pagination clearfix\"><span class=\"current\">1<\/span><a href=\"https:\/\/kresz.hu\/en\/wp-json\/wp\/v2\/pages\/698\/page\/2\/\" class=\"inactive\">2<\/a><a class=\"pagination-next\" rel=\"next\" href=\"https:\/\/kresz.hu\/en\/wp-json\/wp\/v2\/pages\/698\/page\/2\/\"><span class=\"page-text\">Next<\/span><span class=\"page-next\"><\/span><\/a><\/div><div class=\"fusion-clearfix\"><\/div><\/div><div class=\"fusion-separator fusion-full-width-sep\" style=\"align-self: center;margin-left: auto;margin-right: auto;margin-top:40px;width:100%;\"><div class=\"fusion-separator-border sep-single sep-solid\" style=\"--awb-height:20px;--awb-amount:20px;--awb-sep-color:var(--awb-color2);border-color:var(--awb-color2);border-top-width:1px;\"><\/div><\/div><\/div><\/div><\/div><\/div><\/p>\n","protected":false},"excerpt":{"rendered":"","protected":false},"author":2,"featured_media":0,"parent":0,"menu_order":0,"comment_status":"closed","ping_status":"closed","template":"100-width.php","meta":{"footnotes":""},"class_list":["post-698","page","type-page","status-publish","hentry"],"_links":{"self":[{"href":"https:\/\/kresz.hu\/en\/wp-json\/wp\/v2\/pages\/698","targetHints":{"allow":["GET"]}}],"collection":[{"href":"https:\/\/kresz.hu\/en\/wp-json\/wp\/v2\/pages"}],"about":[{"href":"https:\/\/kresz.hu\/en\/wp-json\/wp\/v2\/types\/page"}],"author":[{"embeddable":true,"href":"https:\/\/kresz.hu\/en\/wp-json\/wp\/v2\/users\/2"}],"replies":[{"embeddable":true,"href":"https:\/\/kresz.hu\/en\/wp-json\/wp\/v2\/comments?post=698"}],"version-history":[{"count":4,"href":"https:\/\/kresz.hu\/en\/wp-json\/wp\/v2\/pages\/698\/revisions"}],"predecessor-version":[{"id":703,"href":"https:\/\/kresz.hu\/en\/wp-json\/wp\/v2\/pages\/698\/revisions\/703"}],"wp:attachment":[{"href":"https:\/\/kresz.hu\/en\/wp-json\/wp\/v2\/media?parent=698"}],"curies":[{"name":"wp","href":"https:\/\/api.w.org\/{rel}","templated":true}]}}