{"id":512,"date":"2024-10-28T13:51:30","date_gmt":"2024-10-28T12:51:30","guid":{"rendered":"https:\/\/kresz.hu\/?page_id=512"},"modified":"2024-11-04T11:40:09","modified_gmt":"2024-11-04T10:40:09","slug":"froccsonto-gepek-1001-2000-kn-zaroerovel","status":"publish","type":"page","link":"https:\/\/kresz.hu\/en\/geppark\/froccsonto-gepek-1001-2000-kn-zaroerovel\/","title":{"rendered":"Fr\u00f6ccs\u00f6nt\u0151 g\u00e9pek 1001-2000 kN z\u00e1r\u00f3er\u0151vel"},"content":{"rendered":"<p><div class=\"fusion-fullwidth fullwidth-box fusion-builder-row-1 fusion-flex-container has-pattern-background has-mask-background nonhundred-percent-fullwidth non-hundred-percent-height-scrolling\" style=\"--awb-background-position:right center;--awb-border-radius-top-left:0px;--awb-border-radius-top-right:0px;--awb-border-radius-bottom-right:0px;--awb-border-radius-bottom-left:0px;--awb-padding-top:25px;--awb-padding-bottom:20px;--awb-margin-top:0px;--awb-margin-bottom:80px;--awb-margin-bottom-small:50px;--awb-background-color:var(--awb-color5);--awb-background-image:linear-gradient(90deg, var(--awb-color5) 0%,#057dad 100%);--awb-background-size:cover;--awb-flex-wrap:wrap;--awb-box-shadow: 5px 10px 10px rgba(0,0,0,0.04);\" ><div class=\"fusion-builder-row fusion-row fusion-flex-align-items-flex-start fusion-flex-content-wrap\" style=\"max-width:1352px;margin-left: calc(-4% \/ 2 );margin-right: calc(-4% \/ 2 );\"><div class=\"fusion-layout-column fusion_builder_column fusion-builder-column-0 fusion_builder_column_1_1 1_1 fusion-flex-column\" style=\"--awb-padding-top:0px;--awb-padding-right:0px;--awb-padding-bottom:0px;--awb-padding-left:0px;--awb-bg-size:cover;--awb-width-large:100%;--awb-margin-top-large:0px;--awb-spacing-right-large:1.92%;--awb-margin-bottom-large:0px;--awb-spacing-left-large:1.92%;--awb-width-medium:100%;--awb-order-medium:0;--awb-spacing-right-medium:1.92%;--awb-spacing-left-medium:1.92%;--awb-width-small:100%;--awb-order-small:0;--awb-spacing-right-small:1.92%;--awb-spacing-left-small:1.92%;\" data-scroll-devices=\"small-visibility,medium-visibility,large-visibility\"><div class=\"fusion-column-wrapper fusion-column-has-shadow fusion-flex-justify-content-flex-start fusion-content-layout-column\"><div class=\"fusion-title title fusion-title-1 fusion-sep-none fusion-title-text fusion-title-size-one\" style=\"--awb-text-color:var(--awb-color1);\"><h1 class=\"fusion-title-heading title-heading-left sm-text-align-center fusion-responsive-typography-calculated\" style=\"margin:0;--fontSize:50;line-height:var(--awb-typography1-line-height);\">Machinery Fleet<\/h1><\/div><\/div><\/div><\/div><\/div><div class=\"fusion-fullwidth fullwidth-box fusion-builder-row-2 fusion-flex-container has-pattern-background has-mask-background nonhundred-percent-fullwidth non-hundred-percent-height-scrolling\" style=\"--awb-border-radius-top-left:0px;--awb-border-radius-top-right:0px;--awb-border-radius-bottom-right:0px;--awb-border-radius-bottom-left:0px;--awb-flex-wrap:wrap;\" ><div class=\"fusion-builder-row fusion-row fusion-flex-align-items-flex-start fusion-flex-content-wrap\" style=\"max-width:1352px;margin-left: calc(-4% \/ 2 );margin-right: calc(-4% \/ 2 );\"><div class=\"fusion-layout-column fusion_builder_column fusion-builder-column-1 fusion_builder_column_1_2 1_2 fusion-flex-column fusion-animated\" style=\"--awb-bg-size:cover;--awb-width-large:50%;--awb-margin-top-large:0px;--awb-spacing-right-large:3.84%;--awb-margin-bottom-large:20px;--awb-spacing-left-large:3.84%;--awb-width-medium:50%;--awb-order-medium:0;--awb-spacing-right-medium:3.84%;--awb-spacing-left-medium:3.84%;--awb-width-small:100%;--awb-order-small:0;--awb-spacing-right-small:1.92%;--awb-margin-bottom-small:0px;--awb-spacing-left-small:1.92%;\" data-animationtype=\"fadeInLeft\" data-animationduration=\"1.0\" data-animationoffset=\"top-into-view\" data-scroll-devices=\"small-visibility,medium-visibility,large-visibility\"><div class=\"fusion-column-wrapper fusion-column-has-shadow fusion-flex-justify-content-flex-start fusion-content-layout-column\"><div class=\"fusion-title title fusion-title-2 fusion-sep-none fusion-title-text fusion-title-size-three\" style=\"--awb-font-size:35px;\"><h3 class=\"fusion-title-heading title-heading-left sm-text-align-center fusion-responsive-typography-calculated\" style=\"margin:0;font-size:1em;--fontSize:35;line-height:var(--awb-typography1-line-height);\"><p>Injection Moulding Machines<br \/>\nwith 1,001\u20132,000 kN clamping force<\/p><\/h3><\/div><div class=\"fusion-separator fusion-full-width-sep\" style=\"align-self: center;margin-left: auto;margin-right: auto;margin-top:15px;margin-bottom:15px;width:100%;\"><\/div><div class=\"fusion-builder-row fusion-builder-row-inner fusion-row fusion-flex-align-items-flex-start fusion-flex-content-wrap\" style=\"width:104% !important;max-width:104% !important;margin-left: calc(-4% \/ 2 );margin-right: calc(-4% \/ 2 );\"><div class=\"fusion-layout-column fusion_builder_column_inner fusion-builder-nested-column-0 fusion_builder_column_inner_1_4 1_4 fusion-flex-column\" style=\"--awb-bg-size:cover;--awb-width-large:25%;--awb-margin-top-large:0px;--awb-spacing-right-large:7.68%;--awb-margin-bottom-large:0px;--awb-spacing-left-large:7.68%;--awb-width-medium:25%;--awb-order-medium:0;--awb-spacing-right-medium:7.68%;--awb-spacing-left-medium:7.68%;--awb-width-small:50%;--awb-order-small:0;--awb-spacing-right-small:3.84%;--awb-spacing-left-small:3.84%;\" data-scroll-devices=\"small-visibility,medium-visibility,large-visibility\"><div class=\"fusion-column-wrapper fusion-column-has-shadow fusion-flex-justify-content-flex-start fusion-content-layout-column\"><div class=\"fusion-image-element\" style=\"text-align:center;--awb-max-width:100px;--awb-caption-title-font-family:var(--h2_typography-font-family);--awb-caption-title-font-weight:var(--h2_typography-font-weight);--awb-caption-title-font-style:var(--h2_typography-font-style);--awb-caption-title-size:var(--h2_typography-font-size);--awb-caption-title-transform:var(--h2_typography-text-transform);--awb-caption-title-line-height:var(--h2_typography-line-height);--awb-caption-title-letter-spacing:var(--h2_typography-letter-spacing);\"><span class=\"fusion-imageframe imageframe-none imageframe-1 hover-type-none\"><img decoding=\"async\" width=\"400\" height=\"400\" title=\"param\u00e9ter &#8211; fr\u00f6ccs\u00f6nt\u00e9si s\u00faly\" src=\"https:\/\/kresz.hu\/wp-content\/uploads\/2024\/10\/parameter-froccsontesi-suly.png\" alt class=\"img-responsive wp-image-439\" srcset=\"https:\/\/kresz.hu\/wp-content\/uploads\/2024\/10\/parameter-froccsontesi-suly-200x200.png 200w, https:\/\/kresz.hu\/wp-content\/uploads\/2024\/10\/parameter-froccsontesi-suly.png 400w\" sizes=\"(max-width: 800px) 100vw, 400px\" \/><\/span><\/div><div class=\"fusion-text fusion-text-1\" style=\"--awb-content-alignment:center;--awb-margin-top:10px;\"><p>max. 400 g<\/p>\n<\/div><\/div><\/div><div class=\"fusion-layout-column fusion_builder_column_inner fusion-builder-nested-column-1 fusion_builder_column_inner_1_4 1_4 fusion-flex-column\" style=\"--awb-bg-size:cover;--awb-width-large:25%;--awb-margin-top-large:0px;--awb-spacing-right-large:7.68%;--awb-margin-bottom-large:0px;--awb-spacing-left-large:7.68%;--awb-width-medium:25%;--awb-order-medium:0;--awb-spacing-right-medium:7.68%;--awb-spacing-left-medium:7.68%;--awb-width-small:50%;--awb-order-small:0;--awb-spacing-right-small:3.84%;--awb-spacing-left-small:3.84%;\" data-scroll-devices=\"small-visibility,medium-visibility,large-visibility\"><div class=\"fusion-column-wrapper fusion-column-has-shadow fusion-flex-justify-content-flex-start fusion-content-layout-column\"><div class=\"fusion-image-element\" style=\"text-align:center;--awb-max-width:100px;--awb-caption-title-font-family:var(--h2_typography-font-family);--awb-caption-title-font-weight:var(--h2_typography-font-weight);--awb-caption-title-font-style:var(--h2_typography-font-style);--awb-caption-title-size:var(--h2_typography-font-size);--awb-caption-title-transform:var(--h2_typography-text-transform);--awb-caption-title-line-height:var(--h2_typography-line-height);--awb-caption-title-letter-spacing:var(--h2_typography-letter-spacing);\"><span class=\"fusion-imageframe imageframe-none imageframe-2 hover-type-none\"><img decoding=\"async\" width=\"400\" height=\"400\" title=\"param\u00e9ter &#8211; fr\u00f6ccs\u00f6nt\u00e9si t\u00e9rfogat\" src=\"https:\/\/kresz.hu\/wp-content\/uploads\/2024\/10\/parameter-froccsontesi-terfogat.png\" alt class=\"img-responsive wp-image-440\" srcset=\"https:\/\/kresz.hu\/wp-content\/uploads\/2024\/10\/parameter-froccsontesi-terfogat-200x200.png 200w, https:\/\/kresz.hu\/wp-content\/uploads\/2024\/10\/parameter-froccsontesi-terfogat.png 400w\" sizes=\"(max-width: 800px) 100vw, 400px\" \/><\/span><\/div><div class=\"fusion-text fusion-text-2\" style=\"--awb-content-alignment:center;--awb-margin-top:10px;\"><p>max. 300 cm<sup>2<\/sup><\/p>\n<\/div><\/div><\/div><\/div><div class=\"fusion-text fusion-text-3\"><p>Z\u00e1r\u00f3er\u0151 szempontj\u00e1b\u00f3l a k\u00f6z\u00e9ps\u0151 csoportba tartoz\u00f3 g\u00e9peinkkel kb. 150-300 cm<sup>2<\/sup> fel\u00fclet\u0171 term\u00e9keket tudunk gy\u00e1rtani, kb. 400 g s\u00falyig.<br \/>\nHa nem t\u00fal nagy a term\u00e9k, de t\u00f6bb m\u0171anyag sz\u00fcks\u00e9ges a kivitelez\u00e9s\u00e9hez, akkor a henger cser\u00e9j\u00e9vel nagyobb s\u00faly\u00fa darabokat is tudunk fr\u00f6ccs\u00f6nteni.<\/p>\n<p>A legk\u00fcl\u00f6nb\u00f6z\u0151bb ipari szabv\u00e1nyoknak is megfelel\u00fcnk! Rendk\u00edv\u00fcli precizit\u00e1ssal, ak\u00e1r 0,2-0,3 mm-es m\u00e9rett\u0171r\u00e9ssel is megoldjuk a gy\u00e1rt\u00e1st, s ha kell, ak\u00e1r minden egyes legy\u00e1rtott darabot (pl. f\u00e9kalkatr\u00e9szeket) egyes\u00e9vel m\u00e9r\u00fcnk \u00e9s ellen\u0151rz\u00fcnk.<\/p>\n<\/div><\/div><\/div><div class=\"fusion-layout-column fusion_builder_column fusion-builder-column-2 fusion_builder_column_1_2 1_2 fusion-flex-column fusion-animated\" style=\"--awb-padding-right-small:0px;--awb-bg-size:cover;--awb-width-large:50%;--awb-margin-top-large:0px;--awb-spacing-right-large:3.84%;--awb-margin-bottom-large:20px;--awb-spacing-left-large:3.84%;--awb-width-medium:50%;--awb-order-medium:0;--awb-spacing-right-medium:3.84%;--awb-spacing-left-medium:3.84%;--awb-width-small:100%;--awb-order-small:0;--awb-spacing-right-small:1.92%;--awb-margin-bottom-small:0px;--awb-spacing-left-small:1.92%;\" data-animationtype=\"fadeInRight\" data-animationduration=\"1.0\" data-animationoffset=\"top-into-view\" data-scroll-devices=\"small-visibility,medium-visibility,large-visibility\"><div class=\"fusion-column-wrapper fusion-column-has-shadow fusion-flex-justify-content-flex-start fusion-content-layout-column\"><div class=\"fusion-image-element\" style=\"text-align:center;--awb-caption-title-font-family:var(--h2_typography-font-family);--awb-caption-title-font-weight:var(--h2_typography-font-weight);--awb-caption-title-font-style:var(--h2_typography-font-style);--awb-caption-title-size:var(--h2_typography-font-size);--awb-caption-title-transform:var(--h2_typography-text-transform);--awb-caption-title-line-height:var(--h2_typography-line-height);--awb-caption-title-letter-spacing:var(--h2_typography-letter-spacing);\"><span class=\"fusion-imageframe imageframe-none imageframe-3 hover-type-none\"><img decoding=\"async\" width=\"1000\" height=\"800\" title=\"fr\u00f6ccs\u00f6nt\u0151 g\u00e9pek 1001-2000 kn z\u00e1r\u00f3er\u0151vel\" src=\"https:\/\/kresz.hu\/wp-content\/uploads\/2024\/10\/froccsonto-gepek-1001-2000-kn-zaroerovel.jpg\" alt class=\"img-responsive wp-image-175\" srcset=\"https:\/\/kresz.hu\/wp-content\/uploads\/2024\/10\/froccsonto-gepek-1001-2000-kn-zaroerovel-200x160.jpg 200w, https:\/\/kresz.hu\/wp-content\/uploads\/2024\/10\/froccsonto-gepek-1001-2000-kn-zaroerovel-400x320.jpg 400w, https:\/\/kresz.hu\/wp-content\/uploads\/2024\/10\/froccsonto-gepek-1001-2000-kn-zaroerovel-600x480.jpg 600w, https:\/\/kresz.hu\/wp-content\/uploads\/2024\/10\/froccsonto-gepek-1001-2000-kn-zaroerovel-800x640.jpg 800w, https:\/\/kresz.hu\/wp-content\/uploads\/2024\/10\/froccsonto-gepek-1001-2000-kn-zaroerovel.jpg 1000w\" sizes=\"(max-width: 800px) 100vw, 800px\" \/><\/span><\/div><\/div><\/div><\/div><\/div><div class=\"fusion-fullwidth fullwidth-box fusion-builder-row-3 fusion-flex-container has-pattern-background has-mask-background nonhundred-percent-fullwidth non-hundred-percent-height-scrolling\" style=\"--awb-border-radius-top-left:0px;--awb-border-radius-top-right:0px;--awb-border-radius-bottom-right:0px;--awb-border-radius-bottom-left:0px;--awb-margin-bottom:60px;--awb-margin-bottom-small:40px;--awb-flex-wrap:wrap;\" ><div class=\"fusion-builder-row fusion-row fusion-flex-align-items-flex-start fusion-flex-justify-content-center fusion-flex-content-wrap\" style=\"max-width:1352px;margin-left: calc(-4% \/ 2 );margin-right: calc(-4% \/ 2 );\"><div class=\"fusion-layout-column fusion_builder_column fusion-builder-column-3 fusion_builder_column_1_1 1_1 fusion-flex-column fusion-animated\" style=\"--awb-bg-size:cover;--awb-width-large:100%;--awb-margin-top-large:0px;--awb-spacing-right-large:1.92%;--awb-margin-bottom-large:20px;--awb-spacing-left-large:1.92%;--awb-width-medium:100%;--awb-order-medium:0;--awb-spacing-right-medium:1.92%;--awb-spacing-left-medium:1.92%;--awb-width-small:100%;--awb-order-small:0;--awb-spacing-right-small:1.92%;--awb-spacing-left-small:1.92%;\" data-animationtype=\"fadeInUp\" data-animationduration=\"0.5\" data-animationoffset=\"top-into-view\" data-scroll-devices=\"small-visibility,medium-visibility,large-visibility\"><div class=\"fusion-column-wrapper fusion-column-has-shadow fusion-flex-justify-content-flex-start fusion-content-layout-column\"><div class=\"fusion-text fusion-text-4\"><h3 style=\"text-align: center;\">Ezeket a g\u00e9peinket aj\u00e1nljuk az al\u00e1bbi term\u00e9kek fr\u00f6ccs\u00f6nt\u00e9s\u00e9hez is:<\/h3>\n<p style=\"text-align: center;\">b\u0151r\u00f6nd alkatr\u00e9szek (kerekek, foganty\u00fak), elektronikai cikkek, kart\u00e1maszok, fog\u00e1szati sz\u00e9kek tartoz\u00e9kai.<br \/>\n(A lista nem teljes, a lehet\u0151s\u00e9geknek csak a k\u00e9pzelet szab hat\u00e1rt&#8230;)<\/p>\n<\/div><\/div><\/div><div class=\"fusion-layout-column fusion_builder_column fusion-builder-column-4 fusion_builder_column_1_5 1_5 fusion-flex-column fusion-animated\" style=\"--awb-bg-size:cover;--awb-width-large:20%;--awb-margin-top-large:0px;--awb-spacing-right-large:9.6%;--awb-margin-bottom-large:20px;--awb-spacing-left-large:9.6%;--awb-width-medium:33.333333333333%;--awb-order-medium:0;--awb-spacing-right-medium:5.76%;--awb-spacing-left-medium:5.76%;--awb-width-small:50%;--awb-order-small:0;--awb-spacing-right-small:3.84%;--awb-spacing-left-small:3.84%;\" data-animationtype=\"fadeInUp\" data-animationduration=\"0.5\" data-animationoffset=\"top-into-view\" data-scroll-devices=\"small-visibility,medium-visibility,large-visibility\"><div class=\"fusion-column-wrapper fusion-column-has-shadow fusion-flex-justify-content-flex-start fusion-content-layout-column\"><div class=\"fusion-image-element\" style=\"--awb-caption-title-font-family:var(--h2_typography-font-family);--awb-caption-title-font-weight:var(--h2_typography-font-weight);--awb-caption-title-font-style:var(--h2_typography-font-style);--awb-caption-title-size:var(--h2_typography-font-size);--awb-caption-title-transform:var(--h2_typography-text-transform);--awb-caption-title-line-height:var(--h2_typography-line-height);--awb-caption-title-letter-spacing:var(--h2_typography-letter-spacing);\"><span class=\"fusion-imageframe imageframe-none imageframe-4 hover-type-none\" style=\"border-radius:10px;\"><img decoding=\"async\" width=\"600\" height=\"600\" title=\"b\u0151r\u00f6nd alkatr\u00e9szek\" src=\"https:\/\/kresz.hu\/wp-content\/uploads\/2024\/10\/borond-alkatreszek.jpg\" alt class=\"img-responsive wp-image-533\" srcset=\"https:\/\/kresz.hu\/wp-content\/uploads\/2024\/10\/borond-alkatreszek-200x200.jpg 200w, https:\/\/kresz.hu\/wp-content\/uploads\/2024\/10\/borond-alkatreszek-400x400.jpg 400w, https:\/\/kresz.hu\/wp-content\/uploads\/2024\/10\/borond-alkatreszek.jpg 600w\" sizes=\"(max-width: 800px) 100vw, 400px\" \/><\/span><\/div><\/div><\/div><div class=\"fusion-layout-column fusion_builder_column fusion-builder-column-5 fusion_builder_column_1_5 1_5 fusion-flex-column fusion-animated\" style=\"--awb-bg-size:cover;--awb-width-large:20%;--awb-margin-top-large:0px;--awb-spacing-right-large:9.6%;--awb-margin-bottom-large:20px;--awb-spacing-left-large:9.6%;--awb-width-medium:33.333333333333%;--awb-order-medium:0;--awb-spacing-right-medium:5.76%;--awb-spacing-left-medium:5.76%;--awb-width-small:50%;--awb-order-small:0;--awb-spacing-right-small:3.84%;--awb-spacing-left-small:3.84%;\" data-animationtype=\"fadeInUp\" data-animationduration=\"0.5\" data-animationoffset=\"top-into-view\" data-scroll-devices=\"small-visibility,medium-visibility,large-visibility\"><div class=\"fusion-column-wrapper fusion-column-has-shadow fusion-flex-justify-content-flex-start fusion-content-layout-column\"><div class=\"fusion-image-element\" style=\"--awb-caption-title-font-family:var(--h2_typography-font-family);--awb-caption-title-font-weight:var(--h2_typography-font-weight);--awb-caption-title-font-style:var(--h2_typography-font-style);--awb-caption-title-size:var(--h2_typography-font-size);--awb-caption-title-transform:var(--h2_typography-text-transform);--awb-caption-title-line-height:var(--h2_typography-line-height);--awb-caption-title-letter-spacing:var(--h2_typography-letter-spacing);\"><span class=\"fusion-imageframe imageframe-none imageframe-5 hover-type-none\" style=\"border-radius:10px;\"><img decoding=\"async\" width=\"600\" height=\"600\" title=\"elektronikai cikkek 1\" src=\"https:\/\/kresz.hu\/wp-content\/uploads\/2024\/10\/elektronikai-cikkek-1.jpg\" alt class=\"img-responsive wp-image-515\" srcset=\"https:\/\/kresz.hu\/wp-content\/uploads\/2024\/10\/elektronikai-cikkek-1-200x200.jpg 200w, https:\/\/kresz.hu\/wp-content\/uploads\/2024\/10\/elektronikai-cikkek-1-400x400.jpg 400w, https:\/\/kresz.hu\/wp-content\/uploads\/2024\/10\/elektronikai-cikkek-1.jpg 600w\" sizes=\"(max-width: 800px) 100vw, 400px\" \/><\/span><\/div><\/div><\/div><div class=\"fusion-layout-column fusion_builder_column fusion-builder-column-6 fusion_builder_column_1_5 1_5 fusion-flex-column fusion-animated\" style=\"--awb-bg-size:cover;--awb-width-large:20%;--awb-margin-top-large:0px;--awb-spacing-right-large:9.6%;--awb-margin-bottom-large:20px;--awb-spacing-left-large:9.6%;--awb-width-medium:33.333333333333%;--awb-order-medium:0;--awb-spacing-right-medium:5.76%;--awb-spacing-left-medium:5.76%;--awb-width-small:50%;--awb-order-small:0;--awb-spacing-right-small:3.84%;--awb-spacing-left-small:3.84%;\" data-animationtype=\"fadeInUp\" data-animationduration=\"0.5\" data-animationoffset=\"top-into-view\" data-scroll-devices=\"small-visibility,medium-visibility,large-visibility\"><div class=\"fusion-column-wrapper fusion-column-has-shadow fusion-flex-justify-content-flex-start fusion-content-layout-column\"><div class=\"fusion-image-element\" style=\"--awb-caption-title-font-family:var(--h2_typography-font-family);--awb-caption-title-font-weight:var(--h2_typography-font-weight);--awb-caption-title-font-style:var(--h2_typography-font-style);--awb-caption-title-size:var(--h2_typography-font-size);--awb-caption-title-transform:var(--h2_typography-text-transform);--awb-caption-title-line-height:var(--h2_typography-line-height);--awb-caption-title-letter-spacing:var(--h2_typography-letter-spacing);\"><span class=\"fusion-imageframe imageframe-none imageframe-6 hover-type-none\" style=\"border-radius:10px;\"><img decoding=\"async\" width=\"600\" height=\"600\" title=\"elektronikai cikkek 2\" src=\"https:\/\/kresz.hu\/wp-content\/uploads\/2024\/10\/elektronikai-cikkek-2.jpg\" alt class=\"img-responsive wp-image-516\" srcset=\"https:\/\/kresz.hu\/wp-content\/uploads\/2024\/10\/elektronikai-cikkek-2-200x200.jpg 200w, https:\/\/kresz.hu\/wp-content\/uploads\/2024\/10\/elektronikai-cikkek-2-400x400.jpg 400w, https:\/\/kresz.hu\/wp-content\/uploads\/2024\/10\/elektronikai-cikkek-2.jpg 600w\" sizes=\"(max-width: 800px) 100vw, 400px\" \/><\/span><\/div><\/div><\/div><div class=\"fusion-layout-column fusion_builder_column fusion-builder-column-7 fusion_builder_column_1_5 1_5 fusion-flex-column fusion-animated\" style=\"--awb-bg-size:cover;--awb-width-large:20%;--awb-margin-top-large:0px;--awb-spacing-right-large:9.6%;--awb-margin-bottom-large:20px;--awb-spacing-left-large:9.6%;--awb-width-medium:33.333333333333%;--awb-order-medium:0;--awb-spacing-right-medium:5.76%;--awb-spacing-left-medium:5.76%;--awb-width-small:50%;--awb-order-small:0;--awb-spacing-right-small:3.84%;--awb-spacing-left-small:3.84%;\" data-animationtype=\"fadeInUp\" data-animationduration=\"0.5\" data-animationoffset=\"top-into-view\" data-scroll-devices=\"small-visibility,medium-visibility,large-visibility\"><div class=\"fusion-column-wrapper fusion-column-has-shadow fusion-flex-justify-content-flex-start fusion-content-layout-column\"><div class=\"fusion-image-element\" style=\"--awb-caption-title-font-family:var(--h2_typography-font-family);--awb-caption-title-font-weight:var(--h2_typography-font-weight);--awb-caption-title-font-style:var(--h2_typography-font-style);--awb-caption-title-size:var(--h2_typography-font-size);--awb-caption-title-transform:var(--h2_typography-text-transform);--awb-caption-title-line-height:var(--h2_typography-line-height);--awb-caption-title-letter-spacing:var(--h2_typography-letter-spacing);\"><span class=\"fusion-imageframe imageframe-none imageframe-7 hover-type-none\" style=\"border-radius:10px;\"><img decoding=\"async\" width=\"600\" height=\"600\" title=\"kart\u00e1maszok, fog\u00e1szati sz\u00e9k tartoz\u00e9kai\" src=\"https:\/\/kresz.hu\/wp-content\/uploads\/2024\/11\/kartamaszok-fogaszati-szek-tartozekai.jpg\" alt class=\"img-responsive wp-image-737\" srcset=\"https:\/\/kresz.hu\/wp-content\/uploads\/2024\/11\/kartamaszok-fogaszati-szek-tartozekai-200x200.jpg 200w, https:\/\/kresz.hu\/wp-content\/uploads\/2024\/11\/kartamaszok-fogaszati-szek-tartozekai-400x400.jpg 400w, https:\/\/kresz.hu\/wp-content\/uploads\/2024\/11\/kartamaszok-fogaszati-szek-tartozekai.jpg 600w\" sizes=\"(max-width: 800px) 100vw, 400px\" \/><\/span><\/div><\/div><\/div><\/div><\/div><div class=\"fusion-fullwidth fullwidth-box fusion-builder-row-4 fusion-flex-container has-pattern-background has-mask-background fusion-parallax-fixed nonhundred-percent-fullwidth non-hundred-percent-height-scrolling\" style=\"--awb-background-position:right center;--awb-background-position-small:center center;--awb-border-radius-top-left:0px;--awb-border-radius-top-right:0px;--awb-border-radius-bottom-right:0px;--awb-border-radius-bottom-left:0px;--awb-padding-top:60px;--awb-padding-bottom:80px;--awb-margin-top:40px;--awb-background-color:var(--awb-color5);--awb-background-image:url(&quot;https:\/\/kresz.hu\/wp-content\/uploads\/2024\/10\/hatter-2.png&quot;);--awb-background-image-small:url(&#039;https:\/\/kresz.hu\/wp-content\/uploads\/2024\/10\/hatter-parallax-2.jpg&#039;);--awb-background-size:cover;--awb-flex-wrap:wrap;background-attachment:fixed;\" ><div class=\"fusion-builder-row fusion-row fusion-flex-align-items-flex-start fusion-flex-content-wrap\" style=\"max-width:1352px;margin-left: calc(-4% \/ 2 );margin-right: calc(-4% \/ 2 );\"><div class=\"fusion-layout-column fusion_builder_column fusion-builder-column-8 fusion_builder_column_2_3 2_3 fusion-flex-column\" style=\"--awb-bg-size:cover;--awb-width-large:66.666666666667%;--awb-margin-top-large:0px;--awb-spacing-right-large:2.88%;--awb-margin-bottom-large:0px;--awb-spacing-left-large:2.88%;--awb-width-medium:66.666666666667%;--awb-order-medium:0;--awb-spacing-right-medium:2.88%;--awb-spacing-left-medium:2.88%;--awb-width-small:100%;--awb-order-small:0;--awb-spacing-right-small:1.92%;--awb-spacing-left-small:1.92%;\" data-scroll-devices=\"small-visibility,medium-visibility,large-visibility\"><div class=\"fusion-column-wrapper fusion-column-has-shadow fusion-flex-justify-content-flex-start fusion-content-layout-column\"><div class=\"fusion-title title fusion-title-3 fusion-sep-none fusion-title-text fusion-title-size-three\" style=\"--awb-text-color:var(--awb-color1);--awb-margin-bottom:40px;--awb-margin-bottom-small:60px;--awb-font-size:30px;\"><h3 class=\"fusion-title-heading title-heading-left sm-text-align-center fusion-responsive-typography-calculated\" style=\"margin:0;font-size:1em;--fontSize:30;line-height:var(--awb-typography1-line-height);\">At our company, quality is not merely a slogan but the cornerstone of our corporate philosophy.<\/h3><\/div><div class=\"fusion-text fusion-text-5\" style=\"--awb-text-color:var(--awb-color1);\"><p>Nagysz\u00e9ri\u00e1s termel\u00e9sre be\u00e1ll\u00edtott, robotiz\u00e1lt g\u00e9peinknek k\u00f6sz\u00f6nhet\u0151en folyamatosan, a nap 24 \u00f3r\u00e1j\u00e1ban k\u00e9pesek vagyunk a magas min\u0151s\u00e9g\u0171 gy\u00e1rt\u00e1sra.<\/p>\n<p><strong>Our commitment to quality is therefore not just a promise, but a guarantee.<\/strong><\/p>\n<\/div><div class=\"fusion-separator fusion-full-width-sep\" style=\"align-self: center;margin-left: auto;margin-right: auto;margin-top:10px;margin-bottom:10px;width:100%;\"><\/div><div class=\"sm-text-align-center\"><a class=\"fusion-button button-flat button-xlarge button-custom fusion-button-default button-1 fusion-button-default-span fusion-button-default-type fusion-animated awb-b-icon-pos-left\" style=\"--button_accent_color:var(--awb-color5);--button_accent_hover_color:var(--awb-color1);--button_border_hover_color:var(--awb-color1);--button_gradient_top_color:var(--awb-color1);--button_gradient_bottom_color:var(--awb-color1);--button_gradient_top_color_hover:hsla(var(--awb-color4-h),calc(var(--awb-color4-s) + 5%),calc(var(--awb-color4-l) + 5%),var(--awb-color4-a));--button_gradient_bottom_color_hover:hsla(var(--awb-color4-h),calc(var(--awb-color4-s) + 5%),calc(var(--awb-color4-l) + 5%),var(--awb-color4-a));\" data-animationtype=\"shake\" data-animationduration=\"1.0\" data-animationoffset=\"top-into-view\" target=\"_self\" data-hover=\"icon_position\" href=\"https:\/\/kresz.hu\/en\/kapcsolat\/\"><i class=\"fa-paper-plane fas button-icon-left\" aria-hidden=\"true\"><\/i><i class=\"fa-paper-plane fas button-icon-left\" aria-hidden=\"true\"><\/i><span class=\"fusion-button-text\">Get in touch with us!<\/span><\/a><\/div><\/div><\/div><\/div><\/div><\/p>","protected":false},"excerpt":{"rendered":"","protected":false},"author":2,"featured_media":0,"parent":434,"menu_order":0,"comment_status":"closed","ping_status":"closed","template":"100-width.php","meta":{"footnotes":""},"class_list":["post-512","page","type-page","status-publish","hentry"],"_links":{"self":[{"href":"https:\/\/kresz.hu\/en\/wp-json\/wp\/v2\/pages\/512","targetHints":{"allow":["GET"]}}],"collection":[{"href":"https:\/\/kresz.hu\/en\/wp-json\/wp\/v2\/pages"}],"about":[{"href":"https:\/\/kresz.hu\/en\/wp-json\/wp\/v2\/types\/page"}],"author":[{"embeddable":true,"href":"https:\/\/kresz.hu\/en\/wp-json\/wp\/v2\/users\/2"}],"replies":[{"embeddable":true,"href":"https:\/\/kresz.hu\/en\/wp-json\/wp\/v2\/comments?post=512"}],"version-history":[{"count":21,"href":"https:\/\/kresz.hu\/en\/wp-json\/wp\/v2\/pages\/512\/revisions"}],"predecessor-version":[{"id":739,"href":"https:\/\/kresz.hu\/en\/wp-json\/wp\/v2\/pages\/512\/revisions\/739"}],"up":[{"embeddable":true,"href":"https:\/\/kresz.hu\/en\/wp-json\/wp\/v2\/pages\/434"}],"wp:attachment":[{"href":"https:\/\/kresz.hu\/en\/wp-json\/wp\/v2\/media?parent=512"}],"curies":[{"name":"wp","href":"https:\/\/api.w.org\/{rel}","templated":true}]}}