{"id":380,"date":"2024-10-25T16:52:08","date_gmt":"2024-10-25T14:52:08","guid":{"rendered":"https:\/\/kresz.hu\/?page_id=380"},"modified":"2024-11-13T10:42:14","modified_gmt":"2024-11-13T09:42:14","slug":"osszeszereles","status":"publish","type":"page","link":"https:\/\/kresz.hu\/en\/tevekenyseg\/osszeszereles\/","title":{"rendered":"Assembly"},"content":{"rendered":"<p><div class=\"fusion-fullwidth fullwidth-box fusion-builder-row-1 fusion-flex-container has-pattern-background has-mask-background nonhundred-percent-fullwidth non-hundred-percent-height-scrolling\" style=\"--awb-background-position:right center;--awb-border-radius-top-left:0px;--awb-border-radius-top-right:0px;--awb-border-radius-bottom-right:0px;--awb-border-radius-bottom-left:0px;--awb-padding-top:25px;--awb-padding-bottom:20px;--awb-margin-top:0px;--awb-margin-bottom:100px;--awb-margin-bottom-small:50px;--awb-background-color:var(--awb-color5);--awb-background-image:linear-gradient(90deg, var(--awb-color5) 0%,#057dad 100%);--awb-background-size:cover;--awb-flex-wrap:wrap;--awb-box-shadow: 5px 10px 10px rgba(0,0,0,0.04);\" ><div class=\"fusion-builder-row fusion-row fusion-flex-align-items-flex-start fusion-flex-content-wrap\" style=\"max-width:1352px;margin-left: calc(-4% \/ 2 );margin-right: calc(-4% \/ 2 );\"><div class=\"fusion-layout-column fusion_builder_column fusion-builder-column-0 fusion_builder_column_1_1 1_1 fusion-flex-column\" style=\"--awb-padding-top:0px;--awb-padding-right:0px;--awb-padding-bottom:0px;--awb-padding-left:0px;--awb-bg-size:cover;--awb-width-large:100%;--awb-margin-top-large:0px;--awb-spacing-right-large:1.92%;--awb-margin-bottom-large:0px;--awb-spacing-left-large:1.92%;--awb-width-medium:100%;--awb-order-medium:0;--awb-spacing-right-medium:1.92%;--awb-spacing-left-medium:1.92%;--awb-width-small:100%;--awb-order-small:0;--awb-spacing-right-small:1.92%;--awb-spacing-left-small:1.92%;\" data-scroll-devices=\"small-visibility,medium-visibility,large-visibility\"><div class=\"fusion-column-wrapper fusion-column-has-shadow fusion-flex-justify-content-flex-start fusion-content-layout-column\"><div class=\"fusion-title title fusion-title-1 fusion-sep-none fusion-title-text fusion-title-size-one\" style=\"--awb-text-color:var(--awb-color1);\"><h1 class=\"fusion-title-heading title-heading-left sm-text-align-center fusion-responsive-typography-calculated\" style=\"margin:0;--fontSize:50;line-height:var(--awb-typography1-line-height);\">\u00d6sszeszerel\u00e9s<\/h1><\/div><\/div><\/div><\/div><\/div><div class=\"fusion-fullwidth fullwidth-box fusion-builder-row-2 fusion-flex-container has-pattern-background has-mask-background nonhundred-percent-fullwidth non-hundred-percent-height-scrolling\" style=\"--awb-border-radius-top-left:0px;--awb-border-radius-top-right:0px;--awb-border-radius-bottom-right:0px;--awb-border-radius-bottom-left:0px;--awb-margin-bottom:70px;--awb-flex-wrap:wrap;\" ><div class=\"fusion-builder-row fusion-row fusion-flex-align-items-flex-start fusion-flex-content-wrap\" style=\"max-width:1352px;margin-left: calc(-4% \/ 2 );margin-right: calc(-4% \/ 2 );\"><div class=\"fusion-layout-column fusion_builder_column fusion-builder-column-1 fusion_builder_column_3_5 3_5 fusion-flex-column\" style=\"--awb-bg-size:cover;--awb-width-large:60%;--awb-margin-top-large:0px;--awb-spacing-right-large:3.2%;--awb-margin-bottom-large:20px;--awb-spacing-left-large:3.2%;--awb-width-medium:60%;--awb-order-medium:0;--awb-spacing-right-medium:3.2%;--awb-spacing-left-medium:3.2%;--awb-width-small:100%;--awb-order-small:2;--awb-spacing-right-small:1.92%;--awb-spacing-left-small:1.92%;\" data-scroll-devices=\"small-visibility,medium-visibility,large-visibility\"><div class=\"fusion-column-wrapper fusion-column-has-shadow fusion-flex-justify-content-flex-start fusion-content-layout-column\"><div class=\"fusion-title title fusion-title-2 fusion-no-small-visibility fusion-sep-none fusion-title-text fusion-title-size-two fusion-animated\" style=\"--awb-margin-top:0px;--awb-margin-bottom:0px;--awb-margin-left:-50px;--awb-font-size:100px;\" data-animationType=\"fadeInRight\" data-animationDuration=\"1.0\" data-animationOffset=\"top-into-view\"><h2 class=\"fusion-title-heading title-heading-left sm-text-align-center fusion-responsive-typography-calculated\" style=\"margin:0;font-size:1em;--fontSize:100;line-height:0.9;\">Komplex megold\u00e1sok<\/h2><\/div><div class=\"fusion-title title fusion-title-3 fusion-no-medium-visibility fusion-no-large-visibility fusion-sep-none fusion-title-text fusion-title-size-two fusion-animated\" style=\"--awb-margin-top:0px;--awb-margin-bottom-small:30px;--awb-font-size:80px;\" data-animationType=\"fadeInRight\" data-animationDuration=\"1.0\" data-animationOffset=\"top-into-view\"><h2 class=\"fusion-title-heading title-heading-left sm-text-align-center fusion-responsive-typography-calculated\" style=\"margin:0;font-size:1em;--fontSize:80;line-height:0.9;\">Komplex megold\u00e1sok<\/h2><\/div><div class=\"fusion-text fusion-text-1 sm-text-align-center fusion-animated\" style=\"--awb-font-size:20px;--awb-text-color:var(--awb-color4);--awb-margin-top:-33px;--awb-text-font-family:&quot;Rubik&quot;;--awb-text-font-style:normal;--awb-text-font-weight:700;\" data-animationType=\"fadeInRight\" data-animationDuration=\"1.0\" data-animationDelay=\"0.5\" data-animationOffset=\"top-into-view\"><p>[Teljes k\u00f6r\u0171 szolg\u00e1ltat\u00e1st biztos\u00edtunk]<\/p>\n<\/div><div class=\"fusion-title title fusion-title-4 fusion-sep-none fusion-title-text fusion-title-size-three fusion-animated\" data-animationType=\"fadeInRight\" data-animationDuration=\"1.0\" data-animationDelay=\"0.5\" data-animationOffset=\"top-into-view\"><h3 class=\"fusion-title-heading title-heading-left sm-text-align-center fusion-responsive-typography-calculated\" style=\"margin:0;--fontSize:30;line-height:var(--awb-typography1-line-height);\">\u00d6sszeszerel\u00e9s szolg\u00e1ltat\u00e1s<\/h3><\/div><div class=\"fusion-separator fusion-full-width-sep\" style=\"align-self: center;margin-left: auto;margin-right: auto;margin-top:10px;margin-bottom:10px;width:100%;\"><\/div><div class=\"fusion-text fusion-text-2 fusion-animated\" data-animationType=\"fadeInRight\" data-animationDuration=\"1.0\" data-animationDelay=\"0.5\" data-animationOffset=\"top-into-view\"><p>Megrendel\u0151ink \u00e9s a piac ig\u00e9ny\u00e9nek eleget t\u00e9ve a fr\u00f6ccs\u00f6nt\u00e9sen \u00e9s a szersz\u00e1mk\u00e9sz\u00edt\u00e9sen k\u00edv\u00fcl term\u00e9k-\u00f6sszeszerel\u00e9st is v\u00e1llalunk!<\/p>\n<p style=\"padding-left: 40px;\"><span style=\"color: #99cc00;\"><strong>V\u00e1llaljuk a precizit\u00e1st ig\u00e9nyl\u0151, apr\u00f3l\u00e9kos alkatr\u00e9szek k\u00e9zi \u00f6sszeilleszt\u00e9s\u00e9t, vagy komplexebb alkatr\u00e9szek teljes k\u00f6r\u0171 \u00f6sszeszerel\u00e9s\u00e9t is.<\/strong><\/span><\/p>\n<p>Hossz\u00fat\u00e1v\u00fa megrendel\u00e9sekn\u00e9l, bonyolultabb alkatr\u00e9szek teljes k\u00f6r\u0171 gy\u00e1rt\u00e1s\u00e1n\u00e1l saj\u00e1t fejleszt\u00e9sekkel automatiz\u00e1ljuk az \u00f6sszeszerel\u00e9si folyamatot, amellyel id\u0151t takar\u00edtunk meg \u00e9s biztos\u00edtjuk a standard min\u0151s\u00e9get.<\/p>\n<p>T\u00f6bbkomponens\u0171 vagy inzertes fr\u00f6ccs\u00f6nt\u00e9st k\u00f6vet\u0151en saj\u00e1t gy\u00e1regys\u00e9g\u00fcnkben \u00e1ll\u00edtjuk \u00f6ssze a k\u00edv\u00e1nt alkatr\u00e9szt, amelynek k\u00f6tegel\u00e9s\u00e9r\u0151l, csomagol\u00e1s\u00e1r\u00f3l is gondoskodunk. Mindenre k\u00e9szen \u00e1llunk!<\/p>\n<\/div><\/div><\/div><div class=\"fusion-layout-column fusion_builder_column fusion-builder-column-2 fusion_builder_column_2_5 2_5 fusion-flex-column\" style=\"--awb-padding-right-small:0px;--awb-bg-size:cover;--awb-width-large:40%;--awb-margin-top-large:0px;--awb-spacing-right-large:4.8%;--awb-margin-bottom-large:20px;--awb-spacing-left-large:4.8%;--awb-width-medium:40%;--awb-order-medium:0;--awb-spacing-right-medium:4.8%;--awb-spacing-left-medium:4.8%;--awb-width-small:100%;--awb-order-small:1;--awb-spacing-right-small:1.92%;--awb-margin-bottom-small:30px;--awb-spacing-left-small:1.92%;\" data-scroll-devices=\"small-visibility,medium-visibility,large-visibility\"><div class=\"fusion-column-wrapper fusion-column-has-shadow fusion-flex-justify-content-flex-start fusion-content-layout-column\"><div class=\"fusion-image-element \" style=\"text-align:center;--awb-caption-title-font-family:var(--h2_typography-font-family);--awb-caption-title-font-weight:var(--h2_typography-font-weight);--awb-caption-title-font-style:var(--h2_typography-font-style);--awb-caption-title-size:var(--h2_typography-font-size);--awb-caption-title-transform:var(--h2_typography-text-transform);--awb-caption-title-line-height:var(--h2_typography-line-height);--awb-caption-title-letter-spacing:var(--h2_typography-letter-spacing);\"><span class=\" fusion-imageframe imageframe-none imageframe-1 hover-type-none fusion-animated\" data-animationType=\"fadeInLeft\" data-animationDuration=\"1.5\" data-animationOffset=\"top-into-view\"><img decoding=\"async\" width=\"604\" height=\"642\" title=\"\u00f6sszeszerel\u00e9s\" src=\"https:\/\/kresz.hu\/wp-content\/uploads\/2024\/10\/osszeszereles.png\" alt class=\"img-responsive wp-image-381\" srcset=\"https:\/\/kresz.hu\/wp-content\/uploads\/2024\/10\/osszeszereles-200x213.png 200w, https:\/\/kresz.hu\/wp-content\/uploads\/2024\/10\/osszeszereles-400x425.png 400w, https:\/\/kresz.hu\/wp-content\/uploads\/2024\/10\/osszeszereles-600x638.png 600w, https:\/\/kresz.hu\/wp-content\/uploads\/2024\/10\/osszeszereles.png 604w\" sizes=\"(max-width: 800px) 100vw, 600px\" \/><\/span><\/div><\/div><\/div><div class=\"fusion-layout-column fusion_builder_column fusion-builder-column-3 fusion_builder_column_1_1 1_1 fusion-flex-column fusion-animated\" style=\"--awb-padding-right-small:0px;--awb-bg-size:cover;--awb-width-large:100%;--awb-margin-top-large:0px;--awb-spacing-right-large:1.92%;--awb-margin-bottom-large:20px;--awb-spacing-left-large:1.92%;--awb-width-medium:100%;--awb-order-medium:0;--awb-spacing-right-medium:1.92%;--awb-spacing-left-medium:1.92%;--awb-width-small:100%;--awb-order-small:3;--awb-spacing-right-small:1.92%;--awb-margin-bottom-small:0px;--awb-spacing-left-small:1.92%;\" data-animationType=\"fadeInLeft\" data-animationDuration=\"1.0\" data-animationOffset=\"top-into-view\" data-scroll-devices=\"small-visibility,medium-visibility,large-visibility\"><div class=\"fusion-column-wrapper fusion-column-has-shadow fusion-flex-justify-content-flex-start fusion-content-layout-column\"><div class=\"awb-gallery-wrapper awb-gallery-wrapper-1 button-span-no\" style=\"--more-btn-alignment:center;\"><div style=\"margin:-10px;--awb-bordersize:0px;--awb-border-radius:10px;\" class=\"fusion-gallery fusion-gallery-container fusion-grid-4 fusion-columns-total-4 fusion-gallery-layout-grid fusion-gallery-1\"><div style=\"padding:10px;\" class=\"fusion-grid-column fusion-gallery-column fusion-gallery-column-4 hover-type-none\"><div class=\"fusion-gallery-image\"><a href=\"https:\/\/kresz.hu\/wp-content\/uploads\/2024\/10\/galeria-osszeszereles-5.jpg\" rel=\"noreferrer\" data-rel=\"iLightbox[gallery_image_1]\" class=\"fusion-lightbox\" target=\"_self\"><img decoding=\"async\" src=\"https:\/\/kresz.hu\/wp-content\/uploads\/2024\/10\/galeria-osszeszereles-5.jpg\" width=\"1500\" height=\"1000\" alt=\"\" title=\"gal\u00e9ria &#8211; \u00f6sszeszerel\u00e9s (5)\" aria-label=\"gal\u00e9ria &#8211; \u00f6sszeszerel\u00e9s (5)\" class=\"img-responsive wp-image-386\" srcset=\"https:\/\/kresz.hu\/wp-content\/uploads\/2024\/10\/galeria-osszeszereles-5-200x133.jpg 200w, https:\/\/kresz.hu\/wp-content\/uploads\/2024\/10\/galeria-osszeszereles-5-400x267.jpg 400w, https:\/\/kresz.hu\/wp-content\/uploads\/2024\/10\/galeria-osszeszereles-5-600x400.jpg 600w, https:\/\/kresz.hu\/wp-content\/uploads\/2024\/10\/galeria-osszeszereles-5-800x533.jpg 800w, https:\/\/kresz.hu\/wp-content\/uploads\/2024\/10\/galeria-osszeszereles-5-1200x800.jpg 1200w, https:\/\/kresz.hu\/wp-content\/uploads\/2024\/10\/galeria-osszeszereles-5.jpg 1500w\" sizes=\"(min-width: 2200px) 100vw, (min-width: 856px) 318px, (min-width: 784px) 423px, (min-width: 712px) 635px, (min-width: 640px) 712px, \" \/><\/a><\/div><\/div><div style=\"padding:10px;\" class=\"fusion-grid-column fusion-gallery-column fusion-gallery-column-4 hover-type-none\"><div class=\"fusion-gallery-image\"><a href=\"https:\/\/kresz.hu\/wp-content\/uploads\/2024\/11\/KRESZ-4162.jpg\" rel=\"noreferrer\" data-rel=\"iLightbox[gallery_image_1]\" class=\"fusion-lightbox\" target=\"_self\"><img decoding=\"async\" src=\"https:\/\/kresz.hu\/wp-content\/uploads\/2024\/11\/KRESZ-4162.jpg\" width=\"1500\" height=\"1000\" alt=\"\" title=\"KRESZ-4162\" aria-label=\"KRESZ-4162\" class=\"img-responsive wp-image-856\" srcset=\"https:\/\/kresz.hu\/wp-content\/uploads\/2024\/11\/KRESZ-4162-200x133.jpg 200w, https:\/\/kresz.hu\/wp-content\/uploads\/2024\/11\/KRESZ-4162-400x267.jpg 400w, https:\/\/kresz.hu\/wp-content\/uploads\/2024\/11\/KRESZ-4162-600x400.jpg 600w, https:\/\/kresz.hu\/wp-content\/uploads\/2024\/11\/KRESZ-4162-800x533.jpg 800w, https:\/\/kresz.hu\/wp-content\/uploads\/2024\/11\/KRESZ-4162-1200x800.jpg 1200w, https:\/\/kresz.hu\/wp-content\/uploads\/2024\/11\/KRESZ-4162.jpg 1500w\" sizes=\"(min-width: 2200px) 100vw, (min-width: 856px) 318px, (min-width: 784px) 423px, (min-width: 712px) 635px, (min-width: 640px) 712px, \" \/><\/a><\/div><\/div><div style=\"padding:10px;\" class=\"fusion-grid-column fusion-gallery-column fusion-gallery-column-4 hover-type-none\"><div class=\"fusion-gallery-image\"><a href=\"https:\/\/kresz.hu\/wp-content\/uploads\/2024\/11\/KRESZ-4293.jpg\" rel=\"noreferrer\" data-rel=\"iLightbox[gallery_image_1]\" class=\"fusion-lightbox\" target=\"_self\"><img decoding=\"async\" src=\"https:\/\/kresz.hu\/wp-content\/uploads\/2024\/11\/KRESZ-4293.jpg\" width=\"1500\" height=\"1000\" alt=\"\" title=\"KRESZ-4293\" aria-label=\"KRESZ-4293\" class=\"img-responsive wp-image-857\" srcset=\"https:\/\/kresz.hu\/wp-content\/uploads\/2024\/11\/KRESZ-4293-200x133.jpg 200w, https:\/\/kresz.hu\/wp-content\/uploads\/2024\/11\/KRESZ-4293-400x267.jpg 400w, https:\/\/kresz.hu\/wp-content\/uploads\/2024\/11\/KRESZ-4293-600x400.jpg 600w, https:\/\/kresz.hu\/wp-content\/uploads\/2024\/11\/KRESZ-4293-800x533.jpg 800w, https:\/\/kresz.hu\/wp-content\/uploads\/2024\/11\/KRESZ-4293-1200x800.jpg 1200w, https:\/\/kresz.hu\/wp-content\/uploads\/2024\/11\/KRESZ-4293.jpg 1500w\" sizes=\"(min-width: 2200px) 100vw, (min-width: 856px) 318px, (min-width: 784px) 423px, (min-width: 712px) 635px, (min-width: 640px) 712px, \" \/><\/a><\/div><\/div><div style=\"padding:10px;\" class=\"fusion-grid-column fusion-gallery-column fusion-gallery-column-4 hover-type-none\"><div class=\"fusion-gallery-image\"><a href=\"https:\/\/kresz.hu\/wp-content\/uploads\/2024\/11\/KRESZ-4138.jpg\" rel=\"noreferrer\" data-rel=\"iLightbox[gallery_image_1]\" class=\"fusion-lightbox\" target=\"_self\"><img decoding=\"async\" src=\"https:\/\/kresz.hu\/wp-content\/uploads\/2024\/11\/KRESZ-4138.jpg\" width=\"1500\" height=\"1000\" alt=\"\" title=\"KRESZ-4138\" aria-label=\"KRESZ-4138\" class=\"img-responsive wp-image-855\" srcset=\"https:\/\/kresz.hu\/wp-content\/uploads\/2024\/11\/KRESZ-4138-200x133.jpg 200w, https:\/\/kresz.hu\/wp-content\/uploads\/2024\/11\/KRESZ-4138-400x267.jpg 400w, https:\/\/kresz.hu\/wp-content\/uploads\/2024\/11\/KRESZ-4138-600x400.jpg 600w, https:\/\/kresz.hu\/wp-content\/uploads\/2024\/11\/KRESZ-4138-800x533.jpg 800w, https:\/\/kresz.hu\/wp-content\/uploads\/2024\/11\/KRESZ-4138-1200x800.jpg 1200w, https:\/\/kresz.hu\/wp-content\/uploads\/2024\/11\/KRESZ-4138.jpg 1500w\" sizes=\"(min-width: 2200px) 100vw, (min-width: 856px) 318px, (min-width: 784px) 423px, (min-width: 712px) 635px, (min-width: 640px) 712px, \" \/><\/a><\/div><\/div><div class=\"clearfix\"><\/div><\/div><\/div><\/div><\/div><\/div><\/div><div class=\"fusion-fullwidth fullwidth-box fusion-builder-row-3 fusion-flex-container has-pattern-background has-mask-background fusion-parallax-fixed nonhundred-percent-fullwidth non-hundred-percent-height-scrolling\" style=\"--awb-background-position:right center;--awb-background-position-small:center center;--awb-border-radius-top-left:0px;--awb-border-radius-top-right:0px;--awb-border-radius-bottom-right:0px;--awb-border-radius-bottom-left:0px;--awb-padding-top:60px;--awb-padding-bottom:80px;--awb-background-color:var(--awb-color5);--awb-background-image:url(&quot;https:\/\/kresz.hu\/wp-content\/uploads\/2024\/10\/hatter-2.png&quot;);--awb-background-image-small:url(&#039;https:\/\/kresz.hu\/wp-content\/uploads\/2024\/10\/hatter-parallax-2.jpg&#039;);--awb-background-size:cover;--awb-flex-wrap:wrap;background-attachment:fixed;\" ><div class=\"fusion-builder-row fusion-row fusion-flex-align-items-flex-start fusion-flex-content-wrap\" style=\"max-width:1352px;margin-left: calc(-4% \/ 2 );margin-right: calc(-4% \/ 2 );\"><div class=\"fusion-layout-column fusion_builder_column fusion-builder-column-4 fusion_builder_column_2_3 2_3 fusion-flex-column\" style=\"--awb-bg-size:cover;--awb-width-large:66.666666666667%;--awb-margin-top-large:0px;--awb-spacing-right-large:2.88%;--awb-margin-bottom-large:0px;--awb-spacing-left-large:2.88%;--awb-width-medium:66.666666666667%;--awb-order-medium:0;--awb-spacing-right-medium:2.88%;--awb-spacing-left-medium:2.88%;--awb-width-small:100%;--awb-order-small:0;--awb-spacing-right-small:1.92%;--awb-spacing-left-small:1.92%;\" data-scroll-devices=\"small-visibility,medium-visibility,large-visibility\"><div class=\"fusion-column-wrapper fusion-column-has-shadow fusion-flex-justify-content-flex-start fusion-content-layout-column\"><div class=\"fusion-title title fusion-title-5 fusion-sep-none fusion-title-text fusion-title-size-three\" style=\"--awb-text-color:var(--awb-color1);--awb-margin-bottom:40px;--awb-margin-bottom-small:60px;--awb-font-size:30px;\"><h3 class=\"fusion-title-heading title-heading-left sm-text-align-center fusion-responsive-typography-calculated\" style=\"margin:0;font-size:1em;--fontSize:30;line-height:var(--awb-typography1-line-height);\">C\u00e9g\u00fcnkn\u00e9l a min\u0151s\u00e9g nem csup\u00e1n egy szlogen, hanem v\u00e1llalati filoz\u00f3fi\u00e1nk alapk\u00f6ve!<\/h3><\/div><div class=\"fusion-text fusion-text-3\" style=\"--awb-text-color:var(--awb-color1);\"><p>F\u00fcggetlen\u00fcl att\u00f3l, hogy kis sorozat\u00fa, h\u00f3napokon vagy ak\u00e1r \u00e9veken \u00e1t tart\u00f3 t\u00f6meggy\u00e1rt\u00e1sr\u00f3l van sz\u00f3, a min\u0151s\u00e9gi termel\u00e9s az egyetlen elfogadhat\u00f3 standard a sz\u00e1munkra.<\/p>\n<p><strong>Elk\u00f6telezetts\u00e9g\u00fcnk a min\u0151s\u00e9g ir\u00e1nt teh\u00e1t nem csup\u00e1n egy \u00edg\u00e9ret, hanem garancia is.<\/strong><\/p>\n<\/div><div class=\"fusion-separator fusion-full-width-sep\" style=\"align-self: center;margin-left: auto;margin-right: auto;margin-top:10px;margin-bottom:10px;width:100%;\"><\/div><div class=\"sm-text-align-center\"><a class=\"fusion-button button-flat button-xlarge button-custom fusion-button-default button-1 fusion-button-default-span fusion-button-default-type fusion-animated awb-b-icon-pos-left\" style=\"--button_accent_color:var(--awb-color5);--button_accent_hover_color:var(--awb-color1);--button_border_hover_color:var(--awb-color1);--button_gradient_top_color:var(--awb-color1);--button_gradient_bottom_color:var(--awb-color1);--button_gradient_top_color_hover:hsla(var(--awb-color4-h),calc(var(--awb-color4-s) + 5%),calc(var(--awb-color4-l) + 5%),var(--awb-color4-a));--button_gradient_bottom_color_hover:hsla(var(--awb-color4-h),calc(var(--awb-color4-s) + 5%),calc(var(--awb-color4-l) + 5%),var(--awb-color4-a));\" data-animationType=\"shake\" data-animationDuration=\"1.0\" data-animationOffset=\"top-into-view\" target=\"_self\" data-hover=\"icon_position\" href=\"https:\/\/kresz.hu\/kapcsolat\/\"><i class=\"fa-paper-plane fas button-icon-left\" aria-hidden=\"true\"><\/i><i class=\"fa-paper-plane fas button-icon-left\" aria-hidden=\"true\"><\/i><span class=\"fusion-button-text\">Vedd fel vel\u00fcnk a kapcsolatot!<\/span><\/a><\/div><\/div><\/div><\/div><\/div><\/p>\n","protected":false},"excerpt":{"rendered":"","protected":false},"author":2,"featured_media":0,"parent":328,"menu_order":0,"comment_status":"closed","ping_status":"closed","template":"100-width.php","meta":{"footnotes":""},"class_list":["post-380","page","type-page","status-publish","hentry"],"_links":{"self":[{"href":"https:\/\/kresz.hu\/en\/wp-json\/wp\/v2\/pages\/380","targetHints":{"allow":["GET"]}}],"collection":[{"href":"https:\/\/kresz.hu\/en\/wp-json\/wp\/v2\/pages"}],"about":[{"href":"https:\/\/kresz.hu\/en\/wp-json\/wp\/v2\/types\/page"}],"author":[{"embeddable":true,"href":"https:\/\/kresz.hu\/en\/wp-json\/wp\/v2\/users\/2"}],"replies":[{"embeddable":true,"href":"https:\/\/kresz.hu\/en\/wp-json\/wp\/v2\/comments?post=380"}],"version-history":[{"count":7,"href":"https:\/\/kresz.hu\/en\/wp-json\/wp\/v2\/pages\/380\/revisions"}],"predecessor-version":[{"id":863,"href":"https:\/\/kresz.hu\/en\/wp-json\/wp\/v2\/pages\/380\/revisions\/863"}],"up":[{"embeddable":true,"href":"https:\/\/kresz.hu\/en\/wp-json\/wp\/v2\/pages\/328"}],"wp:attachment":[{"href":"https:\/\/kresz.hu\/en\/wp-json\/wp\/v2\/media?parent=380"}],"curies":[{"name":"wp","href":"https:\/\/api.w.org\/{rel}","templated":true}]}}