{"id":368,"date":"2024-10-25T16:31:04","date_gmt":"2024-10-25T14:31:04","guid":{"rendered":"https:\/\/kresz.hu\/?page_id=368"},"modified":"2025-01-24T09:58:14","modified_gmt":"2025-01-24T08:58:14","slug":"szerszamkeszites","status":"publish","type":"page","link":"https:\/\/kresz.hu\/en\/tevekenyseg\/szerszamkeszites\/","title":{"rendered":"Tool Manufacturing"},"content":{"rendered":"<p><div class=\"fusion-fullwidth fullwidth-box fusion-builder-row-1 fusion-flex-container has-pattern-background has-mask-background nonhundred-percent-fullwidth non-hundred-percent-height-scrolling\" style=\"--awb-background-position:right center;--awb-border-radius-top-left:0px;--awb-border-radius-top-right:0px;--awb-border-radius-bottom-right:0px;--awb-border-radius-bottom-left:0px;--awb-padding-top:25px;--awb-padding-bottom:20px;--awb-margin-top:0px;--awb-margin-bottom:100px;--awb-margin-bottom-small:50px;--awb-background-color:var(--awb-color5);--awb-background-image:linear-gradient(90deg, var(--awb-color5) 0%,#057dad 100%);--awb-background-size:cover;--awb-flex-wrap:wrap;--awb-box-shadow: 5px 10px 10px rgba(0,0,0,0.04);\" ><div class=\"fusion-builder-row fusion-row fusion-flex-align-items-flex-start fusion-flex-content-wrap\" style=\"max-width:1352px;margin-left: calc(-4% \/ 2 );margin-right: calc(-4% \/ 2 );\"><div class=\"fusion-layout-column fusion_builder_column fusion-builder-column-0 fusion_builder_column_1_1 1_1 fusion-flex-column\" style=\"--awb-padding-top:0px;--awb-padding-right:0px;--awb-padding-bottom:0px;--awb-padding-left:0px;--awb-bg-size:cover;--awb-width-large:100%;--awb-margin-top-large:0px;--awb-spacing-right-large:1.92%;--awb-margin-bottom-large:0px;--awb-spacing-left-large:1.92%;--awb-width-medium:100%;--awb-order-medium:0;--awb-spacing-right-medium:1.92%;--awb-spacing-left-medium:1.92%;--awb-width-small:100%;--awb-order-small:0;--awb-spacing-right-small:1.92%;--awb-spacing-left-small:1.92%;\" data-scroll-devices=\"small-visibility,medium-visibility,large-visibility\"><div class=\"fusion-column-wrapper fusion-column-has-shadow fusion-flex-justify-content-flex-start fusion-content-layout-column\"><div class=\"fusion-title title fusion-title-1 fusion-sep-none fusion-title-text fusion-title-size-one\" style=\"--awb-text-color:var(--awb-color1);\"><h1 class=\"fusion-title-heading title-heading-left sm-text-align-center fusion-responsive-typography-calculated\" style=\"margin:0;--fontSize:50;line-height:var(--awb-typography1-line-height);\">Szersz\u00e1mk\u00e9sz\u00edt\u00e9s<\/h1><\/div><\/div><\/div><\/div><\/div><div class=\"fusion-fullwidth fullwidth-box fusion-builder-row-2 fusion-flex-container has-pattern-background has-mask-background nonhundred-percent-fullwidth non-hundred-percent-height-scrolling\" style=\"--awb-border-radius-top-left:0px;--awb-border-radius-top-right:0px;--awb-border-radius-bottom-right:0px;--awb-border-radius-bottom-left:0px;--awb-margin-bottom:70px;--awb-flex-wrap:wrap;\" ><div class=\"fusion-builder-row fusion-row fusion-flex-align-items-flex-start fusion-flex-content-wrap\" style=\"max-width:1352px;margin-left: calc(-4% \/ 2 );margin-right: calc(-4% \/ 2 );\"><div class=\"fusion-layout-column fusion_builder_column fusion-builder-column-1 fusion_builder_column_3_5 3_5 fusion-flex-column\" style=\"--awb-bg-size:cover;--awb-width-large:60%;--awb-margin-top-large:0px;--awb-spacing-right-large:3.2%;--awb-margin-bottom-large:20px;--awb-spacing-left-large:3.2%;--awb-width-medium:60%;--awb-order-medium:0;--awb-spacing-right-medium:3.2%;--awb-spacing-left-medium:3.2%;--awb-width-small:100%;--awb-order-small:2;--awb-spacing-right-small:1.92%;--awb-spacing-left-small:1.92%;\" data-scroll-devices=\"small-visibility,medium-visibility,large-visibility\"><div class=\"fusion-column-wrapper fusion-column-has-shadow fusion-flex-justify-content-flex-start fusion-content-layout-column\"><div class=\"fusion-title title fusion-title-2 fusion-no-small-visibility fusion-sep-none fusion-title-text fusion-title-size-two fusion-animated\" style=\"--awb-margin-top:0px;--awb-margin-bottom:0px;--awb-margin-left:-50px;--awb-font-size:100px;\" data-animationType=\"fadeInRight\" data-animationDuration=\"1.0\" data-animationOffset=\"top-into-view\"><h2 class=\"fusion-title-heading title-heading-left sm-text-align-center fusion-responsive-typography-calculated\" style=\"margin:0;font-size:1em;--fontSize:100;line-height:0.9;\">Garant\u00e1lt min\u0151s\u00e9g<\/h2><\/div><div class=\"fusion-title title fusion-title-3 fusion-no-medium-visibility fusion-no-large-visibility fusion-sep-none fusion-title-text fusion-title-size-two fusion-animated\" style=\"--awb-margin-top:0px;--awb-margin-bottom-small:30px;--awb-font-size:80px;\" data-animationType=\"fadeInRight\" data-animationDuration=\"1.0\" data-animationOffset=\"top-into-view\"><h2 class=\"fusion-title-heading title-heading-left sm-text-align-center fusion-responsive-typography-calculated\" style=\"margin:0;font-size:1em;--fontSize:80;line-height:0.9;\">Garant\u00e1lt min\u0151s\u00e9g<\/h2><\/div><div class=\"fusion-text fusion-text-1 sm-text-align-center fusion-animated\" style=\"--awb-font-size:20px;--awb-text-color:var(--awb-color4);--awb-margin-top:-33px;--awb-text-font-family:&quot;Rubik&quot;;--awb-text-font-style:normal;--awb-text-font-weight:700;\" data-animationType=\"fadeInRight\" data-animationDuration=\"1.0\" data-animationDelay=\"0.5\" data-animationOffset=\"top-into-view\"><p>[Saj\u00e1t gy\u00e1rt\u00e1s saj\u00e1t g\u00e9pparkkal]<\/p>\n<\/div><div class=\"fusion-title title fusion-title-4 fusion-sep-none fusion-title-text fusion-title-size-three fusion-animated\" data-animationType=\"fadeInRight\" data-animationDuration=\"1.0\" data-animationDelay=\"0.5\" data-animationOffset=\"top-into-view\"><h3 class=\"fusion-title-heading title-heading-left sm-text-align-center fusion-responsive-typography-calculated\" style=\"margin:0;--fontSize:30;line-height:var(--awb-typography1-line-height);\">Szersz\u00e1mk\u00e9sz\u00edt\u00e9s szolg\u00e1ltat\u00e1s<\/h3><\/div><div class=\"fusion-separator fusion-full-width-sep\" style=\"align-self: center;margin-left: auto;margin-right: auto;margin-top:10px;margin-bottom:10px;width:100%;\"><\/div><div class=\"fusion-text fusion-text-2 fusion-animated\" data-animationType=\"fadeInRight\" data-animationDuration=\"1.0\" data-animationDelay=\"0.5\" data-animationOffset=\"top-into-view\"><p>A szersz\u00e1mk\u00e9sz\u00edt\u00e9sben CAD\/CAM alap\u00fa technol\u00f3gi\u00e1t, huzalszikra-forg\u00e1csol\u00f3 \u00e9s mar\u00f3 g\u00e9peket, valamint l\u00e9zerhegeszt\u0151 \u00e9s t\u00f6mbszikra forg\u00e1csol\u00f3 berendez\u00e9seket haszn\u00e1lunk. Megb\u00edzhat\u00f3 m\u00e9retpontoss\u00e1ggal k\u00e9sz\u00edt\u00fcnk fr\u00f6ccs\u00f6nt\u0151, nyom\u00e1sos \u00f6nt\u0151, v\u00e1kum, \u00e9s m\u00e9lyh\u00faz\u00f3 szersz\u00e1mokat.<\/p>\n<p style=\"padding-left: 40px;\"><span style=\"color: #99cc00;\"><strong>Fejleszt\u00e9seink eredm\u00e9nyek\u00e9ppen m\u0171k\u00f6dik a HSC mar\u00e1s, amellyel az edzett szersz\u00e1mlapok vagy bet\u00e9tek is gazdas\u00e1gosan megmunk\u00e1lhat\u00f3k.<\/strong><\/span><\/p>\n<p>Kih\u00edv\u00e1st jelent\u0151, bonyolult feladatokat is sikeresen megoldunk: ak\u00e1r speci\u00e1lis v\u00edzh\u0171t\u00e9s\u0171, befel\u00e9 mozg\u00f3 magokkal ell\u00e1tott szersz\u00e1mokat is k\u00e9pesek vagyunk megtervezni \u00e9s legy\u00e1rtani.<\/p>\n<p>Saj\u00e1t fejleszt\u00e9s\u0171 Maintenance Fast Track (MFT) rendszer\u00fcnk biztos\u00edtja, hogy a m\u0171anyag\u00fczemben haszn\u00e1lt szersz\u00e1mok meghib\u00e1sod\u00e1s\u00e1t szinte azonnal el tudjuk h\u00e1r\u00edtani \u2013 \u00edgy biztos\u00edtva a hat\u00e1rid\u0151re t\u00f6rt\u00e9n\u0151 gy\u00e1rt\u00e1st \u00e9s sz\u00e1ll\u00edt\u00e1st.<\/p>\n<\/div><\/div><\/div><div class=\"fusion-layout-column fusion_builder_column fusion-builder-column-2 fusion_builder_column_2_5 2_5 fusion-flex-column\" style=\"--awb-padding-right-small:0px;--awb-bg-size:cover;--awb-width-large:40%;--awb-margin-top-large:0px;--awb-spacing-right-large:4.8%;--awb-margin-bottom-large:20px;--awb-spacing-left-large:4.8%;--awb-width-medium:40%;--awb-order-medium:0;--awb-spacing-right-medium:4.8%;--awb-spacing-left-medium:4.8%;--awb-width-small:100%;--awb-order-small:1;--awb-spacing-right-small:1.92%;--awb-margin-bottom-small:30px;--awb-spacing-left-small:1.92%;\" data-scroll-devices=\"small-visibility,medium-visibility,large-visibility\"><div class=\"fusion-column-wrapper fusion-column-has-shadow fusion-flex-justify-content-flex-start fusion-content-layout-column\"><div class=\"fusion-image-element \" style=\"text-align:center;--awb-caption-title-font-family:var(--h2_typography-font-family);--awb-caption-title-font-weight:var(--h2_typography-font-weight);--awb-caption-title-font-style:var(--h2_typography-font-style);--awb-caption-title-size:var(--h2_typography-font-size);--awb-caption-title-transform:var(--h2_typography-text-transform);--awb-caption-title-line-height:var(--h2_typography-line-height);--awb-caption-title-letter-spacing:var(--h2_typography-letter-spacing);\"><span class=\" fusion-imageframe imageframe-none imageframe-1 hover-type-none fusion-animated\" data-animationType=\"fadeInLeft\" data-animationDuration=\"1.5\" data-animationOffset=\"top-into-view\"><img decoding=\"async\" width=\"604\" height=\"642\" title=\"szersz\u00e1mk\u00e9sz\u00edt\u00e9s\" src=\"https:\/\/kresz.hu\/wp-content\/uploads\/2024\/10\/szerszamkeszites.png\" alt class=\"img-responsive wp-image-369\" srcset=\"https:\/\/kresz.hu\/wp-content\/uploads\/2024\/10\/szerszamkeszites-200x213.png 200w, https:\/\/kresz.hu\/wp-content\/uploads\/2024\/10\/szerszamkeszites-400x425.png 400w, https:\/\/kresz.hu\/wp-content\/uploads\/2024\/10\/szerszamkeszites-600x638.png 600w, https:\/\/kresz.hu\/wp-content\/uploads\/2024\/10\/szerszamkeszites.png 604w\" sizes=\"(max-width: 800px) 100vw, 600px\" \/><\/span><\/div><\/div><\/div><div class=\"fusion-layout-column fusion_builder_column fusion-builder-column-3 fusion_builder_column_1_1 1_1 fusion-flex-column fusion-animated\" style=\"--awb-bg-size:cover;--awb-width-large:100%;--awb-margin-top-large:10px;--awb-spacing-right-large:1.92%;--awb-margin-bottom-large:50px;--awb-spacing-left-large:1.92%;--awb-width-medium:100%;--awb-order-medium:0;--awb-spacing-right-medium:1.92%;--awb-spacing-left-medium:1.92%;--awb-width-small:100%;--awb-order-small:3;--awb-spacing-right-small:1.92%;--awb-margin-bottom-small:30px;--awb-spacing-left-small:1.92%;\" data-animationType=\"fadeInLeft\" data-animationDuration=\"1.0\" data-animationOffset=\"top-into-view\" data-scroll-devices=\"small-visibility,medium-visibility,large-visibility\"><div class=\"fusion-column-wrapper fusion-column-has-shadow fusion-flex-justify-content-flex-start fusion-content-layout-column\"><div class=\"awb-gallery-wrapper awb-gallery-wrapper-1 button-span-no\" style=\"--more-btn-alignment:center;\"><div style=\"margin:-10px;--awb-bordersize:0px;--awb-border-radius:10px;\" class=\"fusion-gallery fusion-gallery-container fusion-grid-4 fusion-columns-total-4 fusion-gallery-layout-grid fusion-gallery-1\"><div style=\"padding:10px;\" class=\"fusion-grid-column fusion-gallery-column fusion-gallery-column-4 hover-type-none\"><div class=\"fusion-gallery-image\"><a href=\"https:\/\/kresz.hu\/wp-content\/uploads\/2024\/11\/KRESZ-3927.jpg\" rel=\"noreferrer\" data-rel=\"iLightbox[gallery_image_1]\" class=\"fusion-lightbox\" target=\"_self\"><img decoding=\"async\" src=\"https:\/\/kresz.hu\/wp-content\/uploads\/2024\/11\/KRESZ-3927-320x202.jpg\" width=\"320\" height=\"202\" alt=\"\" title=\"KRESZ-3927\" aria-label=\"KRESZ-3927\" class=\"img-responsive wp-image-851 fusion-gallery-image-size-fixed\" srcset=\"https:\/\/kresz.hu\/wp-content\/uploads\/2024\/11\/KRESZ-3927-320x202.jpg 320w, https:\/\/kresz.hu\/wp-content\/uploads\/2024\/11\/KRESZ-3927-700x441.jpg 700w\" sizes=\"(max-width: 320px) 100vw, 320px\" \/><\/a><\/div><\/div><div style=\"padding:10px;\" class=\"fusion-grid-column fusion-gallery-column fusion-gallery-column-4 hover-type-none\"><div class=\"fusion-gallery-image\"><a href=\"https:\/\/kresz.hu\/wp-content\/uploads\/2024\/11\/KRESZ-3975.jpg\" rel=\"noreferrer\" data-rel=\"iLightbox[gallery_image_1]\" class=\"fusion-lightbox\" target=\"_self\"><img decoding=\"async\" src=\"https:\/\/kresz.hu\/wp-content\/uploads\/2024\/11\/KRESZ-3975-320x202.jpg\" width=\"320\" height=\"202\" alt=\"\" title=\"KRESZ-3975\" aria-label=\"KRESZ-3975\" class=\"img-responsive wp-image-852 fusion-gallery-image-size-fixed\" srcset=\"https:\/\/kresz.hu\/wp-content\/uploads\/2024\/11\/KRESZ-3975-320x202.jpg 320w, https:\/\/kresz.hu\/wp-content\/uploads\/2024\/11\/KRESZ-3975-700x441.jpg 700w\" sizes=\"(max-width: 320px) 100vw, 320px\" \/><\/a><\/div><\/div><div style=\"padding:10px;\" class=\"fusion-grid-column fusion-gallery-column fusion-gallery-column-4 hover-type-none\"><div class=\"fusion-gallery-image\"><a href=\"https:\/\/kresz.hu\/wp-content\/uploads\/2024\/11\/KRESZ-4025.jpg\" rel=\"noreferrer\" data-rel=\"iLightbox[gallery_image_1]\" class=\"fusion-lightbox\" target=\"_self\"><img decoding=\"async\" src=\"https:\/\/kresz.hu\/wp-content\/uploads\/2024\/11\/KRESZ-4025-320x202.jpg\" width=\"320\" height=\"202\" alt=\"\" title=\"KRESZ-4025\" aria-label=\"KRESZ-4025\" class=\"img-responsive wp-image-853 fusion-gallery-image-size-fixed\" srcset=\"https:\/\/kresz.hu\/wp-content\/uploads\/2024\/11\/KRESZ-4025-320x202.jpg 320w, https:\/\/kresz.hu\/wp-content\/uploads\/2024\/11\/KRESZ-4025-700x441.jpg 700w\" sizes=\"(max-width: 320px) 100vw, 320px\" \/><\/a><\/div><\/div><div style=\"padding:10px;\" class=\"fusion-grid-column fusion-gallery-column fusion-gallery-column-4 hover-type-none\"><div class=\"fusion-gallery-image\"><a href=\"https:\/\/kresz.hu\/wp-content\/uploads\/2024\/11\/KRESZ-4542.jpg\" rel=\"noreferrer\" data-rel=\"iLightbox[gallery_image_1]\" class=\"fusion-lightbox\" target=\"_self\"><img decoding=\"async\" src=\"https:\/\/kresz.hu\/wp-content\/uploads\/2024\/11\/KRESZ-4542-320x202.jpg\" width=\"320\" height=\"202\" alt=\"\" title=\"KRESZ-4542\" aria-label=\"KRESZ-4542\" class=\"img-responsive wp-image-859 fusion-gallery-image-size-fixed\" srcset=\"https:\/\/kresz.hu\/wp-content\/uploads\/2024\/11\/KRESZ-4542-320x202.jpg 320w, https:\/\/kresz.hu\/wp-content\/uploads\/2024\/11\/KRESZ-4542-700x441.jpg 700w\" sizes=\"(max-width: 320px) 100vw, 320px\" \/><\/a><\/div><\/div><div class=\"clearfix\"><\/div><\/div><\/div><\/div><\/div><div class=\"fusion-layout-column fusion_builder_column fusion-builder-column-4 fusion_builder_column_1_2 1_2 fusion-flex-column\" style=\"--awb-bg-size:cover;--awb-width-large:50%;--awb-margin-top-large:0px;--awb-spacing-right-large:3.84%;--awb-margin-bottom-large:0px;--awb-spacing-left-large:3.84%;--awb-width-medium:50%;--awb-order-medium:0;--awb-spacing-right-medium:3.84%;--awb-spacing-left-medium:3.84%;--awb-width-small:100%;--awb-order-small:5;--awb-margin-top-small:0px;--awb-spacing-right-small:1.92%;--awb-margin-bottom-small:20px;--awb-spacing-left-small:1.92%;\" data-scroll-devices=\"small-visibility,medium-visibility,large-visibility\"><div class=\"fusion-column-wrapper fusion-column-has-shadow fusion-flex-justify-content-flex-start fusion-content-layout-column\"><div class=\"fusion-text fusion-text-3\"><p><strong>Munkafolyamataink:<\/strong><\/p>\n<\/div><ul style=\"--awb-line-height:27.2px;--awb-icon-width:27.2px;--awb-icon-height:27.2px;--awb-icon-margin:11.2px;--awb-content-margin:38.4px;--awb-circlecolor:var(--awb-color5);--awb-circle-yes-font-size:14.08px;\" class=\"fusion-checklist fusion-checklist-1 fusion-checklist-default type-icons\"><li class=\"fusion-li-item\" style=\"\"><span class=\"icon-wrapper circle-yes\"><i class=\"fusion-li-icon fa-arrow-right fas\" aria-hidden=\"true\"><\/i><\/span><div class=\"fusion-li-item-content\">Vev\u0151ink ig\u00e9nyeit szem el\u0151tt tartva megvizsg\u00e1ljuk, hogy az adott m\u0171anyag term\u00e9k gy\u00e1rthat\u00f3-e. Ha igen, akkor a szersz\u00e1mtervez\u00e9st is v\u00e1llaljuk.<\/div><\/li><li class=\"fusion-li-item\" style=\"\"><span class=\"icon-wrapper circle-yes\"><i class=\"fusion-li-icon fa-arrow-right fas\" aria-hidden=\"true\"><\/i><\/span><div class=\"fusion-li-item-content\">A tervez\u00e9si szakaszban folyamatosan tartjuk a kapcsolatot a megb\u00edz\u00f3val, a tervez\u00e9si el\u0151\u00edr\u00e1sok mellett a ciklussz\u00e1mot \u00e9s az egy\u00e9ni elk\u00e9pzel\u00e9seket is figyelembe vessz\u00fck.<\/div><\/li><li class=\"fusion-li-item\" style=\"\"><span class=\"icon-wrapper circle-yes\"><i class=\"fusion-li-icon fa-arrow-right fas\" aria-hidden=\"true\"><\/i><\/span><div class=\"fusion-li-item-content\">A terv j\u00f3v\u00e1hagy\u00e1sa ut\u00e1n el\u0151k\u00e9sz\u00edtj\u00fck a dokument\u00e1ci\u00f3t \u00e9s megtervezz\u00fck a teljes m\u0171veletsort. Ha a szersz\u00e1mpr\u00f3ba sikeres, a megrendel\u0151 v\u00e9gs\u0151 j\u00f3v\u00e1hagy\u00e1s\u00e1val indulhat a termel\u00e9s.<\/div><\/li><\/ul><div class=\"fusion-separator fusion-full-width-sep\" style=\"align-self: center;margin-left: auto;margin-right: auto;margin-top:10px;margin-bottom:10px;width:100%;\"><\/div><div class=\"fusion-text fusion-text-4\"><p><strong>Az MFT el\u0151nyei:<\/strong><\/p>\n<\/div><ul style=\"--awb-line-height:27.2px;--awb-icon-width:27.2px;--awb-icon-height:27.2px;--awb-icon-margin:11.2px;--awb-content-margin:38.4px;--awb-circlecolor:var(--awb-color5);--awb-circle-yes-font-size:14.08px;\" class=\"fusion-checklist fusion-checklist-2 fusion-checklist-default type-icons\"><li class=\"fusion-li-item\" style=\"\"><span class=\"icon-wrapper circle-yes\"><i class=\"fusion-li-icon fa-arrow-right fas\" aria-hidden=\"true\"><\/i><\/span><div class=\"fusion-li-item-content\">Ha fr\u00f6ccs\u00f6nt\u00e9s k\u00f6zben meghib\u00e1sodna a szersz\u00e1m, a tervezetten \u00e9s rugalmasan alak\u00edthat\u00f3 kapacit\u00e1s lehet\u0151v\u00e9 teszi, hogy ak\u00e1r p\u00e1r \u00f3r\u00e1n bel\u00fcl elv\u00e9gezz\u00fck a jav\u00edt\u00e1st \u00e9s elker\u00fclj\u00fck a hosszabb ideig tart\u00f3 termel\u00e9skies\u00e9st.<\/div><\/li><li class=\"fusion-li-item\" style=\"\"><span class=\"icon-wrapper circle-yes\"><i class=\"fusion-li-icon fa-arrow-right fas\" aria-hidden=\"true\"><\/i><\/span><div class=\"fusion-li-item-content\">V\u00e1llalatir\u00e1ny\u00edt\u00e1si rendszer\u00fcnk a ciklussz\u00e1mot figyelve jelzi, hogy mikor kell elv\u00e9gezni a szersz\u00e1mok megel\u0151z\u0151 karbantart\u00e1s\u00e1t, hogy minimaliz\u00e1lhassuk a meghib\u00e1sod\u00e1sok sz\u00e1m\u00e1t.<\/div><\/li><\/ul><\/div><\/div><div class=\"fusion-layout-column fusion_builder_column fusion-builder-column-5 fusion_builder_column_1_2 1_2 fusion-flex-column\" style=\"--awb-bg-size:cover;--awb-width-large:50%;--awb-margin-top-large:0px;--awb-spacing-right-large:3.84%;--awb-margin-bottom-large:0px;--awb-spacing-left-large:3.84%;--awb-width-medium:50%;--awb-order-medium:0;--awb-spacing-right-medium:3.84%;--awb-spacing-left-medium:3.84%;--awb-width-small:100%;--awb-order-small:5;--awb-margin-top-small:0px;--awb-spacing-right-small:1.92%;--awb-margin-bottom-small:0px;--awb-spacing-left-small:1.92%;\" data-scroll-devices=\"small-visibility,medium-visibility,large-visibility\"><div class=\"fusion-column-wrapper fusion-column-has-shadow fusion-flex-justify-content-flex-start fusion-content-layout-column\"><div class=\"fusion-text fusion-text-5\"><p><strong>Szersz\u00e1mgy\u00e1rt\u00e1sra alkalmas g\u00e9pparkunk:<\/strong><\/p>\n<\/div><ul style=\"--awb-line-height:27.2px;--awb-icon-width:27.2px;--awb-icon-height:27.2px;--awb-icon-margin:11.2px;--awb-content-margin:38.4px;--awb-circlecolor:var(--awb-color5);--awb-circle-yes-font-size:14.08px;\" class=\"fusion-checklist fusion-checklist-3 fusion-checklist-default type-icons\"><li class=\"fusion-li-item\" style=\"\"><span class=\"icon-wrapper circle-yes\"><i class=\"fusion-li-icon fa-arrow-right fas\" aria-hidden=\"true\"><\/i><\/span><div class=\"fusion-li-item-content\">\n<p><strong>Megmunk\u00e1l\u00f3 k\u00f6zpontok:<\/strong><\/p>\n<ul>\n<li>Hermle C32U:<br \/>\nMozg\u00e1startom\u00e1ny: 650 \u00d7 650 \u00d7 500<\/li>\n<li>Nct EML-850:<br \/>\nMozg\u00e1startom\u00e1ny: 850 \u00d7 500 \u00d7 550<\/li>\n<\/ul>\n<\/div><\/li><li class=\"fusion-li-item\" style=\"\"><span class=\"icon-wrapper circle-yes\"><i class=\"fusion-li-icon fa-arrow-right fas\" aria-hidden=\"true\"><\/i><\/span><div class=\"fusion-li-item-content\">\n<p><strong>Szikraforg\u00e1csol\u00f3k:<\/strong><\/p>\n<ul>\n<li>Agie Charmilles Form E600 t\u00f6mb szikraforg\u00e1csol\u00f3:<br \/>\nMozg\u00e1startom\u00e1ny: 600 \u00d7 400 \u00d7 400<\/li>\n<li>Moldmaster Yihawjet S602C t\u00f6mb szikraforg\u00e1csol\u00f3:<br \/>\nMozg\u00e1startom\u00e1ny: 400 \u00d7 300 \u00d7 180<\/li>\n<li>Fanuc robocut \u03b1-C400iB huzal szikraforg\u00e1csol\u00f3:<br \/>\nMozg\u00e1startom\u00e1ny: 400 \u00d7 300 \u00d7 255<\/li>\n<\/ul>\n<\/div><\/li><li class=\"fusion-li-item\" style=\"\"><span class=\"icon-wrapper circle-yes\"><i class=\"fusion-li-icon fa-arrow-right fas\" aria-hidden=\"true\"><\/i><\/span><div class=\"fusion-li-item-content\">\n<p><strong>Egy\u00e9b:<\/strong><\/p>\n<ul>\n<li>Proth PSGS 4080AHR s\u00edkk\u00f6sz\u00f6r\u0171:<br \/>\nAsztal m\u00e9ret: 400 \u00d7 800<\/li>\n<li>Alphalaser ALW 150 l\u00e9zeres hegeszt\u0151:<br \/>\nAsztal m\u00e9ret: 600 \u00d7 600<\/li>\n<\/ul>\n<\/div><\/li><\/ul><\/div><\/div><\/div><\/div><div class=\"fusion-fullwidth fullwidth-box fusion-builder-row-3 fusion-flex-container has-pattern-background has-mask-background fusion-parallax-fixed nonhundred-percent-fullwidth non-hundred-percent-height-scrolling\" style=\"--awb-background-position:right center;--awb-background-position-small:center center;--awb-border-radius-top-left:0px;--awb-border-radius-top-right:0px;--awb-border-radius-bottom-right:0px;--awb-border-radius-bottom-left:0px;--awb-padding-top:60px;--awb-padding-bottom:80px;--awb-background-color:var(--awb-color5);--awb-background-image:url(&quot;https:\/\/kresz.hu\/wp-content\/uploads\/2024\/10\/hatter-2.png&quot;);--awb-background-image-small:url(&#039;https:\/\/kresz.hu\/wp-content\/uploads\/2024\/10\/hatter-parallax-2.jpg&#039;);--awb-background-size:cover;--awb-flex-wrap:wrap;background-attachment:fixed;\" ><div class=\"fusion-builder-row fusion-row fusion-flex-align-items-flex-start fusion-flex-content-wrap\" style=\"max-width:1352px;margin-left: calc(-4% \/ 2 );margin-right: calc(-4% \/ 2 );\"><div class=\"fusion-layout-column fusion_builder_column fusion-builder-column-6 fusion_builder_column_2_3 2_3 fusion-flex-column\" style=\"--awb-bg-size:cover;--awb-width-large:66.666666666667%;--awb-margin-top-large:0px;--awb-spacing-right-large:2.88%;--awb-margin-bottom-large:0px;--awb-spacing-left-large:2.88%;--awb-width-medium:66.666666666667%;--awb-order-medium:0;--awb-spacing-right-medium:2.88%;--awb-spacing-left-medium:2.88%;--awb-width-small:100%;--awb-order-small:0;--awb-spacing-right-small:1.92%;--awb-spacing-left-small:1.92%;\" data-scroll-devices=\"small-visibility,medium-visibility,large-visibility\"><div class=\"fusion-column-wrapper fusion-column-has-shadow fusion-flex-justify-content-flex-start fusion-content-layout-column\"><div class=\"fusion-title title fusion-title-5 fusion-sep-none fusion-title-text fusion-title-size-three\" style=\"--awb-text-color:var(--awb-color1);--awb-margin-bottom:40px;--awb-margin-bottom-small:60px;--awb-font-size:30px;\"><h3 class=\"fusion-title-heading title-heading-left sm-text-align-center fusion-responsive-typography-calculated\" style=\"margin:0;font-size:1em;--fontSize:30;line-height:var(--awb-typography1-line-height);\">C\u00e9g\u00fcnkn\u00e9l a min\u0151s\u00e9g nem csup\u00e1n egy szlogen, hanem v\u00e1llalati filoz\u00f3fi\u00e1nk alapk\u00f6ve!<\/h3><\/div><div class=\"fusion-text fusion-text-6\" style=\"--awb-text-color:var(--awb-color1);\"><p>F\u00fcggetlen\u00fcl att\u00f3l, hogy kis sorozat\u00fa, h\u00f3napokon vagy ak\u00e1r \u00e9veken \u00e1t tart\u00f3 t\u00f6meggy\u00e1rt\u00e1sr\u00f3l van sz\u00f3, a min\u0151s\u00e9gi termel\u00e9s az egyetlen elfogadhat\u00f3 standard a sz\u00e1munkra.<\/p>\n<p><strong>Elk\u00f6telezetts\u00e9g\u00fcnk a min\u0151s\u00e9g ir\u00e1nt teh\u00e1t nem csup\u00e1n egy \u00edg\u00e9ret, hanem garancia is.<\/strong><\/p>\n<\/div><div class=\"fusion-separator fusion-full-width-sep\" style=\"align-self: center;margin-left: auto;margin-right: auto;margin-top:10px;margin-bottom:10px;width:100%;\"><\/div><div class=\"sm-text-align-center\"><a class=\"fusion-button button-flat button-xlarge button-custom fusion-button-default button-1 fusion-button-default-span fusion-button-default-type fusion-animated awb-b-icon-pos-left\" style=\"--button_accent_color:var(--awb-color5);--button_accent_hover_color:var(--awb-color1);--button_border_hover_color:var(--awb-color1);--button_gradient_top_color:var(--awb-color1);--button_gradient_bottom_color:var(--awb-color1);--button_gradient_top_color_hover:hsla(var(--awb-color4-h),calc(var(--awb-color4-s) + 5%),calc(var(--awb-color4-l) + 5%),var(--awb-color4-a));--button_gradient_bottom_color_hover:hsla(var(--awb-color4-h),calc(var(--awb-color4-s) + 5%),calc(var(--awb-color4-l) + 5%),var(--awb-color4-a));\" data-animationType=\"shake\" data-animationDuration=\"1.0\" data-animationOffset=\"top-into-view\" target=\"_self\" data-hover=\"icon_position\" href=\"https:\/\/kresz.hu\/kapcsolat\/\"><i class=\"fa-paper-plane fas button-icon-left\" aria-hidden=\"true\"><\/i><i class=\"fa-paper-plane fas button-icon-left\" aria-hidden=\"true\"><\/i><span class=\"fusion-button-text\">Vedd fel vel\u00fcnk a kapcsolatot!<\/span><\/a><\/div><\/div><\/div><\/div><\/div><\/p>\n","protected":false},"excerpt":{"rendered":"","protected":false},"author":2,"featured_media":0,"parent":328,"menu_order":0,"comment_status":"closed","ping_status":"closed","template":"100-width.php","meta":{"footnotes":""},"class_list":["post-368","page","type-page","status-publish","hentry"],"_links":{"self":[{"href":"https:\/\/kresz.hu\/en\/wp-json\/wp\/v2\/pages\/368","targetHints":{"allow":["GET"]}}],"collection":[{"href":"https:\/\/kresz.hu\/en\/wp-json\/wp\/v2\/pages"}],"about":[{"href":"https:\/\/kresz.hu\/en\/wp-json\/wp\/v2\/types\/page"}],"author":[{"embeddable":true,"href":"https:\/\/kresz.hu\/en\/wp-json\/wp\/v2\/users\/2"}],"replies":[{"embeddable":true,"href":"https:\/\/kresz.hu\/en\/wp-json\/wp\/v2\/comments?post=368"}],"version-history":[{"count":9,"href":"https:\/\/kresz.hu\/en\/wp-json\/wp\/v2\/pages\/368\/revisions"}],"predecessor-version":[{"id":896,"href":"https:\/\/kresz.hu\/en\/wp-json\/wp\/v2\/pages\/368\/revisions\/896"}],"up":[{"embeddable":true,"href":"https:\/\/kresz.hu\/en\/wp-json\/wp\/v2\/pages\/328"}],"wp:attachment":[{"href":"https:\/\/kresz.hu\/en\/wp-json\/wp\/v2\/media?parent=368"}],"curies":[{"name":"wp","href":"https:\/\/api.w.org\/{rel}","templated":true}]}}