{"id":340,"date":"2024-10-25T15:34:19","date_gmt":"2024-10-25T13:34:19","guid":{"rendered":"https:\/\/kresz.hu\/?page_id=340"},"modified":"2024-10-28T17:21:38","modified_gmt":"2024-10-28T16:21:38","slug":"froccsontes","status":"publish","type":"page","link":"https:\/\/kresz.hu\/en\/tevekenyseg\/froccsontes\/","title":{"rendered":"Injection Moulding"},"content":{"rendered":"<p><div class=\"fusion-fullwidth fullwidth-box fusion-builder-row-1 fusion-flex-container has-pattern-background has-mask-background nonhundred-percent-fullwidth non-hundred-percent-height-scrolling\" style=\"--awb-background-position:right center;--awb-border-radius-top-left:0px;--awb-border-radius-top-right:0px;--awb-border-radius-bottom-right:0px;--awb-border-radius-bottom-left:0px;--awb-padding-top:25px;--awb-padding-bottom:20px;--awb-margin-top:0px;--awb-margin-bottom:100px;--awb-margin-bottom-small:50px;--awb-background-color:var(--awb-color5);--awb-background-image:linear-gradient(90deg, var(--awb-color5) 0%,#057dad 100%);--awb-background-size:cover;--awb-flex-wrap:wrap;--awb-box-shadow: 5px 10px 10px rgba(0,0,0,0.04);\" ><div class=\"fusion-builder-row fusion-row fusion-flex-align-items-flex-start fusion-flex-content-wrap\" style=\"max-width:1352px;margin-left: calc(-4% \/ 2 );margin-right: calc(-4% \/ 2 );\"><div class=\"fusion-layout-column fusion_builder_column fusion-builder-column-0 fusion_builder_column_1_1 1_1 fusion-flex-column\" style=\"--awb-padding-top:0px;--awb-padding-right:0px;--awb-padding-bottom:0px;--awb-padding-left:0px;--awb-bg-size:cover;--awb-width-large:100%;--awb-margin-top-large:0px;--awb-spacing-right-large:1.92%;--awb-margin-bottom-large:0px;--awb-spacing-left-large:1.92%;--awb-width-medium:100%;--awb-order-medium:0;--awb-spacing-right-medium:1.92%;--awb-spacing-left-medium:1.92%;--awb-width-small:100%;--awb-order-small:0;--awb-spacing-right-small:1.92%;--awb-spacing-left-small:1.92%;\" data-scroll-devices=\"small-visibility,medium-visibility,large-visibility\"><div class=\"fusion-column-wrapper fusion-column-has-shadow fusion-flex-justify-content-flex-start fusion-content-layout-column\"><div class=\"fusion-title title fusion-title-1 fusion-sep-none fusion-title-text fusion-title-size-one\" style=\"--awb-text-color:var(--awb-color1);\"><h1 class=\"fusion-title-heading title-heading-left sm-text-align-center fusion-responsive-typography-calculated\" style=\"margin:0;--fontSize:50;line-height:var(--awb-typography1-line-height);\">Fr\u00f6ccs\u00f6nt\u00e9s<\/h1><\/div><\/div><\/div><\/div><\/div><div class=\"fusion-fullwidth fullwidth-box fusion-builder-row-2 fusion-flex-container has-pattern-background has-mask-background nonhundred-percent-fullwidth non-hundred-percent-height-scrolling\" style=\"--awb-border-radius-top-left:0px;--awb-border-radius-top-right:0px;--awb-border-radius-bottom-right:0px;--awb-border-radius-bottom-left:0px;--awb-flex-wrap:wrap;\" ><div class=\"fusion-builder-row fusion-row fusion-flex-align-items-flex-start fusion-flex-content-wrap\" style=\"max-width:1352px;margin-left: calc(-4% \/ 2 );margin-right: calc(-4% \/ 2 );\"><div class=\"fusion-layout-column fusion_builder_column fusion-builder-column-1 fusion_builder_column_3_5 3_5 fusion-flex-column\" style=\"--awb-bg-size:cover;--awb-width-large:60%;--awb-margin-top-large:0px;--awb-spacing-right-large:3.2%;--awb-margin-bottom-large:20px;--awb-spacing-left-large:3.2%;--awb-width-medium:60%;--awb-order-medium:0;--awb-spacing-right-medium:3.2%;--awb-spacing-left-medium:3.2%;--awb-width-small:100%;--awb-order-small:2;--awb-spacing-right-small:1.92%;--awb-spacing-left-small:1.92%;\" data-scroll-devices=\"small-visibility,medium-visibility,large-visibility\"><div class=\"fusion-column-wrapper fusion-column-has-shadow fusion-flex-justify-content-flex-start fusion-content-layout-column\"><div class=\"fusion-title title fusion-title-2 fusion-no-small-visibility fusion-sep-none fusion-title-text fusion-title-size-two fusion-animated\" style=\"--awb-margin-top:0px;--awb-margin-bottom:0px;--awb-margin-left:-50px;--awb-font-size:100px;\" data-animationType=\"fadeInRight\" data-animationDuration=\"1.0\" data-animationOffset=\"top-into-view\"><h2 class=\"fusion-title-heading title-heading-left sm-text-align-center fusion-responsive-typography-calculated\" style=\"margin:0;font-size:1em;--fontSize:100;line-height:0.9;\">Mert ez m\u0171anyag!<\/h2><\/div><div class=\"fusion-title title fusion-title-3 fusion-no-medium-visibility fusion-no-large-visibility fusion-sep-none fusion-title-text fusion-title-size-two fusion-animated\" style=\"--awb-margin-top:0px;--awb-margin-bottom-small:30px;--awb-font-size:80px;\" data-animationType=\"fadeInRight\" data-animationDuration=\"1.0\" data-animationOffset=\"top-into-view\"><h2 class=\"fusion-title-heading title-heading-left sm-text-align-center fusion-responsive-typography-calculated\" style=\"margin:0;font-size:1em;--fontSize:80;line-height:0.9;\">Mert ez m\u0171anyag!<\/h2><\/div><div class=\"fusion-text fusion-text-1 sm-text-align-center fusion-animated\" style=\"--awb-font-size:20px;--awb-text-color:var(--awb-color4);--awb-margin-top:-33px;--awb-text-font-family:&quot;Rubik&quot;;--awb-text-font-style:normal;--awb-text-font-weight:700;\" data-animationType=\"fadeInRight\" data-animationDuration=\"1.0\" data-animationDelay=\"0.5\" data-animationOffset=\"top-into-view\"><p>[\u00d6tletb\u0151l k\u00e9szterm\u00e9k]<\/p>\n<\/div><div class=\"fusion-title title fusion-title-4 fusion-sep-none fusion-title-text fusion-title-size-three fusion-animated\" data-animationType=\"fadeInRight\" data-animationDuration=\"1.0\" data-animationDelay=\"0.5\" data-animationOffset=\"top-into-view\"><h3 class=\"fusion-title-heading title-heading-left sm-text-align-center fusion-responsive-typography-calculated\" style=\"margin:0;--fontSize:30;line-height:var(--awb-typography1-line-height);\">Fr\u00f6ccs\u00f6nt\u00e9s szolg\u00e1ltat\u00e1s<\/h3><\/div><div class=\"fusion-separator fusion-full-width-sep\" style=\"align-self: center;margin-left: auto;margin-right: auto;margin-top:10px;margin-bottom:10px;width:100%;\"><\/div><div class=\"fusion-text fusion-text-2 fusion-animated\" data-animationType=\"fadeInRight\" data-animationDuration=\"1.0\" data-animationDelay=\"0.5\" data-animationOffset=\"top-into-view\"><p>A polimerfeldolgoz\u00e1si technol\u00f3gi\u00e1k k\u00f6z\u00e9 tartoz\u00f3 fr\u00f6ccs\u00f6nt\u00e9s lehet\u0151v\u00e9 teszi tetsz\u0151leges alak\u00fa 3D alkatr\u00e9szek \u00e9s term\u00e9kek gy\u00e1rt\u00e1s\u00e1t. A megolvasztott, nagy nyom\u00e1ssal z\u00e1rt szersz\u00e1mba injekt\u00e1lt, majd ott leh\u0171l\u0151 polimer szinte b\u00e1rmilyen v\u00e9gleges alakot felvehet. Az elj\u00e1r\u00e1s rendk\u00edv\u00fcl termel\u00e9keny \u00e9s j\u00f3l automatiz\u00e1lhat\u00f3.<\/p>\n<p style=\"padding-left: 40px;\"><span style=\"color: #99cc00;\"><strong>Fenntarthat\u00f3s\u00e1g szempontj\u00e1b\u00f3l a fr\u00f6ccs\u00f6nt\u00e9s gyakorlatilag hullad\u00e9kmentes feldolgoz\u00e1st biztos\u00edt sz\u00e1munkra, hisz a term\u00e9kek \u00fajrahasznos\u00edthat\u00f3k. Teh\u00e1t a fr\u00f6ccs\u00f6nt\u00e9s, amellett, hogy hat\u00e9kony folyamat, gazdas\u00e1gos megold\u00e1st k\u00edn\u00e1l a gy\u00e1rt\u00e1sban.<\/strong><\/span><\/p>\n<p>Kis- \u00e9s nagysz\u00e9ri\u00e1s termel\u00e9sre be\u00e1ll\u00edtott, robotiz\u00e1lt g\u00e9peinknek k\u00f6sz\u00f6nhet\u0151en folyamatosan, a nap 24 \u00f3r\u00e1j\u00e1ban k\u00e9pesek vagyunk a magas min\u0151s\u00e9g\u0171 gy\u00e1rt\u00e1sra.<br \/>\n\u00d6sszetett m\u0171veletsorokra k\u00e9pes robotjaink seg\u00edts\u00e9g\u00e9vel komplex alkatr\u00e9szek elk\u00e9sz\u00edt\u00e9s\u00e9t is k\u00f6nnyed\u00e9n megoldjuk.<\/p>\n<\/div><\/div><\/div><div class=\"fusion-layout-column fusion_builder_column fusion-builder-column-2 fusion_builder_column_2_5 2_5 fusion-flex-column\" style=\"--awb-padding-right-small:0px;--awb-bg-size:cover;--awb-width-large:40%;--awb-margin-top-large:0px;--awb-spacing-right-large:4.8%;--awb-margin-bottom-large:20px;--awb-spacing-left-large:4.8%;--awb-width-medium:40%;--awb-order-medium:0;--awb-spacing-right-medium:4.8%;--awb-spacing-left-medium:4.8%;--awb-width-small:100%;--awb-order-small:1;--awb-spacing-right-small:1.92%;--awb-margin-bottom-small:30px;--awb-spacing-left-small:1.92%;\" data-scroll-devices=\"small-visibility,medium-visibility,large-visibility\"><div class=\"fusion-column-wrapper fusion-column-has-shadow fusion-flex-justify-content-flex-start fusion-content-layout-column\"><div class=\"fusion-image-element \" style=\"text-align:center;--awb-caption-title-font-family:var(--h2_typography-font-family);--awb-caption-title-font-weight:var(--h2_typography-font-weight);--awb-caption-title-font-style:var(--h2_typography-font-style);--awb-caption-title-size:var(--h2_typography-font-size);--awb-caption-title-transform:var(--h2_typography-text-transform);--awb-caption-title-line-height:var(--h2_typography-line-height);--awb-caption-title-letter-spacing:var(--h2_typography-letter-spacing);\"><span class=\" fusion-imageframe imageframe-none imageframe-1 hover-type-none fusion-animated\" data-animationType=\"fadeInLeft\" data-animationDuration=\"1.5\" data-animationOffset=\"top-into-view\"><img decoding=\"async\" width=\"604\" height=\"642\" title=\"fr\u00f6ccs\u00f6nt\u00e9s\" src=\"https:\/\/kresz.hu\/wp-content\/uploads\/2024\/10\/froccsontes.png\" alt class=\"img-responsive wp-image-341\" srcset=\"https:\/\/kresz.hu\/wp-content\/uploads\/2024\/10\/froccsontes-200x213.png 200w, https:\/\/kresz.hu\/wp-content\/uploads\/2024\/10\/froccsontes-400x425.png 400w, https:\/\/kresz.hu\/wp-content\/uploads\/2024\/10\/froccsontes-600x638.png 600w, https:\/\/kresz.hu\/wp-content\/uploads\/2024\/10\/froccsontes.png 604w\" sizes=\"(max-width: 800px) 100vw, 600px\" \/><\/span><\/div><\/div><\/div><div class=\"fusion-layout-column fusion_builder_column fusion-builder-column-3 fusion_builder_column_1_1 1_1 fusion-flex-column fusion-animated\" style=\"--awb-padding-right-small:0px;--awb-bg-size:cover;--awb-width-large:100%;--awb-margin-top-large:0px;--awb-spacing-right-large:1.92%;--awb-margin-bottom-large:50px;--awb-spacing-left-large:1.92%;--awb-width-medium:100%;--awb-order-medium:0;--awb-spacing-right-medium:1.92%;--awb-spacing-left-medium:1.92%;--awb-width-small:100%;--awb-order-small:3;--awb-spacing-right-small:1.92%;--awb-margin-bottom-small:0px;--awb-spacing-left-small:1.92%;\" data-animationType=\"fadeInLeft\" data-animationDuration=\"1.0\" data-animationOffset=\"top-into-view\" data-scroll-devices=\"small-visibility,medium-visibility,large-visibility\"><div class=\"fusion-column-wrapper fusion-column-has-shadow fusion-flex-justify-content-flex-start fusion-content-layout-column\"><div class=\"awb-gallery-wrapper awb-gallery-wrapper-1 button-span-no\" style=\"--more-btn-alignment:center;\"><div style=\"margin:-10px;--awb-bordersize:0px;--awb-border-radius:10px;\" class=\"fusion-gallery fusion-gallery-container fusion-grid-3 fusion-columns-total-3 fusion-gallery-layout-grid fusion-gallery-1\"><div style=\"padding:10px;\" class=\"fusion-grid-column fusion-gallery-column fusion-gallery-column-3 hover-type-none\"><div class=\"fusion-gallery-image\"><a href=\"https:\/\/kresz.hu\/wp-content\/uploads\/2024\/10\/galeria-froccsontes-2.jpg\" rel=\"noreferrer\" data-rel=\"iLightbox[gallery_image_1]\" class=\"fusion-lightbox\" target=\"_self\"><img decoding=\"async\" src=\"https:\/\/kresz.hu\/wp-content\/uploads\/2024\/10\/galeria-froccsontes-2-460x295.jpg\" width=\"460\" height=\"295\" alt=\"\" title=\"gal\u00e9ria &#8211; fr\u00f6ccs\u00f6nt\u00e9s (2)\" aria-label=\"gal\u00e9ria &#8211; fr\u00f6ccs\u00f6nt\u00e9s (2)\" class=\"img-responsive wp-image-347 fusion-gallery-image-size-fixed\"  \/><\/a><\/div><\/div><div style=\"padding:10px;\" class=\"fusion-grid-column fusion-gallery-column fusion-gallery-column-3 hover-type-none\"><div class=\"fusion-gallery-image\"><a href=\"https:\/\/kresz.hu\/wp-content\/uploads\/2024\/10\/galeria-froccsontes-3.jpg\" rel=\"noreferrer\" data-rel=\"iLightbox[gallery_image_1]\" class=\"fusion-lightbox\" target=\"_self\"><img decoding=\"async\" src=\"https:\/\/kresz.hu\/wp-content\/uploads\/2024\/10\/galeria-froccsontes-3-460x295.jpg\" width=\"460\" height=\"295\" alt=\"\" title=\"gal\u00e9ria &#8211; fr\u00f6ccs\u00f6nt\u00e9s (3)\" aria-label=\"gal\u00e9ria &#8211; fr\u00f6ccs\u00f6nt\u00e9s (3)\" class=\"img-responsive wp-image-348 fusion-gallery-image-size-fixed\"  \/><\/a><\/div><\/div><div style=\"padding:10px;\" class=\"fusion-grid-column fusion-gallery-column fusion-gallery-column-3 hover-type-none\"><div class=\"fusion-gallery-image\"><a href=\"https:\/\/kresz.hu\/wp-content\/uploads\/2024\/10\/galeria-froccsontes-4.jpg\" rel=\"noreferrer\" data-rel=\"iLightbox[gallery_image_1]\" class=\"fusion-lightbox\" target=\"_self\"><img decoding=\"async\" src=\"https:\/\/kresz.hu\/wp-content\/uploads\/2024\/10\/galeria-froccsontes-4-460x295.jpg\" width=\"460\" height=\"295\" alt=\"\" title=\"gal\u00e9ria &#8211; fr\u00f6ccs\u00f6nt\u00e9s (4)\" aria-label=\"gal\u00e9ria &#8211; fr\u00f6ccs\u00f6nt\u00e9s (4)\" class=\"img-responsive wp-image-349 fusion-gallery-image-size-fixed\"  \/><\/a><\/div><\/div><div class=\"clearfix\"><\/div><\/div><\/div><\/div><\/div><div class=\"fusion-layout-column fusion_builder_column fusion-builder-column-4 fusion_builder_column_1_1 1_1 fusion-flex-column\" style=\"--awb-bg-size:cover;--awb-width-large:100%;--awb-margin-top-large:0px;--awb-spacing-right-large:1.92%;--awb-margin-bottom-large:0px;--awb-spacing-left-large:1.92%;--awb-width-medium:100%;--awb-order-medium:0;--awb-spacing-right-medium:1.92%;--awb-spacing-left-medium:1.92%;--awb-width-small:100%;--awb-order-small:4;--awb-margin-top-small:30px;--awb-spacing-right-small:1.92%;--awb-spacing-left-small:1.92%;\" data-scroll-devices=\"small-visibility,medium-visibility,large-visibility\"><div class=\"fusion-column-wrapper fusion-column-has-shadow fusion-flex-justify-content-flex-start fusion-content-layout-column\"><div class=\"fusion-text fusion-text-3\"><p>A folyamatos innov\u00e1ci\u00f3 rugalmass\u00e1gunk alapvet\u0151 felt\u00e9tele \u2013 partnereinkkel egy\u00fctt gondolkodva szinte b\u00e1rmilyen term\u00e9k\u00f6tletb\u0151l ki tudjuk fejleszteni a legy\u00e1rthat\u00f3 sz\u00e9ri\u00e1t. Ig\u00e9ny szerint \u00e1talak\u00edtjuk, tov\u00e1bbfejlesztj\u00fck vagy optimaliz\u00e1ljuk az adott term\u00e9ket, hogy megb\u00edz\u00f3ink m\u00e9g versenyk\u00e9pesebbek lehessenek a piacon. Munkafolyamatainkat proakt\u00edv szeml\u00e9lettel szervezz\u00fck. A 3D modellez\u00e9ssel v\u00e9gzett m\u00e9rn\u00f6ki munk\u00e1nak, az azt k\u00f6vet\u0151 tud\u00e1sintenz\u00edv termel\u00e9snek k\u00f6sz\u00f6nhet\u0151en a menedzsment m\u00e1r j\u00f3val a gy\u00e1rt\u00e1s megkezd\u00e9se el\u0151tt k\u00e9pes megel\u0151zni a vesztes\u00e9geket \u00e9s kisz\u0171rni a hibalehet\u0151s\u00e9geket.<\/p>\n<\/div><\/div><\/div><div class=\"fusion-layout-column fusion_builder_column fusion-builder-column-5 fusion_builder_column_1_1 1_1 fusion-flex-column\" style=\"--awb-bg-size:cover;--awb-width-large:100%;--awb-margin-top-large:0px;--awb-spacing-right-large:1.92%;--awb-margin-bottom-large:0px;--awb-spacing-left-large:1.92%;--awb-width-medium:100%;--awb-order-medium:0;--awb-spacing-right-medium:1.92%;--awb-spacing-left-medium:1.92%;--awb-width-small:100%;--awb-order-small:5;--awb-margin-top-small:0px;--awb-spacing-right-small:1.92%;--awb-margin-bottom-small:60px;--awb-spacing-left-small:1.92%;\" data-scroll-devices=\"small-visibility,medium-visibility,large-visibility\"><div class=\"fusion-column-wrapper fusion-column-has-shadow fusion-flex-justify-content-flex-start fusion-content-layout-column\"><ul style=\"--awb-line-height:27.2px;--awb-icon-width:27.2px;--awb-icon-height:27.2px;--awb-icon-margin:11.2px;--awb-content-margin:38.4px;--awb-circlecolor:var(--awb-color5);--awb-circle-yes-font-size:14.08px;\" class=\"fusion-checklist fusion-checklist-1 fusion-checklist-default type-icons\"><li class=\"fusion-li-item\" style=\"\"><span class=\"icon-wrapper circle-yes\"><i class=\"fusion-li-icon fa-arrow-right fas\" aria-hidden=\"true\"><\/i><\/span><div class=\"fusion-li-item-content\">Hidraulikus, elektromos vagy hibrid g\u00e9peink 96%-a automatiz\u00e1lt, ezek teljes k\u00f6r\u0171 v\u00e1llalatir\u00e1ny\u00edt\u00e1si rendszerbe integr\u00e1lva, online adatmenedzsmentben vez\u00e9relten m\u0171k\u00f6dnek.<\/div><\/li><li class=\"fusion-li-item\" style=\"\"><span class=\"icon-wrapper circle-yes\"><i class=\"fusion-li-icon fa-arrow-right fas\" aria-hidden=\"true\"><\/i><\/span><div class=\"fusion-li-item-content\">Overmolding eszk\u00f6zeink seg\u00edts\u00e9g\u00e9vel k\u00e9nyes alkatr\u00e9szek m\u0171anyagbor\u00edt\u00e1s\u00e1t is elv\u00e9gezz\u00fck.<\/div><\/li><li class=\"fusion-li-item\" style=\"\"><span class=\"icon-wrapper circle-yes\"><i class=\"fusion-li-icon fa-arrow-right fas\" aria-hidden=\"true\"><\/i><\/span><div class=\"fusion-li-item-content\">G\u00e9peink legnagyobb fr\u00f6ccs\u00f6nt\u00e9si t\u00e9rfogata 1.100 cm 3-ig terjed, szersz\u00e1maink z\u00e1r\u00f3ereje 100-3500 kN k\u00f6z\u00f6tt \u00e1ll\u00edthat\u00f3.<\/div><\/li><li class=\"fusion-li-item\" style=\"\"><span class=\"icon-wrapper circle-yes\"><i class=\"fusion-li-icon fa-arrow-right fas\" aria-hidden=\"true\"><\/i><\/span><div class=\"fusion-li-item-content\">Fr\u00f6ccs\u00f6nt\u00e9s profilunkat szersz\u00e1mtervez\u00e9ssel \u00e9s -k\u00e9sz\u00edt\u00e9ssel, valamint ig\u00e9ny szerinti \u00f6sszeszerel\u00e9ssel komplex, min\u0151s\u00e9gbiztos\u00edt\u00e1ssal fel\u00fcgyelt rendszerr\u00e9 b\u0151v\u00edtett\u00fck.<\/div><\/li><\/ul><div class=\"fusion-separator fusion-no-small-visibility fusion-full-width-sep\" style=\"align-self: center;margin-left: auto;margin-right: auto;margin-top:60px;width:100%;\"><div class=\"fusion-separator-border sep-single sep-solid\" style=\"--awb-height:20px;--awb-amount:20px;--awb-sep-color:var(--awb-color2);border-color:var(--awb-color2);border-top-width:1px;\"><\/div><\/div><\/div><\/div><\/div><\/div><div class=\"fusion-fullwidth fullwidth-box fusion-builder-row-3 fusion-flex-container has-pattern-background has-mask-background fusion-parallax-fixed nonhundred-percent-fullwidth non-hundred-percent-height-scrolling\" style=\"--awb-background-position:right center;--awb-background-position-small:center center;--awb-border-radius-top-left:0px;--awb-border-radius-top-right:0px;--awb-border-radius-bottom-right:0px;--awb-border-radius-bottom-left:0px;--awb-padding-top:60px;--awb-padding-bottom:80px;--awb-background-color:var(--awb-color5);--awb-background-image:url(&quot;https:\/\/kresz.hu\/wp-content\/uploads\/2024\/10\/hatter-2.png&quot;);--awb-background-image-small:url(&#039;https:\/\/kresz.hu\/wp-content\/uploads\/2024\/10\/hatter-parallax-2.jpg&#039;);--awb-background-size:cover;--awb-flex-wrap:wrap;background-attachment:fixed;\" ><div class=\"fusion-builder-row fusion-row fusion-flex-align-items-flex-start fusion-flex-content-wrap\" style=\"max-width:1352px;margin-left: calc(-4% \/ 2 );margin-right: calc(-4% \/ 2 );\"><div class=\"fusion-layout-column fusion_builder_column fusion-builder-column-6 fusion_builder_column_2_3 2_3 fusion-flex-column\" style=\"--awb-bg-size:cover;--awb-width-large:66.666666666667%;--awb-margin-top-large:0px;--awb-spacing-right-large:2.88%;--awb-margin-bottom-large:0px;--awb-spacing-left-large:2.88%;--awb-width-medium:66.666666666667%;--awb-order-medium:0;--awb-spacing-right-medium:2.88%;--awb-spacing-left-medium:2.88%;--awb-width-small:100%;--awb-order-small:0;--awb-spacing-right-small:1.92%;--awb-spacing-left-small:1.92%;\" data-scroll-devices=\"small-visibility,medium-visibility,large-visibility\"><div class=\"fusion-column-wrapper fusion-column-has-shadow fusion-flex-justify-content-flex-start fusion-content-layout-column\"><div class=\"fusion-title title fusion-title-5 fusion-sep-none fusion-title-text fusion-title-size-three\" style=\"--awb-text-color:var(--awb-color1);--awb-margin-bottom:40px;--awb-margin-bottom-small:60px;--awb-font-size:30px;\"><h3 class=\"fusion-title-heading title-heading-left sm-text-align-center fusion-responsive-typography-calculated\" style=\"margin:0;font-size:1em;--fontSize:30;line-height:var(--awb-typography1-line-height);\">C\u00e9g\u00fcnkn\u00e9l a min\u0151s\u00e9g nem csup\u00e1n egy szlogen, hanem v\u00e1llalati filoz\u00f3fi\u00e1nk alapk\u00f6ve!<\/h3><\/div><div class=\"fusion-text fusion-text-4\" style=\"--awb-text-color:var(--awb-color1);\"><p>F\u00fcggetlen\u00fcl att\u00f3l, hogy kis sorozat\u00fa, h\u00f3napokon vagy ak\u00e1r \u00e9veken \u00e1t tart\u00f3 t\u00f6meggy\u00e1rt\u00e1sr\u00f3l van sz\u00f3, a min\u0151s\u00e9gi termel\u00e9s az egyetlen elfogadhat\u00f3 standard a sz\u00e1munkra.<\/p>\n<p><strong>Elk\u00f6telezetts\u00e9g\u00fcnk a min\u0151s\u00e9g ir\u00e1nt teh\u00e1t nem csup\u00e1n egy \u00edg\u00e9ret, hanem garancia is.<\/strong><\/p>\n<\/div><div class=\"fusion-separator fusion-full-width-sep\" style=\"align-self: center;margin-left: auto;margin-right: auto;margin-top:10px;margin-bottom:10px;width:100%;\"><\/div><div class=\"sm-text-align-center\"><a class=\"fusion-button button-flat button-xlarge button-custom fusion-button-default button-1 fusion-button-default-span fusion-button-default-type fusion-animated awb-b-icon-pos-left\" style=\"--button_accent_color:var(--awb-color5);--button_accent_hover_color:var(--awb-color1);--button_border_hover_color:var(--awb-color1);--button_gradient_top_color:var(--awb-color1);--button_gradient_bottom_color:var(--awb-color1);--button_gradient_top_color_hover:hsla(var(--awb-color4-h),calc(var(--awb-color4-s) + 5%),calc(var(--awb-color4-l) + 5%),var(--awb-color4-a));--button_gradient_bottom_color_hover:hsla(var(--awb-color4-h),calc(var(--awb-color4-s) + 5%),calc(var(--awb-color4-l) + 5%),var(--awb-color4-a));\" data-animationType=\"shake\" data-animationDuration=\"1.0\" data-animationOffset=\"top-into-view\" target=\"_self\" data-hover=\"icon_position\" href=\"https:\/\/kresz.hu\/kapcsolat\/\"><i class=\"fa-paper-plane fas button-icon-left\" aria-hidden=\"true\"><\/i><i class=\"fa-paper-plane fas button-icon-left\" aria-hidden=\"true\"><\/i><span class=\"fusion-button-text\">Vedd fel vel\u00fcnk a kapcsolatot!<\/span><\/a><\/div><\/div><\/div><\/div><\/div><\/p>\n","protected":false},"excerpt":{"rendered":"","protected":false},"author":2,"featured_media":0,"parent":328,"menu_order":0,"comment_status":"closed","ping_status":"closed","template":"100-width.php","meta":{"footnotes":""},"class_list":["post-340","page","type-page","status-publish","hentry"],"_links":{"self":[{"href":"https:\/\/kresz.hu\/en\/wp-json\/wp\/v2\/pages\/340","targetHints":{"allow":["GET"]}}],"collection":[{"href":"https:\/\/kresz.hu\/en\/wp-json\/wp\/v2\/pages"}],"about":[{"href":"https:\/\/kresz.hu\/en\/wp-json\/wp\/v2\/types\/page"}],"author":[{"embeddable":true,"href":"https:\/\/kresz.hu\/en\/wp-json\/wp\/v2\/users\/2"}],"replies":[{"embeddable":true,"href":"https:\/\/kresz.hu\/en\/wp-json\/wp\/v2\/comments?post=340"}],"version-history":[{"count":22,"href":"https:\/\/kresz.hu\/en\/wp-json\/wp\/v2\/pages\/340\/revisions"}],"predecessor-version":[{"id":364,"href":"https:\/\/kresz.hu\/en\/wp-json\/wp\/v2\/pages\/340\/revisions\/364"}],"up":[{"embeddable":true,"href":"https:\/\/kresz.hu\/en\/wp-json\/wp\/v2\/pages\/328"}],"wp:attachment":[{"href":"https:\/\/kresz.hu\/en\/wp-json\/wp\/v2\/media?parent=340"}],"curies":[{"name":"wp","href":"https:\/\/api.w.org\/{rel}","templated":true}]}}